{"id":4400,"date":"2023-04-27T12:02:20","date_gmt":"2023-04-27T10:02:20","guid":{"rendered":"https:\/\/www.devinco.com\/hallbar-utveckling\/"},"modified":"2023-06-30T08:32:54","modified_gmt":"2023-06-30T06:32:54","slug":"hallbar-utveckling","status":"publish","type":"page","link":"https:\/\/www.devinco.com\/sv\/hallbar-utveckling\/","title":{"rendered":"H\u00e5llbar utveckling"},"content":{"rendered":"\n<div style=\"height:80px\" aria-hidden=\"true\" class=\"wp-block-spacer\"><\/div>\n\n\n\n<h1 class=\"wp-block-heading has-text-align-center has-neve-text-color-color has-text-color has-large-font-size\"><strong>H\u00e5llbarhet och socialt ansvar i Devinco<\/strong><\/h1>\n\n\n\n<div style=\"height:80px\" aria-hidden=\"true\" class=\"wp-block-spacer\"><\/div>\n\n\n\n<div id=\"wp-block-themeisle-blocks-advanced-columns-5e4b5303\" class=\"wp-block-themeisle-blocks-advanced-columns has-1-columns has-desktop-equal-layout has-tablet-equal-layout has-mobile-equal-layout has-vertical-unset\"><div class=\"wp-block-themeisle-blocks-advanced-columns-overlay\"><\/div><div class=\"innerblocks-wrap\">\n<div id=\"wp-block-themeisle-blocks-advanced-column-7fea6fd6\" class=\"wp-block-themeisle-blocks-advanced-column\">\n<p style=\"font-size:15px\">FN:s h\u00e5llbara utvecklingsm\u00e5l \u00e4r en global agenda f\u00f6r en h\u00e5llbar utveckling av v\u00e4rlden till 2030. De best\u00e5r av m\u00e5l och delm\u00e5l som tar itu med utmaningar f\u00f6r att utrota fattigdom, bek\u00e4mpa oj\u00e4mlikhet och stoppa klimatf\u00f6r\u00e4ndringarna.<\/p>\n\n\n\n<p style=\"font-size:15px\">Att arbeta med h\u00e5llbarhet \u00e4r ledstj\u00e4rnan f\u00f6r Devincos verksamhet. Detta omfattar hela v\u00e4rdekedjan, inte bara v\u00e5rt eget f\u00f6retag. Vi vill g\u00f6ra mer f\u00f6r att minska klimatb\u00f6rdan och ska fr\u00e4mja h\u00e5llbarhet f\u00f6r m\u00e4nniskor och f\u00f6retag.<\/p>\n\n\n\n<p style=\"font-size:15px\">V\u00e5ra produkter s\u00e4kerst\u00e4ller f\u00f6rb\u00e4ttrad resurshantering, detaljerad dokumentation av f\u00e4ltarbete och full kontroll \u00f6ver fordon, verktyg och utrustning. Detta resulterar i snabbare och mer korrekt fakturering och automatiserar manuella rutiner.<\/p>\n\n\n\n<div style=\"height:50px\" aria-hidden=\"true\" class=\"wp-block-spacer\"><\/div>\n\n\n\n<div id=\"wp-block-themeisle-blocks-advanced-columns-5cc368b9\" class=\"wp-block-themeisle-blocks-advanced-columns has-2-columns has-desktop-equal-layout has-tablet-equal-layout has-mobile-collapsedRows-layout has-vertical-unset\"><div class=\"wp-block-themeisle-blocks-advanced-columns-overlay\"><\/div><div class=\"innerblocks-wrap\">\n<div id=\"wp-block-themeisle-blocks-advanced-column-37aff569\" class=\"wp-block-themeisle-blocks-advanced-column\"><div class=\"wp-block-image is-style-default\">\n<figure class=\"aligncenter size-full\"><img loading=\"lazy\" decoding=\"async\" width=\"300\" height=\"300\" src=\"https:\/\/wwwtest.devinco.com\/wp-content\/uploads\/2023\/05\/9industri-innovasjon-og-infrastruktur-300x300-1.jpg\" alt=\"\" class=\"wp-image-4457\" srcset=\"https:\/\/www.devinco.com\/wp-content\/uploads\/2023\/05\/9industri-innovasjon-og-infrastruktur-300x300-1.jpg 300w, https:\/\/www.devinco.com\/wp-content\/uploads\/2023\/05\/9industri-innovasjon-og-infrastruktur-300x300-1-150x150.jpg 150w\" sizes=\"auto, (max-width: 300px) 100vw, 300px\" \/><\/figure>\n<\/div><\/div>\n\n\n\n<div id=\"wp-block-themeisle-blocks-advanced-column-f1bdd6f9\" class=\"wp-block-themeisle-blocks-advanced-column\">\n<p style=\"font-size:15px\">HSE\/KS-systemet som vi erbjuder som en del av SpeedyCraft och Mobile Worker-l\u00f6sningarna tar hand om alla aspekter av h\u00e4lsa, milj\u00f6, s\u00e4kerhet och kvalitetsarbete hos v\u00e5ra kunder, inklusive:<\/p>\n\n\n\n<ul class=\"wp-block-list\">\n<li style=\"font-size:15px\">Att etablera best practice i form av rutinbeskrivningar s\u00e4kerst\u00e4ller att kunderna har en plan f\u00f6r att utf\u00f6ra arbetet p\u00e5 r\u00e4tt s\u00e4tt med \u00f6verenskommen kvalitet.<\/li>\n\n\n\n<li style=\"font-size:15px\">Genom att dokumentera utf\u00f6rande med checklistor kan kunden fokusera p\u00e5 att implementera planen och leverera direkt.<\/li>\n\n\n\n<li style=\"font-size:15px\">Korrekt utf\u00f6rande f\u00f6rsta g\u00e5ngen minskar materialanv\u00e4ndning och k\u00f6rning, samtidigt som det s\u00e4kerst\u00e4ller god l\u00f6nsamhet.<\/li>\n\n\n\n<li style=\"font-size:15px\">Ett bra HMS-arbete hj\u00e4lper v\u00e5ra kunder att ta hand om sina egna medarbetare och sin h\u00e4lsa.<\/li>\n\n\n\n<li style=\"font-size:15px\">Systematisk registrering och hantering av avvikelser g\u00f6r att olyckor och fel hanteras v\u00e4l, och att kunden l\u00e4r sig och f\u00f6rb\u00e4ttrar sina egna rutiner.<\/li>\n<\/ul>\n<\/div>\n<\/div><\/div>\n<\/div>\n<\/div><\/div>\n\n\n\n<div style=\"height:80px\" aria-hidden=\"true\" class=\"wp-block-spacer\"><\/div>\n\n\n\n<div class=\"wp-block-cover alignfull\" style=\"min-height:463px;aspect-ratio:unset;\"><span aria-hidden=\"true\" class=\"wp-block-cover__background has-nv-text-dark-bg-background-color has-background-dim-30 has-background-dim\"><\/span><div class=\"wp-block-cover__inner-container is-layout-flow wp-block-cover-is-layout-flow\">\n<div style=\"height:80px\" aria-hidden=\"true\" class=\"wp-block-spacer\"><\/div>\n\n\n\n<div class=\"wp-block-columns is-layout-flex wp-container-core-columns-is-layout-9d6595d7 wp-block-columns-is-layout-flex\">\n<div class=\"wp-block-column ticss-f6fc7494 is-layout-flow wp-block-column-is-layout-flow\">\n<p class=\"has-neve-text-color-color has-text-color\" style=\"font-size:15px\">Genom att anv\u00e4nda ViaTracks elektroniska k\u00f6rjournal och Find utrustningskontroll bidrar vi i samarbete med v\u00e5ra kunder till h\u00e5llbara st\u00e4der och lokalsamh\u00e4llen och till att minska klimatf\u00f6r\u00e4ndringarna, bland annat med f\u00f6ljande funktioner:<\/p>\n\n\n\n<ul class=\"has-neve-text-color-color has-text-color wp-block-list\">\n<li style=\"font-size:15px\">Effektiv resursf\u00f6rdelning av fordon och flexibla rapporter f\u00f6r all k\u00f6rning (antal km, antal resor, v\u00e4gtullar, k\u00f6rtid per resa) drar nytta av ???.<\/li>\n\n\n\n<li style=\"font-size:15px\">Integration i arbetsordersystemet synligg\u00f6r kostnaderna f\u00f6r att anv\u00e4nda fordonen f\u00f6r varje projekt.<\/li>\n\n\n\n<li style=\"font-size:15px\">Funktionen f\u00f6r service och underh\u00e5ll bidrar till \u00f6kad trafiks\u00e4kerhet och att fordonen h\u00e5ller l\u00e4ngre.<\/li>\n\n\n\n<li style=\"font-size:15px\">Rapport f\u00f6r k\u00f6rbeteende (inklusive tomg\u00e5ng) kan bidra till minskad br\u00e4nslef\u00f6rbrukning och mer defensiv k\u00f6rning.<\/li>\n\n\n\n<li style=\"font-size:15px\">M\u00e4tning av utsl\u00e4pp fr\u00e5n bilar som drivs med fossilt br\u00e4nsle.<\/li>\n\n\n\n<li style=\"font-size:15px\">Find utrustningskontroll g\u00f6r det snabbare att hitta sin utrustning. Detta \u00f6kar livsl\u00e4ngden p\u00e5 utrustningen och minskar behovet av att k\u00f6pa nytt.<\/li>\n<\/ul>\n\n\n\n<div style=\"height:20px\" aria-hidden=\"true\" class=\"wp-block-spacer\"><\/div>\n<\/div>\n\n\n\n<div class=\"wp-block-column is-vertically-aligned-center ticss-a5b4df29 is-layout-flow wp-block-column-is-layout-flow\"><div class=\"wp-block-image is-style-default\">\n<figure class=\"aligncenter size-full\"><img loading=\"lazy\" decoding=\"async\" width=\"300\" height=\"300\" src=\"https:\/\/wwwtest.devinco.com\/wp-content\/uploads\/2023\/05\/300x300.jpg\" alt=\"\" class=\"wp-image-4460\" srcset=\"https:\/\/www.devinco.com\/wp-content\/uploads\/2023\/05\/300x300.jpg 300w, https:\/\/www.devinco.com\/wp-content\/uploads\/2023\/05\/300x300-150x150.jpg 150w\" sizes=\"auto, (max-width: 300px) 100vw, 300px\" \/><\/figure>\n<\/div><\/div>\n<\/div>\n\n\n\n<div style=\"height:80px\" aria-hidden=\"true\" class=\"wp-block-spacer\"><\/div>\n<\/div><\/div>\n\n\n\n<div style=\"height:80px\" aria-hidden=\"true\" class=\"wp-block-spacer\"><\/div>\n\n\n\n<div class=\"wp-block-cover alignfull\" style=\"min-height:751px;aspect-ratio:unset;\"><span aria-hidden=\"true\" class=\"wp-block-cover__background has-nv-site-bg-background-color has-background-dim-100 has-background-dim\"><\/span><div class=\"wp-block-cover__inner-container is-layout-flow wp-block-cover-is-layout-flow\">\n<div class=\"wp-block-columns is-layout-flex wp-container-core-columns-is-layout-9d6595d7 wp-block-columns-is-layout-flex\">\n<div class=\"wp-block-column ticss-a5b4df29 has-neve-text-color-color has-text-color is-layout-flow wp-block-column-is-layout-flow\">\n<h3 class=\"wp-block-heading has-text-align-left has-text-align-center has-neve-text-color-color has-text-color\" style=\"font-size:17px\"><strong>Vi har sj\u00e4lva tagit stora steg mot \u00f6kad h\u00e5llbarhet: Falkenborgvegen 36<\/strong><\/h3>\n\n\n\n<p class=\"has-neve-text-color-color has-text-color\" style=\"font-size:15px\">H\u00f6sten 2022 flyttade huvudkontoret in i en ny kontorsbyggnad p\u00e5 Falkenborgvegen 36 i Trondheim. Byggnaden \u00e4r certifierad av BREEAM-NOR, som \u00e4r Norges ledande milj\u00f6certifieringssystem f\u00f6r byggnader. Falkenborgveien 36 har certifieringen &#8221;Very Good&#8221;. Syftet med BREEAM-certifieringen \u00e4r att designa, bygga och driva byggnaden p\u00e5 ett s\u00e5 milj\u00f6v\u00e4nligt och energieffektivt s\u00e4tt som m\u00f6jligt. Det \u00e4r d\u00e4rf\u00f6r centralt att l\u00f6sningarna kopplade till de tekniska anl\u00e4ggningarna tas om hand och anv\u00e4nds p\u00e5 r\u00e4tt s\u00e4tt efter \u00f6vertagandet. Separata klimatr\u00e4kenskaper f\u00f6rs i samarbete med Fortum och Gr\u00f8nt Valg.<\/p>\n\n\n\n<p class=\"has-neve-text-color-color has-text-color\" style=\"font-size:15px\">Produktionen av ViaTracks och Find sker p\u00e5 v\u00e5rt huvudkontor i Trondheim. H\u00e4r v\u00e4ljs milj\u00f6v\u00e4nliga material i produktionsprocessen, f\u00f6rutom \u00e5teranv\u00e4ndning av produkter vid retur.<\/p>\n\n\n\n<p class=\"has-neve-text-color-color has-text-color\" style=\"font-size:15px\">Falkenborgvegen 36 ligger vid ett av Trondheims tre stora kollektivtrafikknutpunkter med n\u00e4rmare 1 500 dagliga bussavg\u00e5ngar och 40 t\u00e5gavg\u00e5ngar, s\u00e5 att det \u00e4r enkelt f\u00f6r anst\u00e4llda att anv\u00e4nda kollektivtrafiken till och fr\u00e5n jobbet. Byggnaden har inomhus cykelparkering, med tv\u00e4tt- och reparationsstation f\u00f6r cyklar. F\u00f6retaget erbjuder i princip alla sina anst\u00e4llda en parkeringsplats mot en avgift per plats. De av f\u00f6retagets anst\u00e4llda som v\u00e4ljer att avst\u00e5 sin plats till f\u00f6rm\u00e5n f\u00f6r alternativa transporter f\u00e5r ett presentkort.<\/p>\n\n\n\n<p class=\"has-neve-text-color-color has-text-color\" style=\"font-size:15px\">Mer \u00e4n 50 medarbetare fr\u00e5n olika nationaliteter \u00e4r viktiga bidragsgivare till fokus p\u00e5 arbete och utveckling f\u00f6r gemensam milj\u00f6nytta. Medarbetarna uppmuntras att anv\u00e4nda digitala kommunikationsmedel p\u00e5 olika plattformar. Detta bidrar positivt till minskade reseaktiviteter och ger betydligt f\u00e4rre analoga, mekaniska och pappersbaserade arbetsprocesser. <\/p>\n\n\n\n<p class=\"has-neve-text-color-color has-text-color\" style=\"font-size:15px\">Compass Group driver personalrestaurangen p\u00e5 Falkenborgvegen 36. De utg\u00e5r fr\u00e5n att bra mat \u00e4r v\u00e4gen till b\u00e4ttre h\u00e4lsa och ett bra liv och har sina fokusomr\u00e5den p\u00e5 matsvinn, sk\u00e4ra ner p\u00e5 plast och h\u00e4lsa p\u00e5 menyn.<\/p>\n\n\n\n<div style=\"height:60px\" aria-hidden=\"true\" class=\"wp-block-spacer\"><\/div>\n\n\n\n<div style=\"height:50px\" aria-hidden=\"true\" class=\"wp-block-spacer\"><\/div>\n\n\n\n<figure class=\"wp-block-gallery has-nested-images columns-default is-cropped wp-block-gallery-1 is-layout-flex wp-block-gallery-is-layout-flex\">\n<figure class=\"wp-block-image size-large\"><img loading=\"lazy\" decoding=\"async\" width=\"500\" height=\"600\" data-id=\"2909\" src=\"https:\/\/wwwtest.devinco.com\/wp-content\/uploads\/2023\/02\/Falkenborgvegen36500x600.jpg\" alt=\"\" class=\"wp-image-2909\" srcset=\"https:\/\/www.devinco.com\/wp-content\/uploads\/2023\/02\/Falkenborgvegen36500x600.jpg 500w, https:\/\/www.devinco.com\/wp-content\/uploads\/2023\/02\/Falkenborgvegen36500x600-250x300.jpg 250w\" sizes=\"auto, (max-width: 500px) 100vw, 500px\" \/><\/figure>\n\n\n\n<figure class=\"wp-block-image size-full\"><img loading=\"lazy\" decoding=\"async\" width=\"500\" height=\"600\" data-id=\"4467\" src=\"https:\/\/wwwtest.devinco.com\/wp-content\/uploads\/2023\/05\/kantine2.jpg\" alt=\"\" class=\"wp-image-4467\" srcset=\"https:\/\/www.devinco.com\/wp-content\/uploads\/2023\/05\/kantine2.jpg 500w, https:\/\/www.devinco.com\/wp-content\/uploads\/2023\/05\/kantine2-250x300.jpg 250w\" sizes=\"auto, (max-width: 500px) 100vw, 500px\" \/><\/figure>\n<\/figure>\n<\/div>\n<\/div>\n<\/div><\/div>\n\n\n\n<div style=\"height:100px\" aria-hidden=\"true\" class=\"wp-block-spacer\"><\/div>\n","protected":false},"excerpt":{"rendered":"<p>H\u00e5llbarhet och socialt ansvar i Devinco<\/p>\n","protected":false},"author":2,"featured_media":0,"parent":0,"menu_order":0,"comment_status":"closed","ping_status":"closed","template":"","meta":{"content-type":"","neve_meta_sidebar":"default","neve_meta_container":"","neve_meta_enable_content_width":"on","neve_meta_content_width":100,"neve_meta_title_alignment":"","neve_meta_author_avatar":"","neve_post_elements_order":"","neve_meta_disable_header":"","neve_meta_disable_footer":"","neve_meta_disable_title":"on","_themeisle_gutenberg_block_has_review":false,"footnotes":""},"class_list":["post-4400","page","type-page","status-publish","hentry"],"yoast_head":"<!-- This site is optimized with the Yoast SEO plugin v27.5 - https:\/\/yoast.com\/product\/yoast-seo-wordpress\/ -->\r\n<title>H\u00e5llbar utveckling - Devinco AS<\/title>\r\n<meta name=\"robots\" content=\"index, follow, max-snippet:-1, max-image-preview:large, max-video-preview:-1\" \/>\r\n<link rel=\"canonical\" href=\"https:\/\/www.devinco.com\/sv\/hallbar-utveckling\/\" \/>\r\n<meta property=\"og:locale\" content=\"sv_SE\" \/>\r\n<meta property=\"og:type\" content=\"article\" \/>\r\n<meta property=\"og:title\" content=\"H\u00e5llbar utveckling - Devinco AS\" \/>\r\n<meta property=\"og:description\" content=\"H\u00e5llbarhet och socialt ansvar i Devinco\" \/>\r\n<meta property=\"og:url\" content=\"https:\/\/www.devinco.com\/sv\/hallbar-utveckling\/\" \/>\r\n<meta property=\"og:site_name\" content=\"Devinco AS\" \/>\r\n<meta property=\"article:publisher\" content=\"https:\/\/www.facebook.com\/devinco.no\/\" \/>\r\n<meta property=\"article:modified_time\" content=\"2023-06-30T06:32:54+00:00\" \/>\r\n<meta property=\"og:image\" content=\"https:\/\/wwwtest.devinco.com\/wp-content\/uploads\/2023\/05\/9industri-innovasjon-og-infrastruktur-300x300-1.jpg\" \/>\r\n<meta name=\"twitter:card\" content=\"summary_large_image\" \/>\r\n<meta name=\"twitter:label1\" content=\"Ber\u00e4knad l\u00e4stid\" \/>\n\t<meta name=\"twitter:data1\" content=\"4 minuter\" \/>\r\n<script type=\"application\/ld+json\" class=\"yoast-schema-graph\">{\"@context\":\"https:\\\/\\\/schema.org\",\"@graph\":[{\"@type\":\"WebPage\",\"@id\":\"https:\\\/\\\/www.devinco.com\\\/sv\\\/hallbar-utveckling\\\/\",\"url\":\"https:\\\/\\\/www.devinco.com\\\/sv\\\/hallbar-utveckling\\\/\",\"name\":\"H\u00e5llbar utveckling - Devinco AS\",\"isPartOf\":{\"@id\":\"https:\\\/\\\/www.devinco.com\\\/#website\"},\"primaryImageOfPage\":{\"@id\":\"https:\\\/\\\/www.devinco.com\\\/sv\\\/hallbar-utveckling\\\/#primaryimage\"},\"image\":{\"@id\":\"https:\\\/\\\/www.devinco.com\\\/sv\\\/hallbar-utveckling\\\/#primaryimage\"},\"thumbnailUrl\":\"https:\\\/\\\/wwwtest.devinco.com\\\/wp-content\\\/uploads\\\/2023\\\/05\\\/9industri-innovasjon-og-infrastruktur-300x300-1.jpg\",\"datePublished\":\"2023-04-27T10:02:20+00:00\",\"dateModified\":\"2023-06-30T06:32:54+00:00\",\"breadcrumb\":{\"@id\":\"https:\\\/\\\/www.devinco.com\\\/sv\\\/hallbar-utveckling\\\/#breadcrumb\"},\"inLanguage\":\"sv-SE\",\"potentialAction\":[{\"@type\":\"ReadAction\",\"target\":[\"https:\\\/\\\/www.devinco.com\\\/sv\\\/hallbar-utveckling\\\/\"]}]},{\"@type\":\"ImageObject\",\"inLanguage\":\"sv-SE\",\"@id\":\"https:\\\/\\\/www.devinco.com\\\/sv\\\/hallbar-utveckling\\\/#primaryimage\",\"url\":\"https:\\\/\\\/wwwtest.devinco.com\\\/wp-content\\\/uploads\\\/2023\\\/05\\\/9industri-innovasjon-og-infrastruktur-300x300-1.jpg\",\"contentUrl\":\"https:\\\/\\\/wwwtest.devinco.com\\\/wp-content\\\/uploads\\\/2023\\\/05\\\/9industri-innovasjon-og-infrastruktur-300x300-1.jpg\"},{\"@type\":\"BreadcrumbList\",\"@id\":\"https:\\\/\\\/www.devinco.com\\\/sv\\\/hallbar-utveckling\\\/#breadcrumb\",\"itemListElement\":[{\"@type\":\"ListItem\",\"position\":1,\"name\":\"Home\",\"item\":\"https:\\\/\\\/www.devinco.com\\\/sv\\\/\"},{\"@type\":\"ListItem\",\"position\":2,\"name\":\"H\u00e5llbar utveckling\"}]},{\"@type\":\"WebSite\",\"@id\":\"https:\\\/\\\/www.devinco.com\\\/#website\",\"url\":\"https:\\\/\\\/www.devinco.com\\\/\",\"name\":\"Devinco AS\",\"description\":\"Digitale verkt\u00f8y for h\u00e5ndverkbransjen\",\"publisher\":{\"@id\":\"https:\\\/\\\/www.devinco.com\\\/#organization\"},\"potentialAction\":[{\"@type\":\"SearchAction\",\"target\":{\"@type\":\"EntryPoint\",\"urlTemplate\":\"https:\\\/\\\/www.devinco.com\\\/?s={search_term_string}\"},\"query-input\":{\"@type\":\"PropertyValueSpecification\",\"valueRequired\":true,\"valueName\":\"search_term_string\"}}],\"inLanguage\":\"sv-SE\"},{\"@type\":\"Organization\",\"@id\":\"https:\\\/\\\/www.devinco.com\\\/#organization\",\"name\":\"Devinco AS\",\"url\":\"https:\\\/\\\/www.devinco.com\\\/\",\"logo\":{\"@type\":\"ImageObject\",\"inLanguage\":\"sv-SE\",\"@id\":\"https:\\\/\\\/www.devinco.com\\\/#\\\/schema\\\/logo\\\/image\\\/\",\"url\":\"https:\\\/\\\/www.devinco.com\\\/wp-content\\\/uploads\\\/2023\\\/04\\\/Devinco_landscape_lgbg_WEB.png\",\"contentUrl\":\"https:\\\/\\\/www.devinco.com\\\/wp-content\\\/uploads\\\/2023\\\/04\\\/Devinco_landscape_lgbg_WEB.png\",\"width\":781,\"height\":150,\"caption\":\"Devinco AS\"},\"image\":{\"@id\":\"https:\\\/\\\/www.devinco.com\\\/#\\\/schema\\\/logo\\\/image\\\/\"},\"sameAs\":[\"https:\\\/\\\/www.facebook.com\\\/devinco.no\\\/\",\"https:\\\/\\\/no.linkedin.com\\\/company\\\/devinco\"]}]}<\/script>\r\n<!-- \/ Yoast SEO plugin. -->","yoast_head_json":{"title":"H\u00e5llbar utveckling - Devinco AS","robots":{"index":"index","follow":"follow","max-snippet":"max-snippet:-1","max-image-preview":"max-image-preview:large","max-video-preview":"max-video-preview:-1"},"canonical":"https:\/\/www.devinco.com\/sv\/hallbar-utveckling\/","og_locale":"sv_SE","og_type":"article","og_title":"H\u00e5llbar utveckling - Devinco AS","og_description":"H\u00e5llbarhet och socialt ansvar i Devinco","og_url":"https:\/\/www.devinco.com\/sv\/hallbar-utveckling\/","og_site_name":"Devinco AS","article_publisher":"https:\/\/www.facebook.com\/devinco.no\/","article_modified_time":"2023-06-30T06:32:54+00:00","og_image":[{"url":"https:\/\/wwwtest.devinco.com\/wp-content\/uploads\/2023\/05\/9industri-innovasjon-og-infrastruktur-300x300-1.jpg","type":"","width":"","height":""}],"twitter_card":"summary_large_image","twitter_misc":{"Ber\u00e4knad l\u00e4stid":"4 minuter"},"schema":{"@context":"https:\/\/schema.org","@graph":[{"@type":"WebPage","@id":"https:\/\/www.devinco.com\/sv\/hallbar-utveckling\/","url":"https:\/\/www.devinco.com\/sv\/hallbar-utveckling\/","name":"H\u00e5llbar utveckling - Devinco AS","isPartOf":{"@id":"https:\/\/www.devinco.com\/#website"},"primaryImageOfPage":{"@id":"https:\/\/www.devinco.com\/sv\/hallbar-utveckling\/#primaryimage"},"image":{"@id":"https:\/\/www.devinco.com\/sv\/hallbar-utveckling\/#primaryimage"},"thumbnailUrl":"https:\/\/wwwtest.devinco.com\/wp-content\/uploads\/2023\/05\/9industri-innovasjon-og-infrastruktur-300x300-1.jpg","datePublished":"2023-04-27T10:02:20+00:00","dateModified":"2023-06-30T06:32:54+00:00","breadcrumb":{"@id":"https:\/\/www.devinco.com\/sv\/hallbar-utveckling\/#breadcrumb"},"inLanguage":"sv-SE","potentialAction":[{"@type":"ReadAction","target":["https:\/\/www.devinco.com\/sv\/hallbar-utveckling\/"]}]},{"@type":"ImageObject","inLanguage":"sv-SE","@id":"https:\/\/www.devinco.com\/sv\/hallbar-utveckling\/#primaryimage","url":"https:\/\/wwwtest.devinco.com\/wp-content\/uploads\/2023\/05\/9industri-innovasjon-og-infrastruktur-300x300-1.jpg","contentUrl":"https:\/\/wwwtest.devinco.com\/wp-content\/uploads\/2023\/05\/9industri-innovasjon-og-infrastruktur-300x300-1.jpg"},{"@type":"BreadcrumbList","@id":"https:\/\/www.devinco.com\/sv\/hallbar-utveckling\/#breadcrumb","itemListElement":[{"@type":"ListItem","position":1,"name":"Home","item":"https:\/\/www.devinco.com\/sv\/"},{"@type":"ListItem","position":2,"name":"H\u00e5llbar utveckling"}]},{"@type":"WebSite","@id":"https:\/\/www.devinco.com\/#website","url":"https:\/\/www.devinco.com\/","name":"Devinco AS","description":"Digitale verkt\u00f8y for h\u00e5ndverkbransjen","publisher":{"@id":"https:\/\/www.devinco.com\/#organization"},"potentialAction":[{"@type":"SearchAction","target":{"@type":"EntryPoint","urlTemplate":"https:\/\/www.devinco.com\/?s={search_term_string}"},"query-input":{"@type":"PropertyValueSpecification","valueRequired":true,"valueName":"search_term_string"}}],"inLanguage":"sv-SE"},{"@type":"Organization","@id":"https:\/\/www.devinco.com\/#organization","name":"Devinco AS","url":"https:\/\/www.devinco.com\/","logo":{"@type":"ImageObject","inLanguage":"sv-SE","@id":"https:\/\/www.devinco.com\/#\/schema\/logo\/image\/","url":"https:\/\/www.devinco.com\/wp-content\/uploads\/2023\/04\/Devinco_landscape_lgbg_WEB.png","contentUrl":"https:\/\/www.devinco.com\/wp-content\/uploads\/2023\/04\/Devinco_landscape_lgbg_WEB.png","width":781,"height":150,"caption":"Devinco AS"},"image":{"@id":"https:\/\/www.devinco.com\/#\/schema\/logo\/image\/"},"sameAs":["https:\/\/www.facebook.com\/devinco.no\/","https:\/\/no.linkedin.com\/company\/devinco"]}]}},"_links":{"self":[{"href":"https:\/\/www.devinco.com\/sv\/wp-json\/wp\/v2\/pages\/4400","targetHints":{"allow":["GET"]}}],"collection":[{"href":"https:\/\/www.devinco.com\/sv\/wp-json\/wp\/v2\/pages"}],"about":[{"href":"https:\/\/www.devinco.com\/sv\/wp-json\/wp\/v2\/types\/page"}],"author":[{"embeddable":true,"href":"https:\/\/www.devinco.com\/sv\/wp-json\/wp\/v2\/users\/2"}],"replies":[{"embeddable":true,"href":"https:\/\/www.devinco.com\/sv\/wp-json\/wp\/v2\/comments?post=4400"}],"version-history":[{"count":13,"href":"https:\/\/www.devinco.com\/sv\/wp-json\/wp\/v2\/pages\/4400\/revisions"}],"predecessor-version":[{"id":4863,"href":"https:\/\/www.devinco.com\/sv\/wp-json\/wp\/v2\/pages\/4400\/revisions\/4863"}],"wp:attachment":[{"href":"https:\/\/www.devinco.com\/sv\/wp-json\/wp\/v2\/media?parent=4400"}],"curies":[{"name":"wp","href":"https:\/\/api.w.org\/{rel}","templated":true}]}}