{"id":4404,"date":"2023-04-04T10:21:07","date_gmt":"2023-04-04T08:21:07","guid":{"rendered":"https:\/\/www.devinco.com\/anvandarstod\/"},"modified":"2025-12-18T15:15:58","modified_gmt":"2025-12-18T13:15:58","slug":"anvandarstod","status":"publish","type":"page","link":"https:\/\/www.devinco.com\/sv\/anvandarstod\/","title":{"rendered":"Kundcenter"},"content":{"rendered":"\n<div class=\"wp-block-cover alignfull is-light\" style=\"min-height:430px;aspect-ratio:unset;\"><img loading=\"lazy\" decoding=\"async\" width=\"1920\" height=\"1080\" class=\"wp-block-cover__image-background wp-image-3368\" alt=\"\" src=\"https:\/\/wwwtest.devinco.com\/wp-content\/uploads\/2023\/04\/Untitled-2.jpg\" style=\"object-position:42% 24%\" data-object-fit=\"cover\" data-object-position=\"42% 24%\" srcset=\"https:\/\/www.devinco.com\/wp-content\/uploads\/2023\/04\/Untitled-2.jpg 1920w, https:\/\/www.devinco.com\/wp-content\/uploads\/2023\/04\/Untitled-2-300x169.jpg 300w, https:\/\/www.devinco.com\/wp-content\/uploads\/2023\/04\/Untitled-2-1024x576.jpg 1024w, https:\/\/www.devinco.com\/wp-content\/uploads\/2023\/04\/Untitled-2-768x432.jpg 768w, https:\/\/www.devinco.com\/wp-content\/uploads\/2023\/04\/Untitled-2-1536x864.jpg 1536w\" sizes=\"auto, (max-width: 1920px) 100vw, 1920px\" \/><span aria-hidden=\"true\" class=\"wp-block-cover__background has-neve-link-color-background-color has-background-dim-20 has-background-dim\"><\/span><div class=\"wp-block-cover__inner-container is-layout-flow wp-block-cover-is-layout-flow\">\n<h2 class=\"wp-block-heading has-text-align-center has-text-color has-x-large-font-size\" style=\"color:#ebeef0f7\"><\/h2>\n<\/div><\/div>\n\n\n\n<div style=\"height:38px\" aria-hidden=\"true\" class=\"wp-block-spacer\"><\/div>\n\n\n\n<div id=\"wp-block-themeisle-blocks-advanced-columns-91274296\" class=\"wp-block-themeisle-blocks-advanced-columns has-1-columns has-desktop-equal-layout has-tablet-equal-layout has-mobile-equal-layout has-vertical-unset\"><div class=\"wp-block-themeisle-blocks-advanced-columns-overlay\"><\/div><div class=\"innerblocks-wrap\">\n<div id=\"wp-block-themeisle-blocks-advanced-column-76c45766\" class=\"wp-block-themeisle-blocks-advanced-column has-light-bg\">\n<div id=\"wp-block-themeisle-blocks-font-awesome-icons-864264cd\" class=\"wp-block-themeisle-blocks-font-awesome-icons\"><span class=\"wp-block-themeisle-blocks-font-awesome-icons-container\"><i class=\"fas fa-hands-helping\"><\/i><\/span><\/div>\n\n\n\n<h3 class=\"wp-block-heading has-text-align-center has-text-color\" style=\"color:#2c2c2c;font-size:17px\">Vi finns h\u00e4r f\u00f6r dig!<\/h3>\n\n\n\n<p class=\"has-text-align-center\" style=\"font-size:15px\">P\u00e5 v\u00e5rt hj\u00e4lpcenter hittar du bruksanvisningar och svar p\u00e5 vanliga fr\u00e5gor f\u00f6r dig  som inloggad kund.<br> V\u00e5r support \u00e4r kostnadsfri f\u00f6r alla v\u00e5ra kunder, och finns tillg\u00e4nglig via telefon och e-post. Vi hj\u00e4lper dig med fr\u00e5gor i systemet samt erbjuder utbildning och genomg\u00e5ng av systemet. Kontakta oss g\u00e4rna f\u00f6r att boka in ett m\u00f6te.<\/p>\n<\/div>\n<\/div><\/div>\n\n\n\n<div id=\"wp-block-themeisle-blocks-advanced-columns-d38f4eb4\" class=\"wp-block-themeisle-blocks-advanced-columns has-1-columns has-desktop-equal-layout has-tablet-equal-layout has-mobile-equal-layout has-vertical-unset\"><div class=\"wp-block-themeisle-blocks-advanced-columns-overlay\"><\/div><div class=\"innerblocks-wrap\">\n<div id=\"wp-block-themeisle-blocks-advanced-column-b250ca8b\" class=\"wp-block-themeisle-blocks-advanced-column has-light-bg\">\n<div id=\"wp-block-themeisle-blocks-font-awesome-icons-5ac072fb\" class=\"wp-block-themeisle-blocks-font-awesome-icons\"><span class=\"wp-block-themeisle-blocks-font-awesome-icons-container\"><i class=\"fas fa-book-open\"><\/i><\/span><\/div>\n\n\n\n<h3 class=\"wp-block-heading has-text-align-center\" style=\"font-size:17px\"><strong>Hj\u00e4lpcenter<\/strong><\/h3>\n\n\n\n<p class=\"has-text-align-center\"><a href=\"https:\/\/support.devinco.com\/hc\/en-us\/categories\/360004341132-ViaTracks-Sverige\">Klicka h\u00e4r f\u00f6r att komma till hj\u00e4lpcentret<\/a> och logga in<\/p>\n\n\n\n<p class=\"has-text-align-center\">H\u00e4r kan du skicka in nya \u00e4renden, f\u00f6lja befintliga \u00e4renden och s\u00f6ka i v\u00e5r kunskapsdatabas.<\/p>\n<\/div>\n<\/div><\/div>\n\n\n\n<div id=\"wp-block-themeisle-blocks-advanced-columns-86876b74\" class=\"wp-block-themeisle-blocks-advanced-columns has-1-columns has-desktop-equal-layout has-tablet-equal-layout has-mobile-equal-layout has-vertical-unset\"><div class=\"wp-block-themeisle-blocks-advanced-columns-overlay\"><\/div><div class=\"innerblocks-wrap\">\n<div id=\"wp-block-themeisle-blocks-advanced-column-93d92caa\" class=\"wp-block-themeisle-blocks-advanced-column has-light-bg\">\n<div id=\"wp-block-themeisle-blocks-font-awesome-icons-9b06cad9\" class=\"wp-block-themeisle-blocks-font-awesome-icons\"><span class=\"wp-block-themeisle-blocks-font-awesome-icons-container\"><i class=\"fas fa-phone\"><\/i><\/span><\/div>\n\n\n\n<h3 class=\"wp-block-heading has-text-align-center\" style=\"font-size:17px\">\u00d6ppettider Devinco support: <\/h3>\n\n\n\n<p class=\"has-text-align-center\" style=\"font-size:15px\">M\u00e5n-Fre 08:00 \u2013 16:00<br><strong>Tlf : (+46) 010-550 89 20<\/strong><br>Epost: <a href=\"mailto:support@devinco.com\" target=\"_blank\" rel=\"noreferrer noopener\">support@devinco.com<\/a> <\/p>\n<\/div>\n<\/div><\/div>\n\n\n\n<div id=\"wp-block-themeisle-blocks-advanced-columns-0d79e8ec\" class=\"wp-block-themeisle-blocks-advanced-columns has-1-columns has-desktop-equal-layout has-tablet-equal-layout has-mobile-equal-layout has-vertical-unset\"><div class=\"wp-block-themeisle-blocks-advanced-columns-overlay\"><\/div><div class=\"innerblocks-wrap\">\n<div id=\"wp-block-themeisle-blocks-advanced-column-d997eec8\" class=\"wp-block-themeisle-blocks-advanced-column has-light-bg\">\n<div id=\"wp-block-themeisle-blocks-font-awesome-icons-6229aa42\" class=\"wp-block-themeisle-blocks-font-awesome-icons\"><span class=\"wp-block-themeisle-blocks-font-awesome-icons-container\"><i class=\"fas fa-desktop\"><\/i><\/span><\/div>\n\n\n\n<h3 class=\"wp-block-heading has-text-align-center\" style=\"font-size:17px\">Fj\u00e4rrstyrning<\/h3>\n\n\n\n<p class=\"has-text-align-center\" style=\"font-size:15px\"><a href=\"https:\/\/get.teamviewer.com\/devincosupport\">Fj\u00e4rrst\u00f6d Windows (starta Devinco Support f\u00f6r Windows)<\/a><\/p>\n\n\n\n<p class=\"has-text-align-center\" style=\"font-size:15px\"><a href=\"https:\/\/www.teamviewer.com\/no\/download\/mac\/\">Fj\u00e4rrstyrning Mac<\/a><\/p>\n\n\n\n<p class=\"has-text-align-center\" style=\"font-size:15px\"><a href=\"https:\/\/download.teamviewer.com\/download\/TeamViewerQS.apk\">TeamViewer QS<\/a><\/p>\n\n\n\n<p class=\"has-text-align-center\" style=\"font-size:15px\"><a href=\"https:\/\/go.teamviewer.com\/prjt8ry\">Devinco Demo<\/a><\/p>\n\n\n\n<p class=\"has-text-align-center\" style=\"font-size:15px\"><a rel=\"noreferrer noopener\" href=\"https:\/\/play.google.com\/store\/apps\/details?id=com.teamviewer.quicksupport.market&amp;hl=no\" target=\"_blank\">Fj\u00e4rrstyrning Android<\/a><\/p>\n<\/div>\n<\/div><\/div>\n\n\n\n<div style=\"height:129px\" aria-hidden=\"true\" class=\"wp-block-spacer\"><\/div>\n","protected":false},"excerpt":{"rendered":"","protected":false},"author":2,"featured_media":0,"parent":0,"menu_order":0,"comment_status":"closed","ping_status":"closed","template":"","meta":{"content-type":"","neve_meta_sidebar":"full-width","neve_meta_container":"","neve_meta_enable_content_width":"on","neve_meta_content_width":100,"neve_meta_title_alignment":"","neve_meta_author_avatar":"","neve_post_elements_order":"","neve_meta_disable_header":"","neve_meta_disable_footer":"","neve_meta_disable_title":"on","_themeisle_gutenberg_block_has_review":false,"footnotes":""},"class_list":["post-4404","page","type-page","status-publish","hentry"],"yoast_head":"<!-- This site is optimized with the Yoast SEO plugin v27.4 - https:\/\/yoast.com\/product\/yoast-seo-wordpress\/ -->\r\n<title>Kundcenter - Devinco AS<\/title>\r\n<meta name=\"robots\" content=\"index, follow, max-snippet:-1, max-image-preview:large, max-video-preview:-1\" \/>\r\n<link rel=\"canonical\" href=\"https:\/\/www.devinco.com\/sv\/anvandarstod\/\" \/>\r\n<meta property=\"og:locale\" content=\"sv_SE\" \/>\r\n<meta property=\"og:type\" content=\"article\" \/>\r\n<meta property=\"og:title\" content=\"Kundcenter - Devinco AS\" \/>\r\n<meta property=\"og:url\" content=\"https:\/\/www.devinco.com\/sv\/anvandarstod\/\" \/>\r\n<meta property=\"og:site_name\" content=\"Devinco AS\" \/>\r\n<meta property=\"article:publisher\" content=\"https:\/\/www.facebook.com\/devinco.no\/\" \/>\r\n<meta property=\"article:modified_time\" content=\"2025-12-18T13:15:58+00:00\" \/>\r\n<meta property=\"og:image\" content=\"https:\/\/www.devinco.com\/wp-content\/uploads\/2023\/04\/Untitled-2.jpg\" \/>\r\n\t<meta property=\"og:image:width\" content=\"1920\" \/>\r\n\t<meta property=\"og:image:height\" content=\"1080\" \/>\r\n\t<meta property=\"og:image:type\" content=\"image\/jpeg\" \/>\r\n<meta name=\"twitter:card\" content=\"summary_large_image\" \/>\r\n<meta name=\"twitter:label1\" content=\"Ber\u00e4knad l\u00e4stid\" \/>\n\t<meta name=\"twitter:data1\" content=\"1 minut\" \/>\r\n<script type=\"application\/ld+json\" class=\"yoast-schema-graph\">{\"@context\":\"https:\\\/\\\/schema.org\",\"@graph\":[{\"@type\":\"WebPage\",\"@id\":\"https:\\\/\\\/www.devinco.com\\\/sv\\\/anvandarstod\\\/\",\"url\":\"https:\\\/\\\/www.devinco.com\\\/sv\\\/anvandarstod\\\/\",\"name\":\"Kundcenter - Devinco AS\",\"isPartOf\":{\"@id\":\"https:\\\/\\\/www.devinco.com\\\/#website\"},\"primaryImageOfPage\":{\"@id\":\"https:\\\/\\\/www.devinco.com\\\/sv\\\/anvandarstod\\\/#primaryimage\"},\"image\":{\"@id\":\"https:\\\/\\\/www.devinco.com\\\/sv\\\/anvandarstod\\\/#primaryimage\"},\"thumbnailUrl\":\"https:\\\/\\\/wwwtest.devinco.com\\\/wp-content\\\/uploads\\\/2023\\\/04\\\/Untitled-2.jpg\",\"datePublished\":\"2023-04-04T08:21:07+00:00\",\"dateModified\":\"2025-12-18T13:15:58+00:00\",\"breadcrumb\":{\"@id\":\"https:\\\/\\\/www.devinco.com\\\/sv\\\/anvandarstod\\\/#breadcrumb\"},\"inLanguage\":\"sv-SE\",\"potentialAction\":[{\"@type\":\"ReadAction\",\"target\":[\"https:\\\/\\\/www.devinco.com\\\/sv\\\/anvandarstod\\\/\"]}]},{\"@type\":\"ImageObject\",\"inLanguage\":\"sv-SE\",\"@id\":\"https:\\\/\\\/www.devinco.com\\\/sv\\\/anvandarstod\\\/#primaryimage\",\"url\":\"https:\\\/\\\/wwwtest.devinco.com\\\/wp-content\\\/uploads\\\/2023\\\/04\\\/Untitled-2.jpg\",\"contentUrl\":\"https:\\\/\\\/wwwtest.devinco.com\\\/wp-content\\\/uploads\\\/2023\\\/04\\\/Untitled-2.jpg\"},{\"@type\":\"BreadcrumbList\",\"@id\":\"https:\\\/\\\/www.devinco.com\\\/sv\\\/anvandarstod\\\/#breadcrumb\",\"itemListElement\":[{\"@type\":\"ListItem\",\"position\":1,\"name\":\"Home\",\"item\":\"https:\\\/\\\/www.devinco.com\\\/sv\\\/\"},{\"@type\":\"ListItem\",\"position\":2,\"name\":\"Kundcenter\"}]},{\"@type\":\"WebSite\",\"@id\":\"https:\\\/\\\/www.devinco.com\\\/#website\",\"url\":\"https:\\\/\\\/www.devinco.com\\\/\",\"name\":\"Devinco AS\",\"description\":\"Digitale verkt\u00f8y for h\u00e5ndverkbransjen\",\"publisher\":{\"@id\":\"https:\\\/\\\/www.devinco.com\\\/#organization\"},\"potentialAction\":[{\"@type\":\"SearchAction\",\"target\":{\"@type\":\"EntryPoint\",\"urlTemplate\":\"https:\\\/\\\/www.devinco.com\\\/?s={search_term_string}\"},\"query-input\":{\"@type\":\"PropertyValueSpecification\",\"valueRequired\":true,\"valueName\":\"search_term_string\"}}],\"inLanguage\":\"sv-SE\"},{\"@type\":\"Organization\",\"@id\":\"https:\\\/\\\/www.devinco.com\\\/#organization\",\"name\":\"Devinco AS\",\"url\":\"https:\\\/\\\/www.devinco.com\\\/\",\"logo\":{\"@type\":\"ImageObject\",\"inLanguage\":\"sv-SE\",\"@id\":\"https:\\\/\\\/www.devinco.com\\\/#\\\/schema\\\/logo\\\/image\\\/\",\"url\":\"https:\\\/\\\/www.devinco.com\\\/wp-content\\\/uploads\\\/2023\\\/04\\\/Devinco_landscape_lgbg_WEB.png\",\"contentUrl\":\"https:\\\/\\\/www.devinco.com\\\/wp-content\\\/uploads\\\/2023\\\/04\\\/Devinco_landscape_lgbg_WEB.png\",\"width\":781,\"height\":150,\"caption\":\"Devinco AS\"},\"image\":{\"@id\":\"https:\\\/\\\/www.devinco.com\\\/#\\\/schema\\\/logo\\\/image\\\/\"},\"sameAs\":[\"https:\\\/\\\/www.facebook.com\\\/devinco.no\\\/\",\"https:\\\/\\\/no.linkedin.com\\\/company\\\/devinco\"]}]}<\/script>\r\n<!-- \/ Yoast SEO plugin. -->","yoast_head_json":{"title":"Kundcenter - Devinco AS","robots":{"index":"index","follow":"follow","max-snippet":"max-snippet:-1","max-image-preview":"max-image-preview:large","max-video-preview":"max-video-preview:-1"},"canonical":"https:\/\/www.devinco.com\/sv\/anvandarstod\/","og_locale":"sv_SE","og_type":"article","og_title":"Kundcenter - Devinco AS","og_url":"https:\/\/www.devinco.com\/sv\/anvandarstod\/","og_site_name":"Devinco AS","article_publisher":"https:\/\/www.facebook.com\/devinco.no\/","article_modified_time":"2025-12-18T13:15:58+00:00","og_image":[{"width":1920,"height":1080,"url":"https:\/\/www.devinco.com\/wp-content\/uploads\/2023\/04\/Untitled-2.jpg","type":"image\/jpeg"}],"twitter_card":"summary_large_image","twitter_misc":{"Ber\u00e4knad l\u00e4stid":"1 minut"},"schema":{"@context":"https:\/\/schema.org","@graph":[{"@type":"WebPage","@id":"https:\/\/www.devinco.com\/sv\/anvandarstod\/","url":"https:\/\/www.devinco.com\/sv\/anvandarstod\/","name":"Kundcenter - Devinco AS","isPartOf":{"@id":"https:\/\/www.devinco.com\/#website"},"primaryImageOfPage":{"@id":"https:\/\/www.devinco.com\/sv\/anvandarstod\/#primaryimage"},"image":{"@id":"https:\/\/www.devinco.com\/sv\/anvandarstod\/#primaryimage"},"thumbnailUrl":"https:\/\/wwwtest.devinco.com\/wp-content\/uploads\/2023\/04\/Untitled-2.jpg","datePublished":"2023-04-04T08:21:07+00:00","dateModified":"2025-12-18T13:15:58+00:00","breadcrumb":{"@id":"https:\/\/www.devinco.com\/sv\/anvandarstod\/#breadcrumb"},"inLanguage":"sv-SE","potentialAction":[{"@type":"ReadAction","target":["https:\/\/www.devinco.com\/sv\/anvandarstod\/"]}]},{"@type":"ImageObject","inLanguage":"sv-SE","@id":"https:\/\/www.devinco.com\/sv\/anvandarstod\/#primaryimage","url":"https:\/\/wwwtest.devinco.com\/wp-content\/uploads\/2023\/04\/Untitled-2.jpg","contentUrl":"https:\/\/wwwtest.devinco.com\/wp-content\/uploads\/2023\/04\/Untitled-2.jpg"},{"@type":"BreadcrumbList","@id":"https:\/\/www.devinco.com\/sv\/anvandarstod\/#breadcrumb","itemListElement":[{"@type":"ListItem","position":1,"name":"Home","item":"https:\/\/www.devinco.com\/sv\/"},{"@type":"ListItem","position":2,"name":"Kundcenter"}]},{"@type":"WebSite","@id":"https:\/\/www.devinco.com\/#website","url":"https:\/\/www.devinco.com\/","name":"Devinco AS","description":"Digitale verkt\u00f8y for h\u00e5ndverkbransjen","publisher":{"@id":"https:\/\/www.devinco.com\/#organization"},"potentialAction":[{"@type":"SearchAction","target":{"@type":"EntryPoint","urlTemplate":"https:\/\/www.devinco.com\/?s={search_term_string}"},"query-input":{"@type":"PropertyValueSpecification","valueRequired":true,"valueName":"search_term_string"}}],"inLanguage":"sv-SE"},{"@type":"Organization","@id":"https:\/\/www.devinco.com\/#organization","name":"Devinco AS","url":"https:\/\/www.devinco.com\/","logo":{"@type":"ImageObject","inLanguage":"sv-SE","@id":"https:\/\/www.devinco.com\/#\/schema\/logo\/image\/","url":"https:\/\/www.devinco.com\/wp-content\/uploads\/2023\/04\/Devinco_landscape_lgbg_WEB.png","contentUrl":"https:\/\/www.devinco.com\/wp-content\/uploads\/2023\/04\/Devinco_landscape_lgbg_WEB.png","width":781,"height":150,"caption":"Devinco AS"},"image":{"@id":"https:\/\/www.devinco.com\/#\/schema\/logo\/image\/"},"sameAs":["https:\/\/www.facebook.com\/devinco.no\/","https:\/\/no.linkedin.com\/company\/devinco"]}]}},"_links":{"self":[{"href":"https:\/\/www.devinco.com\/sv\/wp-json\/wp\/v2\/pages\/4404","targetHints":{"allow":["GET"]}}],"collection":[{"href":"https:\/\/www.devinco.com\/sv\/wp-json\/wp\/v2\/pages"}],"about":[{"href":"https:\/\/www.devinco.com\/sv\/wp-json\/wp\/v2\/types\/page"}],"author":[{"embeddable":true,"href":"https:\/\/www.devinco.com\/sv\/wp-json\/wp\/v2\/users\/2"}],"replies":[{"embeddable":true,"href":"https:\/\/www.devinco.com\/sv\/wp-json\/wp\/v2\/comments?post=4404"}],"version-history":[{"count":16,"href":"https:\/\/www.devinco.com\/sv\/wp-json\/wp\/v2\/pages\/4404\/revisions"}],"predecessor-version":[{"id":9584,"href":"https:\/\/www.devinco.com\/sv\/wp-json\/wp\/v2\/pages\/4404\/revisions\/9584"}],"wp:attachment":[{"href":"https:\/\/www.devinco.com\/sv\/wp-json\/wp\/v2\/media?parent=4404"}],"curies":[{"name":"wp","href":"https:\/\/api.w.org\/{rel}","templated":true}]}}