{"id":4473,"date":"2023-01-24T10:41:09","date_gmt":"2023-01-24T08:41:09","guid":{"rendered":"https:\/\/www.devinco.com\/viatracks\/"},"modified":"2026-03-09T11:54:09","modified_gmt":"2026-03-09T09:54:09","slug":"viatracks","status":"publish","type":"page","link":"https:\/\/www.devinco.com\/sv\/viatracks\/","title":{"rendered":"ViaTracks"},"content":{"rendered":"\n<div class=\"wp-block-cover alignfull is-light\"><video class=\"wp-block-cover__video-background intrinsic-ignore\" autoplay muted loop playsinline src=\"https:\/\/www.devinco.com\/wp-content\/uploads\/2023\/10\/ny_viatracks_banner.mp4\" style=\"object-position:50% 51%\" data-object-fit=\"cover\" data-object-position=\"50% 51%\"><\/video><span aria-hidden=\"true\" class=\"wp-block-cover__background has-background-dim-10 has-background-dim\"><\/span><div class=\"wp-block-cover__inner-container is-layout-flow wp-block-cover-is-layout-flow\">\n<p class=\"has-text-align-center has-large-font-size\"><\/p>\n<\/div><\/div>\n\n\n\n<div style=\"height:35px\" aria-hidden=\"true\" class=\"wp-block-spacer\"><\/div>\n\n\n\n<h1 class=\"wp-block-heading has-large-font-size\">ViaTracks elektroniska k\u00f6rjournal<\/h1>\n\n\n\n<hr class=\"wp-block-separator has-text-color has-nv-light-bg-color has-alpha-channel-opacity has-nv-light-bg-background-color has-background\"\/>\n\n\n\n<div id=\"wp-block-themeisle-blocks-advanced-columns-06890456\" class=\"wp-block-themeisle-blocks-advanced-columns has-2-columns has-desktop-equal-layout has-tablet-equal-layout has-mobile-collapsedRows-layout has-reverse-columns-mobile has-vertical-unset\"><div class=\"wp-block-themeisle-blocks-advanced-columns-overlay\"><\/div><div class=\"innerblocks-wrap\">\n<div id=\"wp-block-themeisle-blocks-advanced-column-4f565913\" class=\"wp-block-themeisle-blocks-advanced-column\">\n<div id=\"wp-block-themeisle-blocks-slider-ccefaeef\" class=\"wp-block-themeisle-blocks-slider glide ticss-ad6ffaa1\" data-per-view=\"1\" data-gap=\"0\" data-peek=\"0\" data-autoplay=\"false\" data-height=\"400px\" data-hide-arrows=\"false\" data-transition=\"linear\"><div class=\"glide__track\" data-glide-el=\"track\"><div class=\"glide__slides\"><div class=\"wp-block-themeisle-blocks-slider-item-wrapper glide__slide\" tabindex=\"0\"><figure><img decoding=\"async\" class=\"wp-block-themeisle-blocks-slider-item\" src=\"https:\/\/wwwtest.devinco.com\/wp-content\/uploads\/2023\/04\/ViaTracks-1.jpg\" alt=\"\" title=\"\" data-id=\"3434\"\/><\/figure><\/div><div class=\"wp-block-themeisle-blocks-slider-item-wrapper glide__slide\" tabindex=\"0\"><figure><img decoding=\"async\" class=\"wp-block-themeisle-blocks-slider-item\" src=\"https:\/\/wwwtest.devinco.com\/wp-content\/uploads\/2023\/04\/ViaTracks2.jpg\" alt=\"\" title=\"\" data-id=\"3435\"\/><\/figure><\/div><\/div><div class=\"glide__bullets\" data-glide-el=\"controls[nav]\"><button class=\"glide__bullet\" data-glide-dir=\"=0\"><\/button><button class=\"glide__bullet\" data-glide-dir=\"=1\"><\/button><\/div><\/div><\/div>\n<\/div>\n\n\n\n<div id=\"wp-block-themeisle-blocks-advanced-column-28c124e2\" class=\"wp-block-themeisle-blocks-advanced-column\">\n<h2 class=\"wp-block-heading has-text-color\" style=\"color:#323232;font-size:17px\">OM PRODUKTEN<\/h2>\n\n\n\n<p style=\"font-size:15px\">ViaTracks \u00e4r en komplett elektronisk k\u00f6rjournal som uppfyller myndigheternas krav p\u00e5 dokumentation. Som har allt du beh\u00f6ver f\u00f6r att komma ig\u00e5ng med automatisk registrering av resor.<\/p>\n\n\n\n<p style=\"font-size:15px\">Att manuellt f\u00f6ra k\u00f6rjournaler tar mycket tid och det \u00e4r l\u00e4tt att g\u00f6ra felanteckningar eller gl\u00f6mma resor. ViaTracks sparar alla resor automatiskt, och g\u00f6r all dokumentation l\u00e4ttillg\u00e4nglig f\u00f6r anv\u00e4ndare och f\u00f6retag. Ingen penna och papper. Inga p\u00e5 och av knappar. Bara du, bilen och ViaTracks.<\/p>\n\n\n\n<p style=\"font-size:15px\">V\u00e5r elektroniska k\u00f6rjournal st\u00f6djer b\u00e5de 4G\/5G vilket inneb\u00e4r att den aviserade avvecklingen av 2G\/3G-n\u00e4tverket inte kommer att p\u00e5verka v\u00e5ra kunder.<\/p>\n\n\n\n<div class=\"wp-block-buttons is-layout-flex wp-block-buttons-is-layout-flex\">\n<div class=\"wp-block-button is-style-secondary\"><a class=\"wp-block-button__link has-neve-text-color-color has-neve-link-hover-color-background-color has-text-color has-background wp-element-button\" href=\"https:\/\/www.devinco.com\/sv\/kontakt\/\" style=\"border-radius:0px\">KONTAKTA OSS<\/a><\/div>\n<\/div>\n<\/div>\n<\/div><\/div>\n\n\n\n<div style=\"height:70px\" aria-hidden=\"true\" class=\"wp-block-spacer\"><\/div>\n\n\n\n<div id=\"wp-block-themeisle-blocks-tabs-edb275ff\" class=\"wp-block-themeisle-blocks-tabs is-style-boxed\"><div class=\"wp-block-themeisle-blocks-tabs__content\">\n<div data-title=\"Funktioner\" class=\"wp-block-themeisle-blocks-tabs-item\"><div class=\"wp-block-themeisle-blocks-tabs-item__header\" tabindex=\"0\">Funktioner<\/div><div class=\"wp-block-themeisle-blocks-tabs-item__content\">\n<ul style=\"font-size:15px\" class=\"wp-block-list\">\n<li>Verktyg f\u00f6r att \u00f6vervaka leasingavtal<\/li>\n\n\n\n<li>Milj\u00f6 &amp; utsl\u00e4pps rapport\/statistik<\/li>\n\n\n\n<li>Automatisk registrering av v\u00e4gtullar och kostnader<\/li>\n\n\n\n<li>Automatisk f\u00f6raridentifiering om du har flera f\u00f6rare p\u00e5 samma bil.<\/li>\n\n\n\n<li>Automatisk uppdatering av k\u00f6rstr\u00e4cka per dag och \u00e5r<\/li>\n\n\n\n<li>Automatisk uppdatering av bilar i kartan med hj\u00e4lp av fleet management (valfri funktion)<\/li>\n\n\n\n<li>Noggrann m\u00e4tning av alla resor<\/li>\n\n\n\n<li>Tydligt och enkelt anv\u00e4ndargr\u00e4nssnitt<\/li>\n\n\n\n<li>Bra filtrering och flexibla s\u00f6km\u00f6jligheter p\u00e5 alla resor<\/li>\n\n\n\n<li>Enkel bockning f\u00f6r privata resor eller aff\u00e4rsresor<\/li>\n\n\n\n<li>Hela eller delar av k\u00f6rjournalen kan sparas eller skrivas ut som Excel-dokument<\/li>\n\n\n\n<li>Kan monteras av kunden sj\u00e4lv och kr\u00e4ver inget underh\u00e5ll.<\/li>\n<\/ul>\n<\/div><\/div>\n\n\n\n<div data-title=\"Integrationer\" class=\"wp-block-themeisle-blocks-tabs-item\"><div class=\"wp-block-themeisle-blocks-tabs-item__header\" tabindex=\"0\">Integrationer<\/div><div class=\"wp-block-themeisle-blocks-tabs-item__content\">\n<ul class=\"wp-block-list\">\n<li>Automatisk inmatning av k\u00f6rkostnader mot arbetsordern i SpeedyCraft och MobileWorker arbetsordersystem<\/li>\n\n\n\n<li>\u00d6verf\u00f6ring av k\u00f6rkostnader fr\u00e5n SpeedyCraft och MobileWorker till ekonomisystemet<\/li>\n\n\n\n<li>Automatisk inmatning av resans syfte fr\u00e5n arbetsorder i SpeedyCraft och MobileWorker till ViaTracks<\/li>\n\n\n\n<li>Full kontroll \u00f6ver k\u00f6rjournalen i SpeedyCraft och MobileWorker<\/li>\n<\/ul>\n<\/div><\/div>\n\n\n\n<div data-title=\"Sk\u00e4rmbilder\" class=\"wp-block-themeisle-blocks-tabs-item\"><div class=\"wp-block-themeisle-blocks-tabs-item__header\" tabindex=\"0\">Sk\u00e4rmbilder<\/div><div class=\"wp-block-themeisle-blocks-tabs-item__content\">\n<div id=\"wp-block-themeisle-blocks-advanced-columns-4e495cbb\" class=\"wp-block-themeisle-blocks-advanced-columns has-2-columns has-desktop-equal-layout has-tablet-equal-layout has-mobile-collapsedRows-layout has-vertical-unset\"><div class=\"wp-block-themeisle-blocks-advanced-columns-overlay\"><\/div><div class=\"innerblocks-wrap\">\n<div id=\"wp-block-themeisle-blocks-advanced-column-98317896\" class=\"wp-block-themeisle-blocks-advanced-column\">\n<figure class=\"wp-block-image size-large\"><img loading=\"lazy\" decoding=\"async\" width=\"1024\" height=\"1024\" src=\"https:\/\/www.devinco.com\/wp-content\/uploads\/2025\/10\/Nye-VT-skjermbilder_mobil_1-SV-1024x1024.png\" alt=\"\" class=\"wp-image-9454\" srcset=\"https:\/\/www.devinco.com\/wp-content\/uploads\/2025\/10\/Nye-VT-skjermbilder_mobil_1-SV-1024x1024.png 1024w, https:\/\/www.devinco.com\/wp-content\/uploads\/2025\/10\/Nye-VT-skjermbilder_mobil_1-SV-300x300.png 300w, https:\/\/www.devinco.com\/wp-content\/uploads\/2025\/10\/Nye-VT-skjermbilder_mobil_1-SV-150x150.png 150w, https:\/\/www.devinco.com\/wp-content\/uploads\/2025\/10\/Nye-VT-skjermbilder_mobil_1-SV-768x768.png 768w, https:\/\/www.devinco.com\/wp-content\/uploads\/2025\/10\/Nye-VT-skjermbilder_mobil_1-SV-75x75.png 75w, https:\/\/www.devinco.com\/wp-content\/uploads\/2025\/10\/Nye-VT-skjermbilder_mobil_1-SV.png 1080w\" sizes=\"auto, (max-width: 1024px) 100vw, 1024px\" \/><\/figure>\n<\/div>\n\n\n\n<div id=\"wp-block-themeisle-blocks-advanced-column-7309c90c\" class=\"wp-block-themeisle-blocks-advanced-column\">\n<figure class=\"wp-block-image size-large\"><img loading=\"lazy\" decoding=\"async\" width=\"1024\" height=\"1024\" src=\"https:\/\/www.devinco.com\/wp-content\/uploads\/2025\/10\/VT-web-screenshot_ny-1024x1024.png\" alt=\"\" class=\"wp-image-9423\" srcset=\"https:\/\/www.devinco.com\/wp-content\/uploads\/2025\/10\/VT-web-screenshot_ny-1024x1024.png 1024w, https:\/\/www.devinco.com\/wp-content\/uploads\/2025\/10\/VT-web-screenshot_ny-300x300.png 300w, https:\/\/www.devinco.com\/wp-content\/uploads\/2025\/10\/VT-web-screenshot_ny-150x150.png 150w, https:\/\/www.devinco.com\/wp-content\/uploads\/2025\/10\/VT-web-screenshot_ny-768x768.png 768w, https:\/\/www.devinco.com\/wp-content\/uploads\/2025\/10\/VT-web-screenshot_ny-75x75.png 75w, https:\/\/www.devinco.com\/wp-content\/uploads\/2025\/10\/VT-web-screenshot_ny.png 1080w\" sizes=\"auto, (max-width: 1024px) 100vw, 1024px\" \/><\/figure>\n<\/div>\n<\/div><\/div>\n<\/div><\/div>\n<\/div><\/div>\n\n\n\n<div style=\"height:100px\" aria-hidden=\"true\" class=\"wp-block-spacer\"><\/div>\n\n\n\n<hr class=\"wp-block-separator has-text-color has-nv-site-bg-color has-alpha-channel-opacity has-nv-site-bg-background-color has-background\"\/>\n\n\n\n<div id=\"wp-block-themeisle-blocks-advanced-columns-a2946a77\" class=\"wp-block-themeisle-blocks-advanced-columns alignfull has-1-columns has-desktop-equal-layout has-tablet-equal-layout has-mobile-collapsedRows-layout has-vertical-center ticss-a2946a77 has-light-bg\"><div class=\"wp-block-themeisle-blocks-advanced-columns-overlay\"><\/div><div class=\"innerblocks-wrap\">\n<div id=\"wp-block-themeisle-blocks-advanced-column-92b2db05\" class=\"wp-block-themeisle-blocks-advanced-column\">\n<div style=\"height:50px\" aria-hidden=\"true\" class=\"wp-block-spacer\"><\/div>\n\n\n\n<h2 class=\"wp-block-heading has-text-align-center has-large-font-size\">Vill du veta mer om ViaTracks?<\/h2>\n\n\n\n<p class=\"has-text-align-center has-text-color\" style=\"color:#4d4d4d;font-size:15px\">Att manuellt f\u00f6ra k\u00f6rjournaler tar mycket tid och det \u00e4r l\u00e4tt att g\u00f6ra fel eller gl\u00f6mma resor. ViaTracks sparar alla resor automatiskt, och g\u00f6r all dokumentation l\u00e4ttillg\u00e4nglig f\u00f6r anv\u00e4ndare och f\u00f6retag. Ingen penna och papper. Inga p\u00e5 och av knappar. Bara du, bilen och ViaTracks.<\/p>\n\n\n\n<div style=\"height:20px\" aria-hidden=\"true\" class=\"wp-block-spacer\"><\/div>\n\n\n\n<div class=\"wp-block-buttons is-content-justification-center is-layout-flex wp-container-core-buttons-is-layout-16018d1d wp-block-buttons-is-layout-flex\">\n<div class=\"wp-block-button is-style-secondary\"><a class=\"wp-block-button__link has-neve-text-color-color has-neve-link-hover-color-background-color has-text-color has-background wp-element-button\" href=\"https:\/\/www.devinco.com\/sv\/kontakt\/\" style=\"border-radius:0px\">Kontakta oss<\/a><\/div>\n<\/div>\n\n\n\n<div style=\"height:60px\" aria-hidden=\"true\" class=\"wp-block-spacer\"><\/div>\n<\/div>\n<\/div><\/div>\n\n\n\n<p><\/p>\n","protected":false},"excerpt":{"rendered":"<p>ViaTracks elektroniska k\u00f6rjournal<\/p>\n","protected":false},"author":2,"featured_media":0,"parent":0,"menu_order":0,"comment_status":"closed","ping_status":"closed","template":"","meta":{"content-type":"","neve_meta_sidebar":"default","neve_meta_container":"","neve_meta_enable_content_width":"on","neve_meta_content_width":100,"neve_meta_title_alignment":"","neve_meta_author_avatar":"","neve_post_elements_order":"","neve_meta_disable_header":"","neve_meta_disable_footer":"","neve_meta_disable_title":"on","_themeisle_gutenberg_block_has_review":false,"footnotes":""},"class_list":["post-4473","page","type-page","status-publish","hentry"],"yoast_head":"<!-- This site is optimized with the Yoast SEO plugin v27.2 - https:\/\/yoast.com\/product\/yoast-seo-wordpress\/ -->\r\n<title>ViaTracks - Elektroniska K\u00f6rjournal<\/title>\r\n<meta name=\"description\" content=\"Med ViaTracks f\u00e5 du en komplett elektronisk k\u00f6rjournal som uppfyller myndigheternas krav p\u00e5 dokumentation.\" \/>\r\n<meta name=\"robots\" content=\"index, follow, max-snippet:-1, max-image-preview:large, max-video-preview:-1\" \/>\r\n<link rel=\"canonical\" href=\"https:\/\/www.devinco.com\/sv\/viatracks\/\" \/>\r\n<meta property=\"og:locale\" content=\"sv_SE\" \/>\r\n<meta property=\"og:type\" content=\"article\" \/>\r\n<meta property=\"og:title\" content=\"ViaTracks - Elektroniska K\u00f6rjournal\" \/>\r\n<meta property=\"og:description\" content=\"Med ViaTracks f\u00e5 du en komplett elektronisk k\u00f6rjournal som uppfyller myndigheternas krav p\u00e5 dokumentation.\" \/>\r\n<meta property=\"og:url\" content=\"https:\/\/www.devinco.com\/sv\/viatracks\/\" \/>\r\n<meta property=\"og:site_name\" content=\"Devinco AS\" \/>\r\n<meta property=\"article:publisher\" content=\"https:\/\/www.facebook.com\/devinco.no\/\" \/>\r\n<meta property=\"article:modified_time\" content=\"2026-03-09T09:54:09+00:00\" \/>\r\n<meta property=\"og:image\" content=\"https:\/\/wwwtest.devinco.com\/wp-content\/uploads\/2023\/04\/ViaTracks-1.jpg\" \/>\r\n<meta name=\"twitter:card\" content=\"summary_large_image\" \/>\r\n<meta name=\"twitter:label1\" content=\"Ber\u00e4knad l\u00e4stid\" \/>\n\t<meta name=\"twitter:data1\" content=\"3 minuter\" \/>\r\n<script type=\"application\/ld+json\" class=\"yoast-schema-graph\">{\"@context\":\"https:\/\/schema.org\",\"@graph\":[{\"@type\":\"WebPage\",\"@id\":\"https:\/\/www.devinco.com\/sv\/viatracks\/\",\"url\":\"https:\/\/www.devinco.com\/sv\/viatracks\/\",\"name\":\"ViaTracks - Elektroniska K\u00f6rjournal\",\"isPartOf\":{\"@id\":\"https:\/\/www.devinco.com\/#website\"},\"primaryImageOfPage\":{\"@id\":\"https:\/\/www.devinco.com\/sv\/viatracks\/#primaryimage\"},\"image\":{\"@id\":\"https:\/\/www.devinco.com\/sv\/viatracks\/#primaryimage\"},\"thumbnailUrl\":\"https:\/\/wwwtest.devinco.com\/wp-content\/uploads\/2023\/04\/ViaTracks-1.jpg\",\"datePublished\":\"2023-01-24T08:41:09+00:00\",\"dateModified\":\"2026-03-09T09:54:09+00:00\",\"description\":\"Med ViaTracks f\u00e5 du en komplett elektronisk k\u00f6rjournal som uppfyller myndigheternas krav p\u00e5 dokumentation.\",\"breadcrumb\":{\"@id\":\"https:\/\/www.devinco.com\/sv\/viatracks\/#breadcrumb\"},\"inLanguage\":\"sv-SE\",\"potentialAction\":[{\"@type\":\"ReadAction\",\"target\":[\"https:\/\/www.devinco.com\/sv\/viatracks\/\"]}]},{\"@type\":\"ImageObject\",\"inLanguage\":\"sv-SE\",\"@id\":\"https:\/\/www.devinco.com\/sv\/viatracks\/#primaryimage\",\"url\":\"https:\/\/wwwtest.devinco.com\/wp-content\/uploads\/2023\/04\/ViaTracks-1.jpg\",\"contentUrl\":\"https:\/\/wwwtest.devinco.com\/wp-content\/uploads\/2023\/04\/ViaTracks-1.jpg\"},{\"@type\":\"BreadcrumbList\",\"@id\":\"https:\/\/www.devinco.com\/sv\/viatracks\/#breadcrumb\",\"itemListElement\":[{\"@type\":\"ListItem\",\"position\":1,\"name\":\"Home\",\"item\":\"https:\/\/www.devinco.com\/sv\/\"},{\"@type\":\"ListItem\",\"position\":2,\"name\":\"ViaTracks\"}]},{\"@type\":\"WebSite\",\"@id\":\"https:\/\/www.devinco.com\/#website\",\"url\":\"https:\/\/www.devinco.com\/\",\"name\":\"Devinco AS\",\"description\":\"Digitale verkt\u00f8y for h\u00e5ndverkbransjen\",\"publisher\":{\"@id\":\"https:\/\/www.devinco.com\/#organization\"},\"potentialAction\":[{\"@type\":\"SearchAction\",\"target\":{\"@type\":\"EntryPoint\",\"urlTemplate\":\"https:\/\/www.devinco.com\/?s={search_term_string}\"},\"query-input\":{\"@type\":\"PropertyValueSpecification\",\"valueRequired\":true,\"valueName\":\"search_term_string\"}}],\"inLanguage\":\"sv-SE\"},{\"@type\":\"Organization\",\"@id\":\"https:\/\/www.devinco.com\/#organization\",\"name\":\"Devinco AS\",\"url\":\"https:\/\/www.devinco.com\/\",\"logo\":{\"@type\":\"ImageObject\",\"inLanguage\":\"sv-SE\",\"@id\":\"https:\/\/www.devinco.com\/#\/schema\/logo\/image\/\",\"url\":\"https:\/\/www.devinco.com\/wp-content\/uploads\/2023\/04\/Devinco_landscape_lgbg_WEB.png\",\"contentUrl\":\"https:\/\/www.devinco.com\/wp-content\/uploads\/2023\/04\/Devinco_landscape_lgbg_WEB.png\",\"width\":781,\"height\":150,\"caption\":\"Devinco AS\"},\"image\":{\"@id\":\"https:\/\/www.devinco.com\/#\/schema\/logo\/image\/\"},\"sameAs\":[\"https:\/\/www.facebook.com\/devinco.no\/\",\"https:\/\/no.linkedin.com\/company\/devinco\"]}]}<\/script>\r\n<!-- \/ Yoast SEO plugin. -->","yoast_head_json":{"title":"ViaTracks - Elektroniska K\u00f6rjournal","description":"Med ViaTracks f\u00e5 du en komplett elektronisk k\u00f6rjournal som uppfyller myndigheternas krav p\u00e5 dokumentation.","robots":{"index":"index","follow":"follow","max-snippet":"max-snippet:-1","max-image-preview":"max-image-preview:large","max-video-preview":"max-video-preview:-1"},"canonical":"https:\/\/www.devinco.com\/sv\/viatracks\/","og_locale":"sv_SE","og_type":"article","og_title":"ViaTracks - Elektroniska K\u00f6rjournal","og_description":"Med ViaTracks f\u00e5 du en komplett elektronisk k\u00f6rjournal som uppfyller myndigheternas krav p\u00e5 dokumentation.","og_url":"https:\/\/www.devinco.com\/sv\/viatracks\/","og_site_name":"Devinco AS","article_publisher":"https:\/\/www.facebook.com\/devinco.no\/","article_modified_time":"2026-03-09T09:54:09+00:00","og_image":[{"url":"https:\/\/wwwtest.devinco.com\/wp-content\/uploads\/2023\/04\/ViaTracks-1.jpg","type":"","width":"","height":""}],"twitter_card":"summary_large_image","twitter_misc":{"Ber\u00e4knad l\u00e4stid":"3 minuter"},"schema":{"@context":"https:\/\/schema.org","@graph":[{"@type":"WebPage","@id":"https:\/\/www.devinco.com\/sv\/viatracks\/","url":"https:\/\/www.devinco.com\/sv\/viatracks\/","name":"ViaTracks - Elektroniska K\u00f6rjournal","isPartOf":{"@id":"https:\/\/www.devinco.com\/#website"},"primaryImageOfPage":{"@id":"https:\/\/www.devinco.com\/sv\/viatracks\/#primaryimage"},"image":{"@id":"https:\/\/www.devinco.com\/sv\/viatracks\/#primaryimage"},"thumbnailUrl":"https:\/\/wwwtest.devinco.com\/wp-content\/uploads\/2023\/04\/ViaTracks-1.jpg","datePublished":"2023-01-24T08:41:09+00:00","dateModified":"2026-03-09T09:54:09+00:00","description":"Med ViaTracks f\u00e5 du en komplett elektronisk k\u00f6rjournal som uppfyller myndigheternas krav p\u00e5 dokumentation.","breadcrumb":{"@id":"https:\/\/www.devinco.com\/sv\/viatracks\/#breadcrumb"},"inLanguage":"sv-SE","potentialAction":[{"@type":"ReadAction","target":["https:\/\/www.devinco.com\/sv\/viatracks\/"]}]},{"@type":"ImageObject","inLanguage":"sv-SE","@id":"https:\/\/www.devinco.com\/sv\/viatracks\/#primaryimage","url":"https:\/\/wwwtest.devinco.com\/wp-content\/uploads\/2023\/04\/ViaTracks-1.jpg","contentUrl":"https:\/\/wwwtest.devinco.com\/wp-content\/uploads\/2023\/04\/ViaTracks-1.jpg"},{"@type":"BreadcrumbList","@id":"https:\/\/www.devinco.com\/sv\/viatracks\/#breadcrumb","itemListElement":[{"@type":"ListItem","position":1,"name":"Home","item":"https:\/\/www.devinco.com\/sv\/"},{"@type":"ListItem","position":2,"name":"ViaTracks"}]},{"@type":"WebSite","@id":"https:\/\/www.devinco.com\/#website","url":"https:\/\/www.devinco.com\/","name":"Devinco AS","description":"Digitale verkt\u00f8y for h\u00e5ndverkbransjen","publisher":{"@id":"https:\/\/www.devinco.com\/#organization"},"potentialAction":[{"@type":"SearchAction","target":{"@type":"EntryPoint","urlTemplate":"https:\/\/www.devinco.com\/?s={search_term_string}"},"query-input":{"@type":"PropertyValueSpecification","valueRequired":true,"valueName":"search_term_string"}}],"inLanguage":"sv-SE"},{"@type":"Organization","@id":"https:\/\/www.devinco.com\/#organization","name":"Devinco AS","url":"https:\/\/www.devinco.com\/","logo":{"@type":"ImageObject","inLanguage":"sv-SE","@id":"https:\/\/www.devinco.com\/#\/schema\/logo\/image\/","url":"https:\/\/www.devinco.com\/wp-content\/uploads\/2023\/04\/Devinco_landscape_lgbg_WEB.png","contentUrl":"https:\/\/www.devinco.com\/wp-content\/uploads\/2023\/04\/Devinco_landscape_lgbg_WEB.png","width":781,"height":150,"caption":"Devinco AS"},"image":{"@id":"https:\/\/www.devinco.com\/#\/schema\/logo\/image\/"},"sameAs":["https:\/\/www.facebook.com\/devinco.no\/","https:\/\/no.linkedin.com\/company\/devinco"]}]}},"_links":{"self":[{"href":"https:\/\/www.devinco.com\/sv\/wp-json\/wp\/v2\/pages\/4473","targetHints":{"allow":["GET"]}}],"collection":[{"href":"https:\/\/www.devinco.com\/sv\/wp-json\/wp\/v2\/pages"}],"about":[{"href":"https:\/\/www.devinco.com\/sv\/wp-json\/wp\/v2\/types\/page"}],"author":[{"embeddable":true,"href":"https:\/\/www.devinco.com\/sv\/wp-json\/wp\/v2\/users\/2"}],"replies":[{"embeddable":true,"href":"https:\/\/www.devinco.com\/sv\/wp-json\/wp\/v2\/comments?post=4473"}],"version-history":[{"count":27,"href":"https:\/\/www.devinco.com\/sv\/wp-json\/wp\/v2\/pages\/4473\/revisions"}],"predecessor-version":[{"id":9686,"href":"https:\/\/www.devinco.com\/sv\/wp-json\/wp\/v2\/pages\/4473\/revisions\/9686"}],"wp:attachment":[{"href":"https:\/\/www.devinco.com\/sv\/wp-json\/wp\/v2\/media?parent=4473"}],"curies":[{"name":"wp","href":"https:\/\/api.w.org\/{rel}","templated":true}]}}