{"id":4487,"date":"2023-03-23T09:43:04","date_gmt":"2023-03-23T07:43:04","guid":{"rendered":"https:\/\/www.devinco.com\/speedycraft\/"},"modified":"2026-03-09T11:49:56","modified_gmt":"2026-03-09T09:49:56","slug":"speedycraft","status":"publish","type":"page","link":"https:\/\/www.devinco.com\/sv\/speedycraft\/","title":{"rendered":"SpeedyCraft"},"content":{"rendered":"\n<div class=\"wp-block-cover alignfull is-light\"><video class=\"wp-block-cover__video-background intrinsic-ignore\" autoplay muted loop playsinline src=\"https:\/\/wwwtest.devinco.com\/wp-content\/uploads\/2023\/04\/speedycraft_bannervideo_2023.mp4\" style=\"object-position:56% 40%\" data-object-fit=\"cover\" data-object-position=\"56% 40%\"><\/video><span aria-hidden=\"true\" class=\"wp-block-cover__background has-background-dim-10 has-background-dim\"><\/span><div class=\"wp-block-cover__inner-container is-layout-flow wp-block-cover-is-layout-flow\">\n<p class=\"has-text-align-center has-large-font-size\"><\/p>\n<\/div><\/div>\n\n\n\n<section id=\"wp-block-themeisle-blocks-advanced-columns-335a2f03\" class=\"wp-block-themeisle-blocks-advanced-columns has-1-columns has-desktop-equal-layout has-tablet-equal-layout has-mobile-equal-layout has-vertical-unset has-vertical-undefined\"><div class=\"wp-block-themeisle-blocks-advanced-columns-overlay\"><\/div><div class=\"innerblocks-wrap\">\n<div id=\"wp-block-themeisle-blocks-advanced-column-5d90343f\" class=\"wp-block-themeisle-blocks-advanced-column\">\n<h1 class=\"wp-block-heading has-large-font-size\">SpeedyCraft <\/h1>\n\n\n\n<hr class=\"wp-block-separator has-text-color has-nv-light-bg-color has-alpha-channel-opacity has-nv-light-bg-background-color has-background\"\/>\n\n\n\n<section id=\"wp-block-themeisle-blocks-advanced-columns-b2ead1d6\" class=\"wp-block-themeisle-blocks-advanced-columns has-2-columns has-desktop-equal-layout has-tablet-collapsedRows-layout has-mobile-collapsedRows-layout has-vertical-center\"><div class=\"wp-block-themeisle-blocks-advanced-columns-overlay\"><\/div><div class=\"innerblocks-wrap\">\n<div id=\"wp-block-themeisle-blocks-advanced-column-5f9a9ec0\" class=\"wp-block-themeisle-blocks-advanced-column\"><div class=\"wp-block-image\">\n<figure class=\"aligncenter size-full\"><img loading=\"lazy\" decoding=\"async\" width=\"319\" height=\"605\" src=\"https:\/\/www.devinco.com\/wp-content\/uploads\/2025\/01\/SC-app-visual-4.png\" alt=\"\" class=\"wp-image-7790\" srcset=\"https:\/\/www.devinco.com\/wp-content\/uploads\/2025\/01\/SC-app-visual-4.png 319w, https:\/\/www.devinco.com\/wp-content\/uploads\/2025\/01\/SC-app-visual-4-158x300.png 158w\" sizes=\"auto, (max-width: 319px) 100vw, 319px\" \/><\/figure>\n<\/div><\/div>\n\n\n\n<div id=\"wp-block-themeisle-blocks-advanced-column-7c705a1c\" class=\"wp-block-themeisle-blocks-advanced-column\">\n<p><\/p>\n\n\n\n<h2 class=\"wp-block-heading has-medium-font-size\">OM PRODUKTEN<\/h2>\n\n\n\n<p>SpeedyCraft \u00e4r ett mobilt arbetsorder system som synkroniserar timmar, kostnader, checklistor och material mellan f\u00e4ltarbetare och kontoret.<br><br><\/p>\n\n\n\n<div class=\"wp-block-buttons is-layout-flex wp-block-buttons-is-layout-flex\">\n<div class=\"wp-block-button is-style-secondary\"><a class=\"wp-block-button__link wp-element-button\" href=\"https:\/\/www.devinco.com\/sv\/kontakt\/\">Kontakta oss<\/a><\/div>\n<\/div>\n<\/div>\n<\/div><\/section>\n<\/div>\n<\/div><\/section>\n\n\n\n<div style=\"height:70px\" aria-hidden=\"true\" class=\"wp-block-spacer\"><\/div>\n\n\n\n<div id=\"wp-block-themeisle-blocks-tabs-edb275ff\" class=\"wp-block-themeisle-blocks-tabs is-style-boxed\"><div class=\"wp-block-themeisle-blocks-tabs__content\">\n<div data-title=\"Funktioner\" class=\"wp-block-themeisle-blocks-tabs-item\"><div class=\"wp-block-themeisle-blocks-tabs-item__header\" tabindex=\"0\">Funktioner<\/div><div class=\"wp-block-themeisle-blocks-tabs-item__content\">\n<div class=\"wp-block-columns is-layout-flex wp-container-core-columns-is-layout-9d6595d7 wp-block-columns-is-layout-flex\">\n<div class=\"wp-block-column is-layout-flow wp-block-column-is-layout-flow\">\n<ul class=\"wp-block-list\">\n<li>Arbets- och serviceorder<\/li>\n\n\n\n<li>Material\/artiklar<\/li>\n\n\n\n<li>Serviceobjekt<\/li>\n\n\n\n<li>Lagerhantering<\/li>\n\n\n\n<li>Skapa arbetsorder i app<\/li>\n\n\n\n<li>Dokumentation\/bilder<\/li>\n\n\n\n<li>Signering av checklista i App<\/li>\n<\/ul>\n<\/div>\n\n\n\n<div class=\"wp-block-column is-layout-flow wp-block-column-is-layout-flow\">\n<ul class=\"wp-block-list\">\n<li>Offline app<\/li>\n\n\n\n<li>Resursplanl\u00e4ggare<\/li>\n\n\n\n<li>Karta<\/li>\n\n\n\n<li>Integrationer<\/li>\n\n\n\n<li>S\u00f6ml\u00f6s integration med ViaTracks<\/li>\n\n\n\n<li>Checklistor, Egen kontroller<\/li>\n<\/ul>\n<\/div>\n<\/div>\n<\/div><\/div>\n\n\n\n<div data-title=\"Integrationer\" class=\"wp-block-themeisle-blocks-tabs-item\"><div class=\"wp-block-themeisle-blocks-tabs-item__header\" tabindex=\"0\">Integrationer<\/div><div class=\"wp-block-themeisle-blocks-tabs-item__content\">\n<div class=\"wp-block-columns is-layout-flex wp-container-core-columns-is-layout-9d6595d7 wp-block-columns-is-layout-flex\">\n<div class=\"wp-block-column is-layout-flow wp-block-column-is-layout-flow\">\n<h3 class=\"wp-block-heading\" style=\"font-size:17px\"><strong>Integration med ViaTracks k\u00f6rjournal<\/strong><\/h3>\n<\/div>\n\n\n\n<div class=\"wp-block-column is-layout-flow wp-block-column-is-layout-flow\">\n<h3 class=\"wp-block-heading\" style=\"font-size:17px\"><strong>Integration till arbetsorder\/ERP<\/strong><\/h3>\n<\/div>\n<\/div>\n\n\n\n<div class=\"wp-block-columns is-layout-flex wp-container-core-columns-is-layout-9d6595d7 wp-block-columns-is-layout-flex\">\n<div class=\"wp-block-column is-layout-flow wp-block-column-is-layout-flow\">\n<p>Sparar alla resor automatiskt, l\u00e4ttillg\u00e4ngligt f\u00f6r anv\u00e4ndare och administrat\u00f6r. F\u00e5 kilometer, v\u00e4gtullar och timmar direkt p\u00e5 arbetsordern fr\u00e5n ViaTracks elektroniska k\u00f6rjournal.<\/p>\n<\/div>\n\n\n\n<div class=\"wp-block-column is-layout-flow wp-block-column-is-layout-flow\">\n<p>SpeedyCraft \u00e4r integrerat med de flesta best\u00e4llnings- och aff\u00e4rssystem p\u00e5 marknaden.<\/p>\n<\/div>\n<\/div>\n<\/div><\/div>\n\n\n\n<div data-title=\"Installationsfiler\" class=\"wp-block-themeisle-blocks-tabs-item\"><div class=\"wp-block-themeisle-blocks-tabs-item__header\" tabindex=\"0\">Installationsfiler<\/div><div class=\"wp-block-themeisle-blocks-tabs-item__content\">\n<div style=\"height:40px\" aria-hidden=\"true\" class=\"wp-block-spacer\"><\/div>\n\n\n\n<div class=\"wp-block-columns is-layout-flex wp-container-core-columns-is-layout-9d6595d7 wp-block-columns-is-layout-flex\">\n<div class=\"wp-block-column is-layout-flow wp-block-column-is-layout-flow\">\n<h3 class=\"wp-block-heading\" style=\"font-size:17px\">Standardinstallationsfiler<\/h3>\n<\/div>\n\n\n\n<div class=\"wp-block-column is-layout-flow wp-block-column-is-layout-flow\">\n<h3 class=\"wp-block-heading\" style=\"font-size:17px\"><strong>SpeedyCraft Mobile 2<\/strong><\/h3>\n<\/div>\n<\/div>\n\n\n\n<div class=\"wp-block-columns is-layout-flex wp-container-core-columns-is-layout-9d6595d7 wp-block-columns-is-layout-flex\">\n<div class=\"wp-block-column is-layout-flow wp-block-column-is-layout-flow\">\n<p><a href=\"https:\/\/www.devinco.com\/files\/scm-last-release.apk\">Android<\/a> (senaste versionen)<\/p>\n\n\n\n<p><a href=\"https:\/\/play.google.com\/store\/apps\/details?id=com.devinco.speedycraftmobile&amp;hl=en&amp;gl=US&amp;pli=1\">Tillg\u00e4nglig p\u00e5 Google Play<\/a><\/p>\n\n\n\n<p><a href=\"https:\/\/apps.apple.com\/no\/app\/speedycraft-mobile\/id1146770283?l=no\">Finns p\u00e5 App store<\/a><\/p>\n<\/div>\n\n\n\n<div class=\"wp-block-column is-layout-flow wp-block-column-is-layout-flow\">\n<p>Kr\u00e4ver att du har SpeedyCraft Live-version mellan 2.3.8.55 och 2.3.10.6 p\u00e5 servern.<\/p>\n\n\n\n<p><a href=\"https:\/\/www.devinco.com\/files\/scmobile-android.apk\">SpeedyCraft Mobile 2 Android<\/a><\/p>\n\n\n\n<p><a href=\"https:\/\/www.devinco.com\/files\/scmobile_pc.zip\">SpeedyCraft Mobile 2 Windows PC<\/a><\/p>\n<\/div>\n<\/div>\n<\/div><\/div>\n\n\n\n<div data-title=\"Sk\u00e4rmbilder\" class=\"wp-block-themeisle-blocks-tabs-item\"><div class=\"wp-block-themeisle-blocks-tabs-item__header\" tabindex=\"0\">Sk\u00e4rmbilder<\/div><div class=\"wp-block-themeisle-blocks-tabs-item__content\">\n<div class=\"wp-block-columns is-layout-flex wp-container-core-columns-is-layout-9d6595d7 wp-block-columns-is-layout-flex\">\n<div class=\"wp-block-column is-layout-flow wp-block-column-is-layout-flow\">\n<figure class=\"wp-block-image size-large\"><img loading=\"lazy\" decoding=\"async\" width=\"1024\" height=\"1024\" src=\"https:\/\/wwwtest.devinco.com\/wp-content\/uploads\/2023\/03\/SC1speedycraft-1024x1024.png\" alt=\"\" class=\"wp-image-3108\" srcset=\"https:\/\/www.devinco.com\/wp-content\/uploads\/2023\/03\/SC1speedycraft-1024x1024.png 1024w, https:\/\/www.devinco.com\/wp-content\/uploads\/2023\/03\/SC1speedycraft-300x300.png 300w, https:\/\/www.devinco.com\/wp-content\/uploads\/2023\/03\/SC1speedycraft-150x150.png 150w, https:\/\/www.devinco.com\/wp-content\/uploads\/2023\/03\/SC1speedycraft-768x768.png 768w, https:\/\/www.devinco.com\/wp-content\/uploads\/2023\/03\/SC1speedycraft.png 1080w\" sizes=\"auto, (max-width: 1024px) 100vw, 1024px\" \/><\/figure>\n<\/div>\n\n\n\n<div class=\"wp-block-column is-layout-flow wp-block-column-is-layout-flow\">\n<figure class=\"wp-block-image size-large\"><img loading=\"lazy\" decoding=\"async\" width=\"1024\" height=\"1024\" src=\"https:\/\/wwwtest.devinco.com\/wp-content\/uploads\/2023\/04\/speedycraftscr-1024x1024.png\" alt=\"\" class=\"wp-image-3481\" srcset=\"https:\/\/www.devinco.com\/wp-content\/uploads\/2023\/04\/speedycraftscr-1024x1024.png 1024w, https:\/\/www.devinco.com\/wp-content\/uploads\/2023\/04\/speedycraftscr-300x300.png 300w, https:\/\/www.devinco.com\/wp-content\/uploads\/2023\/04\/speedycraftscr-150x150.png 150w, https:\/\/www.devinco.com\/wp-content\/uploads\/2023\/04\/speedycraftscr-768x768.png 768w, https:\/\/www.devinco.com\/wp-content\/uploads\/2023\/04\/speedycraftscr.png 1080w\" sizes=\"auto, (max-width: 1024px) 100vw, 1024px\" \/><\/figure>\n<\/div>\n<\/div>\n<\/div><\/div>\n<\/div><\/div>\n\n\n\n<div class=\"wp-block-columns is-layout-flex wp-container-core-columns-is-layout-9d6595d7 wp-block-columns-is-layout-flex\">\n<div class=\"wp-block-column is-layout-flow wp-block-column-is-layout-flow\"><\/div>\n<\/div>\n\n\n\n<div class=\"wp-block-columns are-vertically-aligned-center is-layout-flex wp-container-core-columns-is-layout-9d6595d7 wp-block-columns-is-layout-flex\">\n<div class=\"wp-block-column is-vertically-aligned-center is-layout-flow wp-block-column-is-layout-flow\">\n<h2 class=\"wp-block-heading\">Norsk utveckling och lokalt \u00e4gande<\/h2>\n\n\n\n<p>SpeedyCraft \u00e4r byggt av smarta hj\u00e4rnor fr\u00e5n Norges teknologi huvudstad Trondheim. Grundarens \u00e4ventyr b\u00f6rjade f\u00f6r \u00f6ver 20 \u00e5r sedan, innan det fanns smartphones och den st\u00f6rsta konkurrenten var penna och papper. Vi har sedan dess revolutionerat effektiviteten f\u00f6r hantverkare och utvecklat ett omfattande och kraftfullt verktyg som st\u00e4ndigt utvecklas.<\/p>\n\n\n\n<p>Med samma engagerade \u00e4gare under hela resan har \u00e4ven m\u00e5nga medarbetare varit med fr\u00e5n tidiga skeden. Det har gett oss l\u00e5ng erfarenhet, bred kompetens och en unik kontinuitet i utvecklingen. SpeedyCraft \u00e4r ocks\u00e5 resultatet av ett n\u00e4ra samarbete med v\u00e5ra engagerade kunder.<\/p>\n\n\n\n<div style=\"height:50px\" aria-hidden=\"true\" class=\"wp-block-spacer\"><\/div>\n\n\n\n<h3 class=\"wp-block-heading\">Med SpeedyCraft f\u00e5r du:<\/h3>\n\n\n\n<ul class=\"wp-block-list\">\n<li>Norsk kvalitet p\u00e5 alla niv\u00e5er, fr\u00e5n kod till anv\u00e4ndare<\/li>\n\n\n\n<li>S\u00e4ker datalagring i enlighet med lagstiftning och EU:s GDPR direktiv, inklusive dokumentation och befattningar<\/li>\n\n\n\n<li>Norskt \u00e4gande och svenskt support<\/li>\n<\/ul>\n<\/div>\n\n\n\n<div class=\"wp-block-column is-vertically-aligned-center is-layout-flow wp-block-column-is-layout-flow\"><div class=\"wp-block-image\">\n<figure class=\"aligncenter size-full\"><img loading=\"lazy\" decoding=\"async\" width=\"600\" height=\"720\" src=\"https:\/\/www.devinco.com\/wp-content\/uploads\/2025\/03\/falkenborgvegen-building.jpg\" alt=\"\" class=\"wp-image-7968\" srcset=\"https:\/\/www.devinco.com\/wp-content\/uploads\/2025\/03\/falkenborgvegen-building.jpg 600w, https:\/\/www.devinco.com\/wp-content\/uploads\/2025\/03\/falkenborgvegen-building-250x300.jpg 250w\" sizes=\"auto, (max-width: 600px) 100vw, 600px\" \/><\/figure>\n<\/div><\/div>\n<\/div>\n\n\n\n<div id=\"wp-block-themeisle-blocks-advanced-columns-a2946a77\" class=\"wp-block-themeisle-blocks-advanced-columns alignfull has-1-columns has-desktop-twoOne-layout has-tablet-equal-layout has-mobile-collapsedRows-layout has-vertical-center ticss-a2946a77 has-light-bg\"><div class=\"wp-block-themeisle-blocks-advanced-columns-overlay\"><\/div><div class=\"innerblocks-wrap\">\n<div id=\"wp-block-themeisle-blocks-advanced-column-92b2db05\" class=\"wp-block-themeisle-blocks-advanced-column\">\n<h4 class=\"wp-block-heading has-text-align-center has-x-large-font-size\" style=\"text-transform:none\">Vill du veta mer om SpeedyCraft?<\/h4>\n\n\n\n<p class=\"has-text-align-center has-text-color\" style=\"color:#4d4d4d;font-size:15px\">Starta din arbetsdag effektivt med v\u00e5rt mobila arbetsorder system.<\/p>\n\n\n\n<div class=\"wp-block-buttons is-content-justification-center is-layout-flex wp-container-core-buttons-is-layout-16018d1d wp-block-buttons-is-layout-flex\">\n<div class=\"wp-block-button is-style-secondary\"><a class=\"wp-block-button__link has-neve-text-color-color has-neve-link-hover-color-background-color has-text-color has-background wp-element-button\" style=\"border-radius:0px\">Kontakta oss <\/a><\/div>\n<\/div>\n<\/div>\n<\/div><\/div>\n","protected":false},"excerpt":{"rendered":"<p>Norsk utveckling och lokalt \u00e4gande SpeedyCraft \u00e4r byggt av smarta hj\u00e4rnor fr\u00e5n Norges teknologi huvudstad Trondheim. Grundarens \u00e4ventyr b\u00f6rjade f\u00f6r \u00f6ver 20 \u00e5r sedan, innan det fanns smartphones och den st\u00f6rsta konkurrenten var penna och papper. Vi har sedan dess revolutionerat effektiviteten f\u00f6r hantverkare och utvecklat ett omfattande och kraftfullt verktyg som st\u00e4ndigt utvecklas. Med&hellip;&nbsp;<a href=\"https:\/\/www.devinco.com\/sv\/speedycraft\/\" rel=\"bookmark\">L\u00e4s mer &raquo;<span class=\"screen-reader-text\">SpeedyCraft<\/span><\/a><\/p>\n","protected":false},"author":2,"featured_media":0,"parent":0,"menu_order":0,"comment_status":"closed","ping_status":"closed","template":"","meta":{"content-type":"","neve_meta_sidebar":"default","neve_meta_container":"","neve_meta_enable_content_width":"on","neve_meta_content_width":100,"neve_meta_title_alignment":"","neve_meta_author_avatar":"","neve_post_elements_order":"","neve_meta_disable_header":"","neve_meta_disable_footer":"","neve_meta_disable_title":"on","_themeisle_gutenberg_block_has_review":false,"footnotes":""},"class_list":["post-4487","page","type-page","status-publish","hentry"],"yoast_head":"<!-- This site is optimized with the Yoast SEO plugin v27.2 - https:\/\/yoast.com\/product\/yoast-seo-wordpress\/ -->\r\n<title>SpeedyCraft - Mobilt ordersystem<\/title>\r\n<meta name=\"description\" content=\"Med SpeedyCraft kan du synkroniserar timmar, kostnader, checklistor och material mellan f\u00e4ltarbetare och kontoret.\" \/>\r\n<meta name=\"robots\" content=\"index, follow, max-snippet:-1, max-image-preview:large, max-video-preview:-1\" \/>\r\n<link rel=\"canonical\" href=\"https:\/\/www.devinco.com\/sv\/speedycraft\/\" \/>\r\n<meta property=\"og:locale\" content=\"sv_SE\" \/>\r\n<meta property=\"og:type\" content=\"article\" \/>\r\n<meta property=\"og:title\" content=\"SpeedyCraft - Mobilt ordersystem\" \/>\r\n<meta property=\"og:description\" content=\"Med SpeedyCraft kan du synkroniserar timmar, kostnader, checklistor och material mellan f\u00e4ltarbetare och kontoret.\" \/>\r\n<meta property=\"og:url\" content=\"https:\/\/www.devinco.com\/sv\/speedycraft\/\" \/>\r\n<meta property=\"og:site_name\" content=\"Devinco AS\" \/>\r\n<meta property=\"article:publisher\" content=\"https:\/\/www.facebook.com\/devinco.no\/\" \/>\r\n<meta property=\"article:modified_time\" content=\"2026-03-09T09:49:56+00:00\" \/>\r\n<meta property=\"og:image\" content=\"https:\/\/www.devinco.com\/wp-content\/uploads\/2025\/01\/SC-app-visual-4.png\" \/>\r\n\t<meta property=\"og:image:width\" content=\"319\" \/>\r\n\t<meta property=\"og:image:height\" content=\"605\" \/>\r\n\t<meta property=\"og:image:type\" content=\"image\/png\" \/>\r\n<meta name=\"twitter:card\" content=\"summary_large_image\" \/>\r\n<meta name=\"twitter:label1\" content=\"Ber\u00e4knad l\u00e4stid\" \/>\n\t<meta name=\"twitter:data1\" content=\"3 minuter\" \/>\r\n<script type=\"application\/ld+json\" class=\"yoast-schema-graph\">{\"@context\":\"https:\/\/schema.org\",\"@graph\":[{\"@type\":\"WebPage\",\"@id\":\"https:\/\/www.devinco.com\/sv\/speedycraft\/\",\"url\":\"https:\/\/www.devinco.com\/sv\/speedycraft\/\",\"name\":\"SpeedyCraft - Mobilt ordersystem\",\"isPartOf\":{\"@id\":\"https:\/\/www.devinco.com\/#website\"},\"primaryImageOfPage\":{\"@id\":\"https:\/\/www.devinco.com\/sv\/speedycraft\/#primaryimage\"},\"image\":{\"@id\":\"https:\/\/www.devinco.com\/sv\/speedycraft\/#primaryimage\"},\"thumbnailUrl\":\"https:\/\/www.devinco.com\/wp-content\/uploads\/2025\/01\/SC-app-visual-4.png\",\"datePublished\":\"2023-03-23T07:43:04+00:00\",\"dateModified\":\"2026-03-09T09:49:56+00:00\",\"description\":\"Med SpeedyCraft kan du synkroniserar timmar, kostnader, checklistor och material mellan f\u00e4ltarbetare och kontoret.\",\"breadcrumb\":{\"@id\":\"https:\/\/www.devinco.com\/sv\/speedycraft\/#breadcrumb\"},\"inLanguage\":\"sv-SE\",\"potentialAction\":[{\"@type\":\"ReadAction\",\"target\":[\"https:\/\/www.devinco.com\/sv\/speedycraft\/\"]}]},{\"@type\":\"ImageObject\",\"inLanguage\":\"sv-SE\",\"@id\":\"https:\/\/www.devinco.com\/sv\/speedycraft\/#primaryimage\",\"url\":\"https:\/\/www.devinco.com\/wp-content\/uploads\/2025\/01\/SC-app-visual-4.png\",\"contentUrl\":\"https:\/\/www.devinco.com\/wp-content\/uploads\/2025\/01\/SC-app-visual-4.png\"},{\"@type\":\"BreadcrumbList\",\"@id\":\"https:\/\/www.devinco.com\/sv\/speedycraft\/#breadcrumb\",\"itemListElement\":[{\"@type\":\"ListItem\",\"position\":1,\"name\":\"Home\",\"item\":\"https:\/\/www.devinco.com\/sv\/\"},{\"@type\":\"ListItem\",\"position\":2,\"name\":\"SpeedyCraft\"}]},{\"@type\":\"WebSite\",\"@id\":\"https:\/\/www.devinco.com\/#website\",\"url\":\"https:\/\/www.devinco.com\/\",\"name\":\"Devinco AS\",\"description\":\"Digitale verkt\u00f8y for h\u00e5ndverkbransjen\",\"publisher\":{\"@id\":\"https:\/\/www.devinco.com\/#organization\"},\"potentialAction\":[{\"@type\":\"SearchAction\",\"target\":{\"@type\":\"EntryPoint\",\"urlTemplate\":\"https:\/\/www.devinco.com\/?s={search_term_string}\"},\"query-input\":{\"@type\":\"PropertyValueSpecification\",\"valueRequired\":true,\"valueName\":\"search_term_string\"}}],\"inLanguage\":\"sv-SE\"},{\"@type\":\"Organization\",\"@id\":\"https:\/\/www.devinco.com\/#organization\",\"name\":\"Devinco AS\",\"url\":\"https:\/\/www.devinco.com\/\",\"logo\":{\"@type\":\"ImageObject\",\"inLanguage\":\"sv-SE\",\"@id\":\"https:\/\/www.devinco.com\/#\/schema\/logo\/image\/\",\"url\":\"https:\/\/www.devinco.com\/wp-content\/uploads\/2023\/04\/Devinco_landscape_lgbg_WEB.png\",\"contentUrl\":\"https:\/\/www.devinco.com\/wp-content\/uploads\/2023\/04\/Devinco_landscape_lgbg_WEB.png\",\"width\":781,\"height\":150,\"caption\":\"Devinco AS\"},\"image\":{\"@id\":\"https:\/\/www.devinco.com\/#\/schema\/logo\/image\/\"},\"sameAs\":[\"https:\/\/www.facebook.com\/devinco.no\/\",\"https:\/\/no.linkedin.com\/company\/devinco\"]}]}<\/script>\r\n<!-- \/ Yoast SEO plugin. -->","yoast_head_json":{"title":"SpeedyCraft - Mobilt ordersystem","description":"Med SpeedyCraft kan du synkroniserar timmar, kostnader, checklistor och material mellan f\u00e4ltarbetare och kontoret.","robots":{"index":"index","follow":"follow","max-snippet":"max-snippet:-1","max-image-preview":"max-image-preview:large","max-video-preview":"max-video-preview:-1"},"canonical":"https:\/\/www.devinco.com\/sv\/speedycraft\/","og_locale":"sv_SE","og_type":"article","og_title":"SpeedyCraft - Mobilt ordersystem","og_description":"Med SpeedyCraft kan du synkroniserar timmar, kostnader, checklistor och material mellan f\u00e4ltarbetare och kontoret.","og_url":"https:\/\/www.devinco.com\/sv\/speedycraft\/","og_site_name":"Devinco AS","article_publisher":"https:\/\/www.facebook.com\/devinco.no\/","article_modified_time":"2026-03-09T09:49:56+00:00","og_image":[{"width":319,"height":605,"url":"https:\/\/www.devinco.com\/wp-content\/uploads\/2025\/01\/SC-app-visual-4.png","type":"image\/png"}],"twitter_card":"summary_large_image","twitter_misc":{"Ber\u00e4knad l\u00e4stid":"3 minuter"},"schema":{"@context":"https:\/\/schema.org","@graph":[{"@type":"WebPage","@id":"https:\/\/www.devinco.com\/sv\/speedycraft\/","url":"https:\/\/www.devinco.com\/sv\/speedycraft\/","name":"SpeedyCraft - Mobilt ordersystem","isPartOf":{"@id":"https:\/\/www.devinco.com\/#website"},"primaryImageOfPage":{"@id":"https:\/\/www.devinco.com\/sv\/speedycraft\/#primaryimage"},"image":{"@id":"https:\/\/www.devinco.com\/sv\/speedycraft\/#primaryimage"},"thumbnailUrl":"https:\/\/www.devinco.com\/wp-content\/uploads\/2025\/01\/SC-app-visual-4.png","datePublished":"2023-03-23T07:43:04+00:00","dateModified":"2026-03-09T09:49:56+00:00","description":"Med SpeedyCraft kan du synkroniserar timmar, kostnader, checklistor och material mellan f\u00e4ltarbetare och kontoret.","breadcrumb":{"@id":"https:\/\/www.devinco.com\/sv\/speedycraft\/#breadcrumb"},"inLanguage":"sv-SE","potentialAction":[{"@type":"ReadAction","target":["https:\/\/www.devinco.com\/sv\/speedycraft\/"]}]},{"@type":"ImageObject","inLanguage":"sv-SE","@id":"https:\/\/www.devinco.com\/sv\/speedycraft\/#primaryimage","url":"https:\/\/www.devinco.com\/wp-content\/uploads\/2025\/01\/SC-app-visual-4.png","contentUrl":"https:\/\/www.devinco.com\/wp-content\/uploads\/2025\/01\/SC-app-visual-4.png"},{"@type":"BreadcrumbList","@id":"https:\/\/www.devinco.com\/sv\/speedycraft\/#breadcrumb","itemListElement":[{"@type":"ListItem","position":1,"name":"Home","item":"https:\/\/www.devinco.com\/sv\/"},{"@type":"ListItem","position":2,"name":"SpeedyCraft"}]},{"@type":"WebSite","@id":"https:\/\/www.devinco.com\/#website","url":"https:\/\/www.devinco.com\/","name":"Devinco AS","description":"Digitale verkt\u00f8y for h\u00e5ndverkbransjen","publisher":{"@id":"https:\/\/www.devinco.com\/#organization"},"potentialAction":[{"@type":"SearchAction","target":{"@type":"EntryPoint","urlTemplate":"https:\/\/www.devinco.com\/?s={search_term_string}"},"query-input":{"@type":"PropertyValueSpecification","valueRequired":true,"valueName":"search_term_string"}}],"inLanguage":"sv-SE"},{"@type":"Organization","@id":"https:\/\/www.devinco.com\/#organization","name":"Devinco AS","url":"https:\/\/www.devinco.com\/","logo":{"@type":"ImageObject","inLanguage":"sv-SE","@id":"https:\/\/www.devinco.com\/#\/schema\/logo\/image\/","url":"https:\/\/www.devinco.com\/wp-content\/uploads\/2023\/04\/Devinco_landscape_lgbg_WEB.png","contentUrl":"https:\/\/www.devinco.com\/wp-content\/uploads\/2023\/04\/Devinco_landscape_lgbg_WEB.png","width":781,"height":150,"caption":"Devinco AS"},"image":{"@id":"https:\/\/www.devinco.com\/#\/schema\/logo\/image\/"},"sameAs":["https:\/\/www.facebook.com\/devinco.no\/","https:\/\/no.linkedin.com\/company\/devinco"]}]}},"_links":{"self":[{"href":"https:\/\/www.devinco.com\/sv\/wp-json\/wp\/v2\/pages\/4487","targetHints":{"allow":["GET"]}}],"collection":[{"href":"https:\/\/www.devinco.com\/sv\/wp-json\/wp\/v2\/pages"}],"about":[{"href":"https:\/\/www.devinco.com\/sv\/wp-json\/wp\/v2\/types\/page"}],"author":[{"embeddable":true,"href":"https:\/\/www.devinco.com\/sv\/wp-json\/wp\/v2\/users\/2"}],"replies":[{"embeddable":true,"href":"https:\/\/www.devinco.com\/sv\/wp-json\/wp\/v2\/comments?post=4487"}],"version-history":[{"count":18,"href":"https:\/\/www.devinco.com\/sv\/wp-json\/wp\/v2\/pages\/4487\/revisions"}],"predecessor-version":[{"id":9682,"href":"https:\/\/www.devinco.com\/sv\/wp-json\/wp\/v2\/pages\/4487\/revisions\/9682"}],"wp:attachment":[{"href":"https:\/\/www.devinco.com\/sv\/wp-json\/wp\/v2\/media?parent=4487"}],"curies":[{"name":"wp","href":"https:\/\/api.w.org\/{rel}","templated":true}]}}