{"id":4491,"date":"2023-03-24T07:12:48","date_gmt":"2023-03-24T05:12:48","guid":{"rendered":"https:\/\/www.devinco.com\/truckload\/"},"modified":"2023-05-16T13:23:15","modified_gmt":"2023-05-16T13:23:15","slug":"truckload","status":"publish","type":"page","link":"https:\/\/www.devinco.com\/sv\/truckload\/","title":{"rendered":"TruckLoad"},"content":{"rendered":"\n<div style=\"height:60px\" aria-hidden=\"true\" class=\"wp-block-spacer\"><\/div>\n\n<h1 class=\"wp-block-heading has-large-font-size\">TruckLoad-koordinering av masstransporter <\/h1>\n\n<hr class=\"wp-block-separator has-text-color has-nv-light-bg-color has-alpha-channel-opacity has-nv-light-bg-background-color has-background\"\/>\n\n<div id=\"wp-block-themeisle-blocks-advanced-columns-06890456\" class=\"wp-block-themeisle-blocks-advanced-columns has-2-columns has-desktop-twoOne-layout has-tablet-equal-layout has-mobile-collapsedRows-layout has-reverse-columns-mobile has-vertical-unset\"><div class=\"wp-block-themeisle-blocks-advanced-columns-overlay\"><\/div><div class=\"innerblocks-wrap\">\n<div id=\"wp-block-themeisle-blocks-advanced-column-4f565913\" class=\"wp-block-themeisle-blocks-advanced-column\">\n<div id=\"wp-block-themeisle-blocks-slider-ccefaeef\" class=\"wp-block-themeisle-blocks-slider glide\" data-per-view=\"1\" data-gap=\"0\" data-peek=\"0\" data-autoplay=\"false\" data-height=\"400px\" data-hide-arrows=\"true\" data-transition=\"linear\"><div class=\"glide__track\" data-glide-el=\"track\"><div class=\"glide__slides\"><div class=\"wp-block-themeisle-blocks-slider-item-wrapper glide__slide\" tabindex=\"0\"><figure><img decoding=\"async\" class=\"wp-block-themeisle-blocks-slider-item\" src=\"https:\/\/wwwtest.devinco.com\/wp-content\/uploads\/2023\/03\/Truckloadvisualforslider.jpg\" alt=\"\" title=\"\" data-id=\"3138\"><\/figure><\/div><\/div><\/div><\/div>\n<\/div>\n\n\n\n<div id=\"wp-block-themeisle-blocks-advanced-column-28c124e2\" class=\"wp-block-themeisle-blocks-advanced-column\">\n<h2 class=\"wp-block-heading has-text-color\" style=\"color:#323232;font-size:17px\">OM PRODUKTEN<\/h2>\n\n\n\n<p style=\"font-size:15px\">Med TruckLoad kan du enkelt koordinera k\u00f6ruppdrag och slutf\u00f6ra projekt i rekordfart. Samordnaren registrerar k\u00f6ruppdrag i systemet s\u00e5 att varje enskild f\u00f6rare har \u00f6verblick \u00f6ver sin arbetsdag. N\u00e4r arbetet utf\u00f6rs kvitteras vikten och typen av massa f\u00f6r det aktuella projektet. <\/p>\n\n\n\n<p>F\u00f6raren kan l\u00e4gga in sina egna uppgifter om det finns behov av det. All information finns tillg\u00e4nglig f\u00f6r samordnaren s\u00e5 att denne har en l\u00f6pande status p\u00e5 uppdrag, fordon och leveranser. F\u00e5 data direkt fr\u00e5n bilv\u00e5gsystemet och g\u00f6r jobbet \u00e4nnu enklare. Produkttyp, ordernummer och projekt \u00e4r n\u00e5gra av de uppgifter som skickas till TruckLoad.<\/p>\n<\/div>\n<\/div><\/div>\n\n<div style=\"height:70px\" aria-hidden=\"true\" class=\"wp-block-spacer\"><\/div>\n\n<div id=\"wp-block-themeisle-blocks-tabs-edb275ff\" class=\"wp-block-themeisle-blocks-tabs is-style-boxed\"><div class=\"wp-block-themeisle-blocks-tabs__content\">\n<div data-title=\"Funksjoner\" class=\"wp-block-themeisle-blocks-tabs-item\"><div class=\"wp-block-themeisle-blocks-tabs-item__header\" tabindex=\"0\">Funksjoner<\/div><div class=\"wp-block-themeisle-blocks-tabs-item__content\">\n<ul class=\"wp-block-list\">\n<li>Registrera och tilldela nya k\u00f6ruppdrag<\/li>\n\n\n\n<li>Automatisk anslutning till projekt<\/li>\n\n\n\n<li>Aktuell status p\u00e5 k\u00f6ruppdrag<\/li>\n\n\n\n<li>\u00d6versiktsrapport till kund Integration till Scaleit<\/li>\n<\/ul>\n<\/div><\/div>\n\n\n\n<div data-title=\"Integrasjon\" class=\"wp-block-themeisle-blocks-tabs-item\"><div class=\"wp-block-themeisle-blocks-tabs-item__header\" tabindex=\"0\">Integrasjon<\/div><div class=\"wp-block-themeisle-blocks-tabs-item__content\">\n<div style=\"height:40px\" aria-hidden=\"true\" class=\"wp-block-spacer\"><\/div>\n\n\n\n<h3 class=\"wp-block-heading\" style=\"font-size:17px\">Integration till Scalet<\/h3>\n\n\n\n<p>F\u00e5 data direkt fr\u00e5n bilv\u00e5gsystemet och g\u00f6r jobbet \u00e4nnu enklare. Produkttyp, ordernummer och projekt \u00e4r n\u00e5gra av de uppgifter som skickas till TruckLoad.<\/p>\n<\/div><\/div>\n<\/div><\/div>\n\n<div style=\"height:100px\" aria-hidden=\"true\" class=\"wp-block-spacer\"><\/div>\n\n<hr class=\"wp-block-separator has-text-color has-nv-site-bg-color has-alpha-channel-opacity has-nv-site-bg-background-color has-background\"\/>\n\n<div id=\"wp-block-themeisle-blocks-advanced-columns-a2946a77\" class=\"wp-block-themeisle-blocks-advanced-columns alignfull has-2-columns has-desktop-equal-layout has-tablet-equal-layout has-mobile-collapsedRows-layout has-vertical-center ticss-a2946a77\"><div class=\"wp-block-themeisle-blocks-advanced-columns-overlay\"><\/div><div class=\"innerblocks-wrap\">\n<div id=\"wp-block-themeisle-blocks-advanced-column-92b2db05\" class=\"wp-block-themeisle-blocks-advanced-column\">\n<h2 class=\"wp-block-heading has-large-font-size\">Med TruckLoad f\u00e5r du<\/h2>\n\n\n\n<div id=\"wp-block-themeisle-blocks-icon-list-460574fa\" class=\"wp-block-themeisle-blocks-icon-list\">\n<div id=\"wp-block-themeisle-blocks-icon-list-item-017a222c\" class=\"wp-block-themeisle-blocks-icon-list-item\"><i class=\"fas fa-check wp-block-themeisle-blocks-icon-list-item-icon\"><\/i><p class=\"wp-block-themeisle-blocks-icon-list-item-content\">Frigjorde tid f\u00f6r andra uppgifter<\/p><\/div>\n\n\n\n<div id=\"wp-block-themeisle-blocks-icon-list-item-6979108b\" class=\"wp-block-themeisle-blocks-icon-list-item\"><i class=\"fas fa-check wp-block-themeisle-blocks-icon-list-item-icon\"><\/i><p class=\"wp-block-themeisle-blocks-icon-list-item-content\">Snabbare fakturering med r\u00e4tt underlag<\/p><\/div>\n\n\n\n<div id=\"wp-block-themeisle-blocks-icon-list-item-5bacb9c6\" class=\"wp-block-themeisle-blocks-icon-list-item\"><i class=\"fas fa-check wp-block-themeisle-blocks-icon-list-item-icon\"><\/i><p class=\"wp-block-themeisle-blocks-icon-list-item-content\">Pappersl\u00f6st system som ger full sp\u00e5rbarhet<\/p><\/div>\n<\/div>\n\n\n\n<div style=\"height:25px\" aria-hidden=\"true\" class=\"wp-block-spacer\"><\/div>\n\n\n\n<div class=\"wp-block-buttons is-layout-flex wp-block-buttons-is-layout-flex\">\n<div class=\"wp-block-button is-style-secondary\"><a class=\"wp-block-button__link has-neve-text-color-color has-neve-link-hover-color-background-color has-text-color has-background wp-element-button\" style=\"border-radius:0px\">KONTAKTA OSS<\/a><\/div>\n<\/div>\n<\/div>\n\n\n\n<div id=\"wp-block-themeisle-blocks-advanced-column-bbddf55b\" class=\"wp-block-themeisle-blocks-advanced-column\"><div class=\"wp-block-image is-style-default\">\n<figure class=\"aligncenter size-full\"><img loading=\"lazy\" decoding=\"async\" width=\"600\" height=\"600\" src=\"https:\/\/wwwtest.devinco.com\/wp-content\/uploads\/2023\/03\/TruckLoad-1.jpg\" alt=\"\" class=\"wp-image-3139\" srcset=\"https:\/\/www.devinco.com\/wp-content\/uploads\/2023\/03\/TruckLoad-1.jpg 600w, https:\/\/www.devinco.com\/wp-content\/uploads\/2023\/03\/TruckLoad-1-300x300.jpg 300w, https:\/\/www.devinco.com\/wp-content\/uploads\/2023\/03\/TruckLoad-1-150x150.jpg 150w\" sizes=\"auto, (max-width: 600px) 100vw, 600px\" \/><\/figure>\n<\/div><\/div>\n<\/div><\/div>\n","protected":false},"excerpt":{"rendered":"<p>TruckLoad-koordinering av masstransporter<\/p>\n","protected":false},"author":2,"featured_media":0,"parent":0,"menu_order":0,"comment_status":"closed","ping_status":"closed","template":"","meta":{"content-type":"","neve_meta_sidebar":"default","neve_meta_container":"","neve_meta_enable_content_width":"on","neve_meta_content_width":100,"neve_meta_title_alignment":"","neve_meta_author_avatar":"","neve_post_elements_order":"","neve_meta_disable_header":"","neve_meta_disable_footer":"","neve_meta_disable_title":"on","_themeisle_gutenberg_block_has_review":false,"footnotes":""},"class_list":["post-4491","page","type-page","status-publish","hentry"],"yoast_head":"<!-- This site is optimized with the Yoast SEO plugin v27.2 - https:\/\/yoast.com\/product\/yoast-seo-wordpress\/ -->\r\n<title>TruckLoad - Devinco AS<\/title>\r\n<meta name=\"robots\" content=\"index, follow, max-snippet:-1, max-image-preview:large, max-video-preview:-1\" \/>\r\n<link rel=\"canonical\" href=\"https:\/\/www.devinco.com\/sv\/truckload\/\" \/>\r\n<meta property=\"og:locale\" content=\"sv_SE\" \/>\r\n<meta property=\"og:type\" content=\"article\" \/>\r\n<meta property=\"og:title\" content=\"TruckLoad - Devinco AS\" \/>\r\n<meta property=\"og:description\" content=\"TruckLoad-koordinering av masstransporter\" \/>\r\n<meta property=\"og:url\" content=\"https:\/\/www.devinco.com\/sv\/truckload\/\" \/>\r\n<meta property=\"og:site_name\" content=\"Devinco AS\" \/>\r\n<meta property=\"article:publisher\" content=\"https:\/\/www.facebook.com\/devinco.no\/\" \/>\r\n<meta property=\"article:modified_time\" content=\"2023-05-16T13:23:15+00:00\" \/>\r\n<meta property=\"og:image\" content=\"https:\/\/wwwtest.devinco.com\/wp-content\/uploads\/2023\/03\/Truckloadvisualforslider.jpg\" \/>\r\n<meta name=\"twitter:card\" content=\"summary_large_image\" \/>\r\n<meta name=\"twitter:label1\" content=\"Ber\u00e4knad l\u00e4stid\" \/>\n\t<meta name=\"twitter:data1\" content=\"1 minut\" \/>\r\n<script type=\"application\/ld+json\" class=\"yoast-schema-graph\">{\"@context\":\"https:\/\/schema.org\",\"@graph\":[{\"@type\":\"WebPage\",\"@id\":\"https:\/\/www.devinco.com\/sv\/truckload\/\",\"url\":\"https:\/\/www.devinco.com\/sv\/truckload\/\",\"name\":\"TruckLoad - Devinco AS\",\"isPartOf\":{\"@id\":\"https:\/\/www.devinco.com\/#website\"},\"primaryImageOfPage\":{\"@id\":\"https:\/\/www.devinco.com\/sv\/truckload\/#primaryimage\"},\"image\":{\"@id\":\"https:\/\/www.devinco.com\/sv\/truckload\/#primaryimage\"},\"thumbnailUrl\":\"https:\/\/wwwtest.devinco.com\/wp-content\/uploads\/2023\/03\/Truckloadvisualforslider.jpg\",\"datePublished\":\"2023-03-24T05:12:48+00:00\",\"dateModified\":\"2023-05-16T13:23:15+00:00\",\"breadcrumb\":{\"@id\":\"https:\/\/www.devinco.com\/sv\/truckload\/#breadcrumb\"},\"inLanguage\":\"sv-SE\",\"potentialAction\":[{\"@type\":\"ReadAction\",\"target\":[\"https:\/\/www.devinco.com\/sv\/truckload\/\"]}]},{\"@type\":\"ImageObject\",\"inLanguage\":\"sv-SE\",\"@id\":\"https:\/\/www.devinco.com\/sv\/truckload\/#primaryimage\",\"url\":\"https:\/\/wwwtest.devinco.com\/wp-content\/uploads\/2023\/03\/Truckloadvisualforslider.jpg\",\"contentUrl\":\"https:\/\/wwwtest.devinco.com\/wp-content\/uploads\/2023\/03\/Truckloadvisualforslider.jpg\"},{\"@type\":\"BreadcrumbList\",\"@id\":\"https:\/\/www.devinco.com\/sv\/truckload\/#breadcrumb\",\"itemListElement\":[{\"@type\":\"ListItem\",\"position\":1,\"name\":\"Home\",\"item\":\"https:\/\/www.devinco.com\/sv\/\"},{\"@type\":\"ListItem\",\"position\":2,\"name\":\"TruckLoad\"}]},{\"@type\":\"WebSite\",\"@id\":\"https:\/\/www.devinco.com\/#website\",\"url\":\"https:\/\/www.devinco.com\/\",\"name\":\"Devinco AS\",\"description\":\"Digitale verkt\u00f8y for h\u00e5ndverkbransjen\",\"publisher\":{\"@id\":\"https:\/\/www.devinco.com\/#organization\"},\"potentialAction\":[{\"@type\":\"SearchAction\",\"target\":{\"@type\":\"EntryPoint\",\"urlTemplate\":\"https:\/\/www.devinco.com\/?s={search_term_string}\"},\"query-input\":{\"@type\":\"PropertyValueSpecification\",\"valueRequired\":true,\"valueName\":\"search_term_string\"}}],\"inLanguage\":\"sv-SE\"},{\"@type\":\"Organization\",\"@id\":\"https:\/\/www.devinco.com\/#organization\",\"name\":\"Devinco AS\",\"url\":\"https:\/\/www.devinco.com\/\",\"logo\":{\"@type\":\"ImageObject\",\"inLanguage\":\"sv-SE\",\"@id\":\"https:\/\/www.devinco.com\/#\/schema\/logo\/image\/\",\"url\":\"https:\/\/www.devinco.com\/wp-content\/uploads\/2023\/04\/Devinco_landscape_lgbg_WEB.png\",\"contentUrl\":\"https:\/\/www.devinco.com\/wp-content\/uploads\/2023\/04\/Devinco_landscape_lgbg_WEB.png\",\"width\":781,\"height\":150,\"caption\":\"Devinco AS\"},\"image\":{\"@id\":\"https:\/\/www.devinco.com\/#\/schema\/logo\/image\/\"},\"sameAs\":[\"https:\/\/www.facebook.com\/devinco.no\/\",\"https:\/\/no.linkedin.com\/company\/devinco\"]}]}<\/script>\r\n<!-- \/ Yoast SEO plugin. -->","yoast_head_json":{"title":"TruckLoad - Devinco AS","robots":{"index":"index","follow":"follow","max-snippet":"max-snippet:-1","max-image-preview":"max-image-preview:large","max-video-preview":"max-video-preview:-1"},"canonical":"https:\/\/www.devinco.com\/sv\/truckload\/","og_locale":"sv_SE","og_type":"article","og_title":"TruckLoad - Devinco AS","og_description":"TruckLoad-koordinering av masstransporter","og_url":"https:\/\/www.devinco.com\/sv\/truckload\/","og_site_name":"Devinco AS","article_publisher":"https:\/\/www.facebook.com\/devinco.no\/","article_modified_time":"2023-05-16T13:23:15+00:00","og_image":[{"url":"https:\/\/wwwtest.devinco.com\/wp-content\/uploads\/2023\/03\/Truckloadvisualforslider.jpg","type":"","width":"","height":""}],"twitter_card":"summary_large_image","twitter_misc":{"Ber\u00e4knad l\u00e4stid":"1 minut"},"schema":{"@context":"https:\/\/schema.org","@graph":[{"@type":"WebPage","@id":"https:\/\/www.devinco.com\/sv\/truckload\/","url":"https:\/\/www.devinco.com\/sv\/truckload\/","name":"TruckLoad - Devinco AS","isPartOf":{"@id":"https:\/\/www.devinco.com\/#website"},"primaryImageOfPage":{"@id":"https:\/\/www.devinco.com\/sv\/truckload\/#primaryimage"},"image":{"@id":"https:\/\/www.devinco.com\/sv\/truckload\/#primaryimage"},"thumbnailUrl":"https:\/\/wwwtest.devinco.com\/wp-content\/uploads\/2023\/03\/Truckloadvisualforslider.jpg","datePublished":"2023-03-24T05:12:48+00:00","dateModified":"2023-05-16T13:23:15+00:00","breadcrumb":{"@id":"https:\/\/www.devinco.com\/sv\/truckload\/#breadcrumb"},"inLanguage":"sv-SE","potentialAction":[{"@type":"ReadAction","target":["https:\/\/www.devinco.com\/sv\/truckload\/"]}]},{"@type":"ImageObject","inLanguage":"sv-SE","@id":"https:\/\/www.devinco.com\/sv\/truckload\/#primaryimage","url":"https:\/\/wwwtest.devinco.com\/wp-content\/uploads\/2023\/03\/Truckloadvisualforslider.jpg","contentUrl":"https:\/\/wwwtest.devinco.com\/wp-content\/uploads\/2023\/03\/Truckloadvisualforslider.jpg"},{"@type":"BreadcrumbList","@id":"https:\/\/www.devinco.com\/sv\/truckload\/#breadcrumb","itemListElement":[{"@type":"ListItem","position":1,"name":"Home","item":"https:\/\/www.devinco.com\/sv\/"},{"@type":"ListItem","position":2,"name":"TruckLoad"}]},{"@type":"WebSite","@id":"https:\/\/www.devinco.com\/#website","url":"https:\/\/www.devinco.com\/","name":"Devinco AS","description":"Digitale verkt\u00f8y for h\u00e5ndverkbransjen","publisher":{"@id":"https:\/\/www.devinco.com\/#organization"},"potentialAction":[{"@type":"SearchAction","target":{"@type":"EntryPoint","urlTemplate":"https:\/\/www.devinco.com\/?s={search_term_string}"},"query-input":{"@type":"PropertyValueSpecification","valueRequired":true,"valueName":"search_term_string"}}],"inLanguage":"sv-SE"},{"@type":"Organization","@id":"https:\/\/www.devinco.com\/#organization","name":"Devinco AS","url":"https:\/\/www.devinco.com\/","logo":{"@type":"ImageObject","inLanguage":"sv-SE","@id":"https:\/\/www.devinco.com\/#\/schema\/logo\/image\/","url":"https:\/\/www.devinco.com\/wp-content\/uploads\/2023\/04\/Devinco_landscape_lgbg_WEB.png","contentUrl":"https:\/\/www.devinco.com\/wp-content\/uploads\/2023\/04\/Devinco_landscape_lgbg_WEB.png","width":781,"height":150,"caption":"Devinco AS"},"image":{"@id":"https:\/\/www.devinco.com\/#\/schema\/logo\/image\/"},"sameAs":["https:\/\/www.facebook.com\/devinco.no\/","https:\/\/no.linkedin.com\/company\/devinco"]}]}},"_links":{"self":[{"href":"https:\/\/www.devinco.com\/sv\/wp-json\/wp\/v2\/pages\/4491","targetHints":{"allow":["GET"]}}],"collection":[{"href":"https:\/\/www.devinco.com\/sv\/wp-json\/wp\/v2\/pages"}],"about":[{"href":"https:\/\/www.devinco.com\/sv\/wp-json\/wp\/v2\/types\/page"}],"author":[{"embeddable":true,"href":"https:\/\/www.devinco.com\/sv\/wp-json\/wp\/v2\/users\/2"}],"replies":[{"embeddable":true,"href":"https:\/\/www.devinco.com\/sv\/wp-json\/wp\/v2\/comments?post=4491"}],"version-history":[{"count":1,"href":"https:\/\/www.devinco.com\/sv\/wp-json\/wp\/v2\/pages\/4491\/revisions"}],"predecessor-version":[{"id":4492,"href":"https:\/\/www.devinco.com\/sv\/wp-json\/wp\/v2\/pages\/4491\/revisions\/4492"}],"wp:attachment":[{"href":"https:\/\/www.devinco.com\/sv\/wp-json\/wp\/v2\/media?parent=4491"}],"curies":[{"name":"wp","href":"https:\/\/api.w.org\/{rel}","templated":true}]}}