{"id":4495,"date":"2023-03-23T12:19:32","date_gmt":"2023-03-23T10:19:32","guid":{"rendered":"https:\/\/www.devinco.com\/viatracks-find\/"},"modified":"2026-03-09T12:05:10","modified_gmt":"2026-03-09T10:05:10","slug":"viatracks-find","status":"publish","type":"page","link":"https:\/\/www.devinco.com\/sv\/viatracks-find\/","title":{"rendered":"ViaTracks Find"},"content":{"rendered":"\n<div class=\"wp-block-cover alignfull is-light\"><video class=\"wp-block-cover__video-background intrinsic-ignore\" autoplay muted loop playsinline src=\"https:\/\/wwwtest.devinco.com\/wp-content\/uploads\/2023\/05\/Viatracksfind_bannervidep_2023.mp4\" data-object-fit=\"cover\"><\/video><span aria-hidden=\"true\" class=\"wp-block-cover__background has-background-dim-10 has-background-dim\"><\/span><div class=\"wp-block-cover__inner-container is-layout-flow wp-block-cover-is-layout-flow\">\n<p class=\"has-text-align-center has-large-font-size\"><\/p>\n<\/div><\/div>\n\n\n\n<div style=\"height:35px\" aria-hidden=\"true\" class=\"wp-block-spacer\"><\/div>\n\n\n\n<h1 class=\"wp-block-heading has-large-font-size\">ViaTracks Find utrustningskontroll<\/h1>\n\n\n\n<hr class=\"wp-block-separator has-text-color has-nv-light-bg-color has-alpha-channel-opacity has-nv-light-bg-background-color has-background\"\/>\n\n\n\n<div id=\"wp-block-themeisle-blocks-advanced-columns-06890456\" class=\"wp-block-themeisle-blocks-advanced-columns has-2-columns has-desktop-twoOne-layout has-tablet-equal-layout has-mobile-collapsedRows-layout has-reverse-columns-mobile has-vertical-unset\"><div class=\"wp-block-themeisle-blocks-advanced-columns-overlay\"><\/div><div class=\"innerblocks-wrap\">\n<div id=\"wp-block-themeisle-blocks-advanced-column-4f565913\" class=\"wp-block-themeisle-blocks-advanced-column\">\n<div id=\"wp-block-themeisle-blocks-slider-ccefaeef\" class=\"wp-block-themeisle-blocks-slider glide ticss-eca0fe52\" data-per-view=\"1\" data-gap=\"0\" data-peek=\"0\" data-autoplay=\"false\" data-height=\"400px\" data-hide-arrows=\"false\" data-transition=\"linear\"><div class=\"glide__track\" data-glide-el=\"track\"><div class=\"glide__slides\"><div class=\"wp-block-themeisle-blocks-slider-item-wrapper glide__slide\" tabindex=\"0\"><figure><img decoding=\"async\" class=\"wp-block-themeisle-blocks-slider-item\" src=\"https:\/\/wwwtest.devinco.com\/wp-content\/uploads\/2023\/05\/ViaTracksFind.jpg\" alt=\"\" title=\"\" data-id=\"4440\"\/><\/figure><\/div><div class=\"wp-block-themeisle-blocks-slider-item-wrapper glide__slide\" tabindex=\"0\"><figure><img decoding=\"async\" class=\"wp-block-themeisle-blocks-slider-item\" src=\"https:\/\/wwwtest.devinco.com\/wp-content\/uploads\/2023\/05\/Findsliderphoto.jpg\" alt=\"\" title=\"\" data-id=\"4443\"\/><\/figure><\/div><div class=\"wp-block-themeisle-blocks-slider-item-wrapper glide__slide\" tabindex=\"0\"><figure><img decoding=\"async\" class=\"wp-block-themeisle-blocks-slider-item\" src=\"https:\/\/wwwtest.devinco.com\/wp-content\/uploads\/2023\/05\/Findsliderphoto2.jpg\" alt=\"\" title=\"\" data-id=\"4446\"\/><\/figure><\/div><\/div><div class=\"glide__bullets\" data-glide-el=\"controls[nav]\"><button class=\"glide__bullet\" data-glide-dir=\"=0\"><\/button><button class=\"glide__bullet\" data-glide-dir=\"=1\"><\/button><button class=\"glide__bullet\" data-glide-dir=\"=2\"><\/button><\/div><\/div><\/div>\n<\/div>\n\n\n\n<div id=\"wp-block-themeisle-blocks-advanced-column-28c124e2\" class=\"wp-block-themeisle-blocks-advanced-column\">\n<h2 class=\"wp-block-heading has-text-color\" style=\"color:#323232;font-size:17px\">OM PRODUKTEN<\/h2>\n\n\n\n<p style=\"font-size:15px\">ViaTracks Find ger en full \u00f6verblick \u00f6ver f\u00f6retagets resurser. Med en detaljerad lista eller visuellt i en karta har du alltid kontroll \u00f6ver utrustningen eller om utrustningen \u00e4r p\u00e5 lagret. Detta sparar tid eftersom du vet vem som har vilken utrustning och minskar kostnaden f\u00f6r borttappade resurser.<\/p>\n\n\n\n<div class=\"wp-block-buttons is-layout-flex wp-block-buttons-is-layout-flex\">\n<div class=\"wp-block-button is-style-secondary\"><a class=\"wp-block-button__link has-neve-text-color-color has-neve-link-hover-color-background-color has-text-color has-background wp-element-button\" href=\"https:\/\/www.devinco.com\/sv\/kontakt\/\" style=\"border-radius:0px\">KONTAKTA OSS<\/a><\/div>\n<\/div>\n<\/div>\n<\/div><\/div>\n\n\n\n<div style=\"height:70px\" aria-hidden=\"true\" class=\"wp-block-spacer\"><\/div>\n\n\n\n<div id=\"wp-block-themeisle-blocks-tabs-edb275ff\" class=\"wp-block-themeisle-blocks-tabs is-style-boxed\"><div class=\"wp-block-themeisle-blocks-tabs__content\">\n<div data-title=\"Funktioner\" class=\"wp-block-themeisle-blocks-tabs-item\"><div class=\"wp-block-themeisle-blocks-tabs-item__header\" tabindex=\"0\">Funktioner<\/div><div class=\"wp-block-themeisle-blocks-tabs-item__content\">\n<ul style=\"font-size:15px\" class=\"wp-block-list\">\n<li>Brickan \u00e4r l\u00e4tt att placera p\u00e5 verktyg och utrustning med en vikt p\u00e5 bara 4 gram och en h\u00f6jd p\u00e5 3 mm<\/li>\n\n\n\n<li>Brickan \u00e4r helgjuten, frosts\u00e4ker, t\u00e5l neds\u00e4nkning i vatten och kan limmas p\u00e5 alla typer av verktyg och utrustning<\/li>\n\n\n\n<li>L\u00e5ng batteritid p\u00e5 7 \u00e5r g\u00f6r att du inte beh\u00f6ver t\u00e4nka p\u00e5 att byta batterier<\/li>\n\n\n\n<li>Kontroll \u00f6ver vilket verktyg som finns i vilket lager, i vilken container eller i vilken bil vid varje given tidpunkt<\/li>\n\n\n\n<li>Skickar ett push meddelande om en f\u00f6rare l\u00e4mnar sitt verktyg. Meddelar dig automatiskt om ett saknat verktyg dyker upp igen<\/li>\n\n\n\n<li>Verktyget registreras av integritetssk\u00e4l som ett individuellt eller gemensamt verktyg. Endast anst\u00e4llda med ett aff\u00e4rsbehov ser vilket verktyg som finns var.<\/li>\n\n\n\n<li>Visar senaste position och tidigare positioner f\u00f6r verktyg och utrustning i b\u00e5de karta och med adress<\/li>\n\n\n\n<li>Brickan kommunicerar med GPS-enheten upp till 200 meter.<\/li>\n\n\n\n<li>Enkelt och intuitivt gr\u00e4nssnitt b\u00e5de i app och p\u00e5 PC.<\/li>\n<\/ul>\n<\/div><\/div>\n\n\n\n<div data-title=\"Sk\u00e4rmbilder\" class=\"wp-block-themeisle-blocks-tabs-item\"><div class=\"wp-block-themeisle-blocks-tabs-item__header\" tabindex=\"0\">Sk\u00e4rmbilder<\/div><div class=\"wp-block-themeisle-blocks-tabs-item__content\">\n<div style=\"height:40px\" aria-hidden=\"true\" class=\"wp-block-spacer\"><\/div>\n\n\n\n<div class=\"wp-block-columns is-layout-flex wp-container-core-columns-is-layout-9d6595d7 wp-block-columns-is-layout-flex\">\n<div class=\"wp-block-column is-layout-flow wp-block-column-is-layout-flow\">\n<figure class=\"wp-block-image size-large\"><img loading=\"lazy\" decoding=\"async\" width=\"1024\" height=\"1024\" src=\"https:\/\/www.devinco.com\/wp-content\/uploads\/2025\/10\/Nye-VT-Find-skjermbilder_mobil_1-SV-1024x1024.png\" alt=\"\" class=\"wp-image-9444\" srcset=\"https:\/\/www.devinco.com\/wp-content\/uploads\/2025\/10\/Nye-VT-Find-skjermbilder_mobil_1-SV-1024x1024.png 1024w, https:\/\/www.devinco.com\/wp-content\/uploads\/2025\/10\/Nye-VT-Find-skjermbilder_mobil_1-SV-300x300.png 300w, https:\/\/www.devinco.com\/wp-content\/uploads\/2025\/10\/Nye-VT-Find-skjermbilder_mobil_1-SV-150x150.png 150w, https:\/\/www.devinco.com\/wp-content\/uploads\/2025\/10\/Nye-VT-Find-skjermbilder_mobil_1-SV-768x768.png 768w, https:\/\/www.devinco.com\/wp-content\/uploads\/2025\/10\/Nye-VT-Find-skjermbilder_mobil_1-SV-75x75.png 75w, https:\/\/www.devinco.com\/wp-content\/uploads\/2025\/10\/Nye-VT-Find-skjermbilder_mobil_1-SV.png 1080w\" sizes=\"auto, (max-width: 1024px) 100vw, 1024px\" \/><\/figure>\n<\/div>\n\n\n\n<div class=\"wp-block-column is-layout-flow wp-block-column-is-layout-flow\">\n<figure class=\"wp-block-image size-large\"><img loading=\"lazy\" decoding=\"async\" width=\"1024\" height=\"1024\" src=\"https:\/\/www.devinco.com\/wp-content\/uploads\/2025\/10\/VT-Find-screenshots_web_new-1024x1024.png\" alt=\"\" class=\"wp-image-9434\" srcset=\"https:\/\/www.devinco.com\/wp-content\/uploads\/2025\/10\/VT-Find-screenshots_web_new-1024x1024.png 1024w, https:\/\/www.devinco.com\/wp-content\/uploads\/2025\/10\/VT-Find-screenshots_web_new-300x300.png 300w, https:\/\/www.devinco.com\/wp-content\/uploads\/2025\/10\/VT-Find-screenshots_web_new-150x150.png 150w, https:\/\/www.devinco.com\/wp-content\/uploads\/2025\/10\/VT-Find-screenshots_web_new-768x768.png 768w, https:\/\/www.devinco.com\/wp-content\/uploads\/2025\/10\/VT-Find-screenshots_web_new-75x75.png 75w, https:\/\/www.devinco.com\/wp-content\/uploads\/2025\/10\/VT-Find-screenshots_web_new.png 1080w\" sizes=\"auto, (max-width: 1024px) 100vw, 1024px\" \/><\/figure>\n<\/div>\n<\/div>\n<\/div><\/div>\n<\/div><\/div>\n\n\n\n<div style=\"height:100px\" aria-hidden=\"true\" class=\"wp-block-spacer\"><\/div>\n\n\n\n<hr class=\"wp-block-separator has-text-color has-nv-site-bg-color has-alpha-channel-opacity has-nv-site-bg-background-color has-background\"\/>\n\n\n\n<div id=\"wp-block-themeisle-blocks-advanced-columns-a2946a77\" class=\"wp-block-themeisle-blocks-advanced-columns alignfull has-1-columns has-desktop-equal-layout has-tablet-equal-layout has-mobile-collapsedRows-layout has-vertical-center ticss-a2946a77 has-light-bg\"><div class=\"wp-block-themeisle-blocks-advanced-columns-overlay\"><\/div><div class=\"innerblocks-wrap\">\n<div id=\"wp-block-themeisle-blocks-advanced-column-92b2db05\" class=\"wp-block-themeisle-blocks-advanced-column\">\n<div style=\"height:50px\" aria-hidden=\"true\" class=\"wp-block-spacer\"><\/div>\n\n\n\n<h2 class=\"wp-block-heading has-text-align-center has-large-font-size\">Vill du veta mer om ViaTracks Find?<\/h2>\n\n\n\n<p class=\"has-text-align-center has-text-color\" style=\"color:#4d4d4d;font-size:15px\">L\u00e5t tekniken g\u00f6ra jobbet \u00e5t dig. Med helautomatisk utrustningskontroll \u00e4r du alltid uppdaterad p\u00e5 utrustningens sista position.<\/p>\n\n\n\n<div style=\"height:20px\" aria-hidden=\"true\" class=\"wp-block-spacer\"><\/div>\n\n\n\n<div class=\"wp-block-buttons is-content-justification-center is-layout-flex wp-container-core-buttons-is-layout-16018d1d wp-block-buttons-is-layout-flex\">\n<div class=\"wp-block-button is-style-secondary\"><a class=\"wp-block-button__link has-neve-text-color-color has-neve-link-hover-color-background-color has-text-color has-background wp-element-button\" href=\"https:\/\/www.devinco.com\/sv\/kontakt\/\" style=\"border-radius:0px\">KONTAKTA OSS<\/a><\/div>\n<\/div>\n\n\n\n<div style=\"height:60px\" aria-hidden=\"true\" class=\"wp-block-spacer\"><\/div>\n<\/div>\n<\/div><\/div>\n","protected":false},"excerpt":{"rendered":"<p>ViaTracks Find utrustningskontroll<\/p>\n","protected":false},"author":2,"featured_media":0,"parent":0,"menu_order":0,"comment_status":"closed","ping_status":"closed","template":"","meta":{"content-type":"","neve_meta_sidebar":"default","neve_meta_container":"","neve_meta_enable_content_width":"on","neve_meta_content_width":100,"neve_meta_title_alignment":"","neve_meta_author_avatar":"","neve_post_elements_order":"","neve_meta_disable_header":"","neve_meta_disable_footer":"","neve_meta_disable_title":"on","_themeisle_gutenberg_block_has_review":false,"footnotes":""},"class_list":["post-4495","page","type-page","status-publish","hentry"],"yoast_head":"<!-- This site is optimized with the Yoast SEO plugin v27.4 - https:\/\/yoast.com\/product\/yoast-seo-wordpress\/ -->\r\n<title>ViaTracks Find - Devinco AS<\/title>\r\n<meta name=\"description\" content=\"Med ViaTracks Find f\u00e5 du en full \u00f6verblick \u00f6ver f\u00f6retagets resurser.\" \/>\r\n<meta name=\"robots\" content=\"index, follow, max-snippet:-1, max-image-preview:large, max-video-preview:-1\" \/>\r\n<link rel=\"canonical\" href=\"https:\/\/www.devinco.com\/sv\/viatracks-find\/\" \/>\r\n<meta property=\"og:locale\" content=\"sv_SE\" \/>\r\n<meta property=\"og:type\" content=\"article\" \/>\r\n<meta property=\"og:title\" content=\"ViaTracks Find - Devinco AS\" \/>\r\n<meta property=\"og:description\" content=\"Med ViaTracks Find f\u00e5 du en full \u00f6verblick \u00f6ver f\u00f6retagets resurser.\" \/>\r\n<meta property=\"og:url\" content=\"https:\/\/www.devinco.com\/sv\/viatracks-find\/\" \/>\r\n<meta property=\"og:site_name\" content=\"Devinco AS\" \/>\r\n<meta property=\"article:publisher\" content=\"https:\/\/www.facebook.com\/devinco.no\/\" \/>\r\n<meta property=\"article:modified_time\" content=\"2026-03-09T10:05:10+00:00\" \/>\r\n<meta property=\"og:image\" content=\"https:\/\/wwwtest.devinco.com\/wp-content\/uploads\/2023\/05\/ViaTracksFind.jpg\" \/>\r\n<meta name=\"twitter:card\" content=\"summary_large_image\" \/>\r\n<meta name=\"twitter:label1\" content=\"Ber\u00e4knad l\u00e4stid\" \/>\n\t<meta name=\"twitter:data1\" content=\"3 minuter\" \/>\r\n<script type=\"application\/ld+json\" class=\"yoast-schema-graph\">{\"@context\":\"https:\\\/\\\/schema.org\",\"@graph\":[{\"@type\":\"WebPage\",\"@id\":\"https:\\\/\\\/www.devinco.com\\\/sv\\\/viatracks-find\\\/\",\"url\":\"https:\\\/\\\/www.devinco.com\\\/sv\\\/viatracks-find\\\/\",\"name\":\"ViaTracks Find - Devinco AS\",\"isPartOf\":{\"@id\":\"https:\\\/\\\/www.devinco.com\\\/#website\"},\"primaryImageOfPage\":{\"@id\":\"https:\\\/\\\/www.devinco.com\\\/sv\\\/viatracks-find\\\/#primaryimage\"},\"image\":{\"@id\":\"https:\\\/\\\/www.devinco.com\\\/sv\\\/viatracks-find\\\/#primaryimage\"},\"thumbnailUrl\":\"https:\\\/\\\/wwwtest.devinco.com\\\/wp-content\\\/uploads\\\/2023\\\/05\\\/ViaTracksFind.jpg\",\"datePublished\":\"2023-03-23T10:19:32+00:00\",\"dateModified\":\"2026-03-09T10:05:10+00:00\",\"description\":\"Med ViaTracks Find f\u00e5 du en full \u00f6verblick \u00f6ver f\u00f6retagets resurser.\",\"breadcrumb\":{\"@id\":\"https:\\\/\\\/www.devinco.com\\\/sv\\\/viatracks-find\\\/#breadcrumb\"},\"inLanguage\":\"sv-SE\",\"potentialAction\":[{\"@type\":\"ReadAction\",\"target\":[\"https:\\\/\\\/www.devinco.com\\\/sv\\\/viatracks-find\\\/\"]}]},{\"@type\":\"ImageObject\",\"inLanguage\":\"sv-SE\",\"@id\":\"https:\\\/\\\/www.devinco.com\\\/sv\\\/viatracks-find\\\/#primaryimage\",\"url\":\"https:\\\/\\\/wwwtest.devinco.com\\\/wp-content\\\/uploads\\\/2023\\\/05\\\/ViaTracksFind.jpg\",\"contentUrl\":\"https:\\\/\\\/wwwtest.devinco.com\\\/wp-content\\\/uploads\\\/2023\\\/05\\\/ViaTracksFind.jpg\"},{\"@type\":\"BreadcrumbList\",\"@id\":\"https:\\\/\\\/www.devinco.com\\\/sv\\\/viatracks-find\\\/#breadcrumb\",\"itemListElement\":[{\"@type\":\"ListItem\",\"position\":1,\"name\":\"Home\",\"item\":\"https:\\\/\\\/www.devinco.com\\\/sv\\\/\"},{\"@type\":\"ListItem\",\"position\":2,\"name\":\"ViaTracks Find\"}]},{\"@type\":\"WebSite\",\"@id\":\"https:\\\/\\\/www.devinco.com\\\/#website\",\"url\":\"https:\\\/\\\/www.devinco.com\\\/\",\"name\":\"Devinco AS\",\"description\":\"Digitale verkt\u00f8y for h\u00e5ndverkbransjen\",\"publisher\":{\"@id\":\"https:\\\/\\\/www.devinco.com\\\/#organization\"},\"potentialAction\":[{\"@type\":\"SearchAction\",\"target\":{\"@type\":\"EntryPoint\",\"urlTemplate\":\"https:\\\/\\\/www.devinco.com\\\/?s={search_term_string}\"},\"query-input\":{\"@type\":\"PropertyValueSpecification\",\"valueRequired\":true,\"valueName\":\"search_term_string\"}}],\"inLanguage\":\"sv-SE\"},{\"@type\":\"Organization\",\"@id\":\"https:\\\/\\\/www.devinco.com\\\/#organization\",\"name\":\"Devinco AS\",\"url\":\"https:\\\/\\\/www.devinco.com\\\/\",\"logo\":{\"@type\":\"ImageObject\",\"inLanguage\":\"sv-SE\",\"@id\":\"https:\\\/\\\/www.devinco.com\\\/#\\\/schema\\\/logo\\\/image\\\/\",\"url\":\"https:\\\/\\\/www.devinco.com\\\/wp-content\\\/uploads\\\/2023\\\/04\\\/Devinco_landscape_lgbg_WEB.png\",\"contentUrl\":\"https:\\\/\\\/www.devinco.com\\\/wp-content\\\/uploads\\\/2023\\\/04\\\/Devinco_landscape_lgbg_WEB.png\",\"width\":781,\"height\":150,\"caption\":\"Devinco AS\"},\"image\":{\"@id\":\"https:\\\/\\\/www.devinco.com\\\/#\\\/schema\\\/logo\\\/image\\\/\"},\"sameAs\":[\"https:\\\/\\\/www.facebook.com\\\/devinco.no\\\/\",\"https:\\\/\\\/no.linkedin.com\\\/company\\\/devinco\"]}]}<\/script>\r\n<!-- \/ Yoast SEO plugin. -->","yoast_head_json":{"title":"ViaTracks Find - Devinco AS","description":"Med ViaTracks Find f\u00e5 du en full \u00f6verblick \u00f6ver f\u00f6retagets resurser.","robots":{"index":"index","follow":"follow","max-snippet":"max-snippet:-1","max-image-preview":"max-image-preview:large","max-video-preview":"max-video-preview:-1"},"canonical":"https:\/\/www.devinco.com\/sv\/viatracks-find\/","og_locale":"sv_SE","og_type":"article","og_title":"ViaTracks Find - Devinco AS","og_description":"Med ViaTracks Find f\u00e5 du en full \u00f6verblick \u00f6ver f\u00f6retagets resurser.","og_url":"https:\/\/www.devinco.com\/sv\/viatracks-find\/","og_site_name":"Devinco AS","article_publisher":"https:\/\/www.facebook.com\/devinco.no\/","article_modified_time":"2026-03-09T10:05:10+00:00","og_image":[{"url":"https:\/\/wwwtest.devinco.com\/wp-content\/uploads\/2023\/05\/ViaTracksFind.jpg","type":"","width":"","height":""}],"twitter_card":"summary_large_image","twitter_misc":{"Ber\u00e4knad l\u00e4stid":"3 minuter"},"schema":{"@context":"https:\/\/schema.org","@graph":[{"@type":"WebPage","@id":"https:\/\/www.devinco.com\/sv\/viatracks-find\/","url":"https:\/\/www.devinco.com\/sv\/viatracks-find\/","name":"ViaTracks Find - Devinco AS","isPartOf":{"@id":"https:\/\/www.devinco.com\/#website"},"primaryImageOfPage":{"@id":"https:\/\/www.devinco.com\/sv\/viatracks-find\/#primaryimage"},"image":{"@id":"https:\/\/www.devinco.com\/sv\/viatracks-find\/#primaryimage"},"thumbnailUrl":"https:\/\/wwwtest.devinco.com\/wp-content\/uploads\/2023\/05\/ViaTracksFind.jpg","datePublished":"2023-03-23T10:19:32+00:00","dateModified":"2026-03-09T10:05:10+00:00","description":"Med ViaTracks Find f\u00e5 du en full \u00f6verblick \u00f6ver f\u00f6retagets resurser.","breadcrumb":{"@id":"https:\/\/www.devinco.com\/sv\/viatracks-find\/#breadcrumb"},"inLanguage":"sv-SE","potentialAction":[{"@type":"ReadAction","target":["https:\/\/www.devinco.com\/sv\/viatracks-find\/"]}]},{"@type":"ImageObject","inLanguage":"sv-SE","@id":"https:\/\/www.devinco.com\/sv\/viatracks-find\/#primaryimage","url":"https:\/\/wwwtest.devinco.com\/wp-content\/uploads\/2023\/05\/ViaTracksFind.jpg","contentUrl":"https:\/\/wwwtest.devinco.com\/wp-content\/uploads\/2023\/05\/ViaTracksFind.jpg"},{"@type":"BreadcrumbList","@id":"https:\/\/www.devinco.com\/sv\/viatracks-find\/#breadcrumb","itemListElement":[{"@type":"ListItem","position":1,"name":"Home","item":"https:\/\/www.devinco.com\/sv\/"},{"@type":"ListItem","position":2,"name":"ViaTracks Find"}]},{"@type":"WebSite","@id":"https:\/\/www.devinco.com\/#website","url":"https:\/\/www.devinco.com\/","name":"Devinco AS","description":"Digitale verkt\u00f8y for h\u00e5ndverkbransjen","publisher":{"@id":"https:\/\/www.devinco.com\/#organization"},"potentialAction":[{"@type":"SearchAction","target":{"@type":"EntryPoint","urlTemplate":"https:\/\/www.devinco.com\/?s={search_term_string}"},"query-input":{"@type":"PropertyValueSpecification","valueRequired":true,"valueName":"search_term_string"}}],"inLanguage":"sv-SE"},{"@type":"Organization","@id":"https:\/\/www.devinco.com\/#organization","name":"Devinco AS","url":"https:\/\/www.devinco.com\/","logo":{"@type":"ImageObject","inLanguage":"sv-SE","@id":"https:\/\/www.devinco.com\/#\/schema\/logo\/image\/","url":"https:\/\/www.devinco.com\/wp-content\/uploads\/2023\/04\/Devinco_landscape_lgbg_WEB.png","contentUrl":"https:\/\/www.devinco.com\/wp-content\/uploads\/2023\/04\/Devinco_landscape_lgbg_WEB.png","width":781,"height":150,"caption":"Devinco AS"},"image":{"@id":"https:\/\/www.devinco.com\/#\/schema\/logo\/image\/"},"sameAs":["https:\/\/www.facebook.com\/devinco.no\/","https:\/\/no.linkedin.com\/company\/devinco"]}]}},"_links":{"self":[{"href":"https:\/\/www.devinco.com\/sv\/wp-json\/wp\/v2\/pages\/4495","targetHints":{"allow":["GET"]}}],"collection":[{"href":"https:\/\/www.devinco.com\/sv\/wp-json\/wp\/v2\/pages"}],"about":[{"href":"https:\/\/www.devinco.com\/sv\/wp-json\/wp\/v2\/types\/page"}],"author":[{"embeddable":true,"href":"https:\/\/www.devinco.com\/sv\/wp-json\/wp\/v2\/users\/2"}],"replies":[{"embeddable":true,"href":"https:\/\/www.devinco.com\/sv\/wp-json\/wp\/v2\/comments?post=4495"}],"version-history":[{"count":12,"href":"https:\/\/www.devinco.com\/sv\/wp-json\/wp\/v2\/pages\/4495\/revisions"}],"predecessor-version":[{"id":9688,"href":"https:\/\/www.devinco.com\/sv\/wp-json\/wp\/v2\/pages\/4495\/revisions\/9688"}],"wp:attachment":[{"href":"https:\/\/www.devinco.com\/sv\/wp-json\/wp\/v2\/media?parent=4495"}],"curies":[{"name":"wp","href":"https:\/\/api.w.org\/{rel}","templated":true}]}}