{"id":5001,"date":"2023-06-20T11:27:25","date_gmt":"2023-06-20T09:27:25","guid":{"rendered":"https:\/\/www.devinco.com\/transparens\/"},"modified":"2023-08-17T13:43:38","modified_gmt":"2023-08-17T11:43:38","slug":"transparens","status":"publish","type":"page","link":"https:\/\/www.devinco.com\/sv\/transparens\/","title":{"rendered":"Transparens"},"content":{"rendered":"\n<div class=\"wp-block-columns is-layout-flex wp-container-core-columns-is-layout-9d6595d7 wp-block-columns-is-layout-flex\">\n<div class=\"wp-block-column is-vertically-aligned-center is-layout-flow wp-block-column-is-layout-flow\">\n<div style=\"height:100px\" aria-hidden=\"true\" class=\"wp-block-spacer\"><\/div>\n\n\n\n<h1 class=\"wp-block-heading has-text-align-center\">Transparens &#8211; Devinco AS<\/h1>\n\n\n\n<div style=\"height:50px\" aria-hidden=\"true\" class=\"wp-block-spacer\"><\/div>\n\n\n\n<h5 class=\"wp-block-heading\"><strong>Datum: 2023-06-30.<\/strong><\/h5>\n\n\n\n<p>Devinco AS vill presentera detta uttalande om att vi tar v\u00e5rt ansvar f\u00f6r \u00f6ppenhet och transparens p\u00e5 allvar, och detta uttalande \u00e4r avsett att informera om v\u00e5ra \u00e5tg\u00e4rder och praxis relaterade till allm\u00e4nhetens tillg\u00e5ng till information.<\/p>\n\n\n\n<div style=\"height:50px\" aria-hidden=\"true\" class=\"wp-block-spacer\"><\/div>\n\n\n\n<h5 class=\"wp-block-heading\"><strong>Vem \u00e4r Devinco<\/strong><\/h5>\n\n\n\n<p>Devinco AS \u00e4r en ledande leverant\u00f6r av integrerade mobila l\u00f6sningar. V\u00e5r k\u00e4rnkompetens \u00e4r teknik som s\u00e4kerst\u00e4ller f\u00f6rb\u00e4ttrad resurshantering, detaljerad dokumentation av f\u00e4ltarbete och anv\u00e4ndning av fordon. Detta resulterar i snabbare och mer korrekt fakturering och automatiserar manuella rutiner. Denna teknik s\u00e4kerst\u00e4ller en sund ekonomi f\u00f6r b\u00e5de kund och leverant\u00f6r.<\/p>\n\n\n\n<p>Sedan starten 2002 har f\u00f6retaget haft stor tillv\u00e4xt och har \u00f6ver 50 anst\u00e4llda placerade i Trondheim, Bergen, Oslo, G\u00e4vle och Stockholm. H\u00f6sten 2022 flyttade huvudkontoret in i en ny kontorsbyggnad p\u00e5 Falkenborgvegen 36 i Trondheim.<\/p>\n\n\n\n<p>Devincos produkter representerar en kommunikationsbrygga mellan administration och produktion, samt mellan kontorsl\u00f6sningar och f\u00e4ltarbete. Vi \u00e4r ett innovativt och avancerat produktionsbolag som erbjuder unik teknologi till ett v\u00e4xande antal partners, industrier och kunder.<\/p>\n\n\n\n<div style=\"height:50px\" aria-hidden=\"true\" class=\"wp-block-spacer\"><\/div>\n\n\n\n<h5 class=\"wp-block-heading\"><strong>Due diligence-bed\u00f6mningar<\/strong><\/h5>\n\n\n\n<p>Devinco har genomf\u00f6rt en due diligence-bed\u00f6mning av sina leverant\u00f6rer. Detta f\u00f6r att avsl\u00f6ja faktiska och potentiella konsekvenser. Detta \u00e4r en p\u00e5g\u00e5ende verksamhet, d\u00e4r tidsintervall, f\u00f6r\u00e4ndringar av lokaler eller nya leverant\u00f6rer reglerar genomf\u00f6randet.<\/p>\n\n\n\n<p>Devinco har interna rutiner och krav p\u00e5 leverant\u00f6rer f\u00f6r att s\u00e4kerst\u00e4lla att f\u00f6retaget har transparens. Det finns \u00e4ven ett internt krav p\u00e5 att f\u00f6lja upp detta regelbundet.<\/p>\n\n\n\n<p>M\u00f6jliga konsekvenser f\u00f6r Devinco \u00e4r anv\u00e4ndningen av mineraler, och anv\u00e4ndningen av leverant\u00f6rer som inte f\u00f6ljer till\u00e4mpningsomr\u00e5de.<\/p>\n\n\n\n<p>Devinco har valt etablerade leverant\u00f6rer som har egna processer inom dessa omr\u00e5den, detta s\u00e4kerst\u00e4ller att v\u00e4rdekedjan.<\/p>\n\n\n\n<p>Devinco har med sina val sett till att v\u00e4rdekedjan f\u00f6ljer \u00f6ppenhet och transparens.<\/p>\n\n\n\n<div style=\"height:50px\" aria-hidden=\"true\" class=\"wp-block-spacer\"><\/div>\n\n\n\n<h5 class=\"wp-block-heading\"><strong>\u00c5tkomstkrav<\/strong><\/h5>\n\n\n\n<p>Om du vill ha ytterligare information kan du skicka oss ett e-postmeddelande: <a href=\"mailto:info.sverige@devinco.com\">info.sverige@devinco.com<\/a> <br\/>E-postmeddelandet m\u00e5ste inneh\u00e5lla f\u00f6ljande punkter:<\/p>\n\n\n\n<p>1. Namn<br\/>2. F\u00f6retag<br\/>3. Din e-post<br\/>4. Telefonnummer<br\/>5. Beskriv vad vi kan hj\u00e4lpa dig med<\/p>\n\n\n\n<p>Genom att skicka in beg\u00e4ran godk\u00e4nner du att vi behandlar dina personuppgifter i enlighet med v\u00e5r sekretesspolicy.<\/p>\n\n\n\n<h5 class=\"wp-block-heading\">Ruben Edna, Daglig Ledare Devinco AS<\/h5>\n<\/div>\n<\/div>\n","protected":false},"excerpt":{"rendered":"<p>Transparens &#8211; Devinco AS Datum: 2023-06-30. Devinco AS vill presentera detta uttalande om att vi tar v\u00e5rt ansvar f\u00f6r \u00f6ppenhet och transparens p\u00e5 allvar, och detta uttalande \u00e4r avsett att informera om v\u00e5ra \u00e5tg\u00e4rder och praxis relaterade till allm\u00e4nhetens tillg\u00e5ng till information. Vem \u00e4r Devinco Devinco AS \u00e4r en ledande leverant\u00f6r av integrerade mobila l\u00f6sningar.&hellip;&nbsp;<a href=\"https:\/\/www.devinco.com\/sv\/transparens\/\" rel=\"bookmark\">L\u00e4s mer &raquo;<span class=\"screen-reader-text\">Transparens<\/span><\/a><\/p>\n","protected":false},"author":2,"featured_media":0,"parent":0,"menu_order":0,"comment_status":"closed","ping_status":"closed","template":"","meta":{"content-type":"","neve_meta_sidebar":"","neve_meta_container":"","neve_meta_enable_content_width":"","neve_meta_content_width":0,"neve_meta_title_alignment":"","neve_meta_author_avatar":"","neve_post_elements_order":"","neve_meta_disable_header":"","neve_meta_disable_footer":"","neve_meta_disable_title":"on","_themeisle_gutenberg_block_has_review":false,"footnotes":""},"class_list":["post-5001","page","type-page","status-publish","hentry"],"yoast_head":"<!-- This site is optimized with the Yoast SEO plugin v27.5 - https:\/\/yoast.com\/product\/yoast-seo-wordpress\/ -->\r\n<title>Transparens - Devinco AS<\/title>\r\n<meta name=\"robots\" content=\"index, follow, max-snippet:-1, max-image-preview:large, max-video-preview:-1\" \/>\r\n<link rel=\"canonical\" href=\"https:\/\/www.devinco.com\/sv\/transparens\/\" \/>\r\n<meta property=\"og:locale\" content=\"sv_SE\" \/>\r\n<meta property=\"og:type\" content=\"article\" \/>\r\n<meta property=\"og:title\" content=\"Transparens - Devinco AS\" \/>\r\n<meta property=\"og:description\" content=\"Transparens &#8211; Devinco AS Datum: 2023-06-30. Devinco AS vill presentera detta uttalande om att vi tar v\u00e5rt ansvar f\u00f6r \u00f6ppenhet och transparens p\u00e5 allvar, och detta uttalande \u00e4r avsett att informera om v\u00e5ra \u00e5tg\u00e4rder och praxis relaterade till allm\u00e4nhetens tillg\u00e5ng till information. Vem \u00e4r Devinco Devinco AS \u00e4r en ledande leverant\u00f6r av integrerade mobila l\u00f6sningar.&hellip;&nbsp;L\u00e4s mer &raquo;Transparens\" \/>\r\n<meta property=\"og:url\" content=\"https:\/\/www.devinco.com\/sv\/transparens\/\" \/>\r\n<meta property=\"og:site_name\" content=\"Devinco AS\" \/>\r\n<meta property=\"article:publisher\" content=\"https:\/\/www.facebook.com\/devinco.no\/\" \/>\r\n<meta property=\"article:modified_time\" content=\"2023-08-17T11:43:38+00:00\" \/>\r\n<meta name=\"twitter:card\" content=\"summary_large_image\" \/>\r\n<meta name=\"twitter:label1\" content=\"Ber\u00e4knad l\u00e4stid\" \/>\n\t<meta name=\"twitter:data1\" content=\"2 minuter\" \/>\r\n<script type=\"application\/ld+json\" class=\"yoast-schema-graph\">{\"@context\":\"https:\\\/\\\/schema.org\",\"@graph\":[{\"@type\":\"WebPage\",\"@id\":\"https:\\\/\\\/www.devinco.com\\\/sv\\\/transparens\\\/\",\"url\":\"https:\\\/\\\/www.devinco.com\\\/sv\\\/transparens\\\/\",\"name\":\"Transparens - Devinco AS\",\"isPartOf\":{\"@id\":\"https:\\\/\\\/www.devinco.com\\\/#website\"},\"datePublished\":\"2023-06-20T09:27:25+00:00\",\"dateModified\":\"2023-08-17T11:43:38+00:00\",\"breadcrumb\":{\"@id\":\"https:\\\/\\\/www.devinco.com\\\/sv\\\/transparens\\\/#breadcrumb\"},\"inLanguage\":\"sv-SE\",\"potentialAction\":[{\"@type\":\"ReadAction\",\"target\":[\"https:\\\/\\\/www.devinco.com\\\/sv\\\/transparens\\\/\"]}]},{\"@type\":\"BreadcrumbList\",\"@id\":\"https:\\\/\\\/www.devinco.com\\\/sv\\\/transparens\\\/#breadcrumb\",\"itemListElement\":[{\"@type\":\"ListItem\",\"position\":1,\"name\":\"Home\",\"item\":\"https:\\\/\\\/www.devinco.com\\\/sv\\\/\"},{\"@type\":\"ListItem\",\"position\":2,\"name\":\"Transparens\"}]},{\"@type\":\"WebSite\",\"@id\":\"https:\\\/\\\/www.devinco.com\\\/#website\",\"url\":\"https:\\\/\\\/www.devinco.com\\\/\",\"name\":\"Devinco AS\",\"description\":\"Digitale verkt\u00f8y for h\u00e5ndverkbransjen\",\"publisher\":{\"@id\":\"https:\\\/\\\/www.devinco.com\\\/#organization\"},\"potentialAction\":[{\"@type\":\"SearchAction\",\"target\":{\"@type\":\"EntryPoint\",\"urlTemplate\":\"https:\\\/\\\/www.devinco.com\\\/?s={search_term_string}\"},\"query-input\":{\"@type\":\"PropertyValueSpecification\",\"valueRequired\":true,\"valueName\":\"search_term_string\"}}],\"inLanguage\":\"sv-SE\"},{\"@type\":\"Organization\",\"@id\":\"https:\\\/\\\/www.devinco.com\\\/#organization\",\"name\":\"Devinco AS\",\"url\":\"https:\\\/\\\/www.devinco.com\\\/\",\"logo\":{\"@type\":\"ImageObject\",\"inLanguage\":\"sv-SE\",\"@id\":\"https:\\\/\\\/www.devinco.com\\\/#\\\/schema\\\/logo\\\/image\\\/\",\"url\":\"https:\\\/\\\/www.devinco.com\\\/wp-content\\\/uploads\\\/2023\\\/04\\\/Devinco_landscape_lgbg_WEB.png\",\"contentUrl\":\"https:\\\/\\\/www.devinco.com\\\/wp-content\\\/uploads\\\/2023\\\/04\\\/Devinco_landscape_lgbg_WEB.png\",\"width\":781,\"height\":150,\"caption\":\"Devinco AS\"},\"image\":{\"@id\":\"https:\\\/\\\/www.devinco.com\\\/#\\\/schema\\\/logo\\\/image\\\/\"},\"sameAs\":[\"https:\\\/\\\/www.facebook.com\\\/devinco.no\\\/\",\"https:\\\/\\\/no.linkedin.com\\\/company\\\/devinco\"]}]}<\/script>\r\n<!-- \/ Yoast SEO plugin. -->","yoast_head_json":{"title":"Transparens - Devinco AS","robots":{"index":"index","follow":"follow","max-snippet":"max-snippet:-1","max-image-preview":"max-image-preview:large","max-video-preview":"max-video-preview:-1"},"canonical":"https:\/\/www.devinco.com\/sv\/transparens\/","og_locale":"sv_SE","og_type":"article","og_title":"Transparens - Devinco AS","og_description":"Transparens &#8211; Devinco AS Datum: 2023-06-30. Devinco AS vill presentera detta uttalande om att vi tar v\u00e5rt ansvar f\u00f6r \u00f6ppenhet och transparens p\u00e5 allvar, och detta uttalande \u00e4r avsett att informera om v\u00e5ra \u00e5tg\u00e4rder och praxis relaterade till allm\u00e4nhetens tillg\u00e5ng till information. Vem \u00e4r Devinco Devinco AS \u00e4r en ledande leverant\u00f6r av integrerade mobila l\u00f6sningar.&hellip;&nbsp;L\u00e4s mer &raquo;Transparens","og_url":"https:\/\/www.devinco.com\/sv\/transparens\/","og_site_name":"Devinco AS","article_publisher":"https:\/\/www.facebook.com\/devinco.no\/","article_modified_time":"2023-08-17T11:43:38+00:00","twitter_card":"summary_large_image","twitter_misc":{"Ber\u00e4knad l\u00e4stid":"2 minuter"},"schema":{"@context":"https:\/\/schema.org","@graph":[{"@type":"WebPage","@id":"https:\/\/www.devinco.com\/sv\/transparens\/","url":"https:\/\/www.devinco.com\/sv\/transparens\/","name":"Transparens - Devinco AS","isPartOf":{"@id":"https:\/\/www.devinco.com\/#website"},"datePublished":"2023-06-20T09:27:25+00:00","dateModified":"2023-08-17T11:43:38+00:00","breadcrumb":{"@id":"https:\/\/www.devinco.com\/sv\/transparens\/#breadcrumb"},"inLanguage":"sv-SE","potentialAction":[{"@type":"ReadAction","target":["https:\/\/www.devinco.com\/sv\/transparens\/"]}]},{"@type":"BreadcrumbList","@id":"https:\/\/www.devinco.com\/sv\/transparens\/#breadcrumb","itemListElement":[{"@type":"ListItem","position":1,"name":"Home","item":"https:\/\/www.devinco.com\/sv\/"},{"@type":"ListItem","position":2,"name":"Transparens"}]},{"@type":"WebSite","@id":"https:\/\/www.devinco.com\/#website","url":"https:\/\/www.devinco.com\/","name":"Devinco AS","description":"Digitale verkt\u00f8y for h\u00e5ndverkbransjen","publisher":{"@id":"https:\/\/www.devinco.com\/#organization"},"potentialAction":[{"@type":"SearchAction","target":{"@type":"EntryPoint","urlTemplate":"https:\/\/www.devinco.com\/?s={search_term_string}"},"query-input":{"@type":"PropertyValueSpecification","valueRequired":true,"valueName":"search_term_string"}}],"inLanguage":"sv-SE"},{"@type":"Organization","@id":"https:\/\/www.devinco.com\/#organization","name":"Devinco AS","url":"https:\/\/www.devinco.com\/","logo":{"@type":"ImageObject","inLanguage":"sv-SE","@id":"https:\/\/www.devinco.com\/#\/schema\/logo\/image\/","url":"https:\/\/www.devinco.com\/wp-content\/uploads\/2023\/04\/Devinco_landscape_lgbg_WEB.png","contentUrl":"https:\/\/www.devinco.com\/wp-content\/uploads\/2023\/04\/Devinco_landscape_lgbg_WEB.png","width":781,"height":150,"caption":"Devinco AS"},"image":{"@id":"https:\/\/www.devinco.com\/#\/schema\/logo\/image\/"},"sameAs":["https:\/\/www.facebook.com\/devinco.no\/","https:\/\/no.linkedin.com\/company\/devinco"]}]}},"_links":{"self":[{"href":"https:\/\/www.devinco.com\/sv\/wp-json\/wp\/v2\/pages\/5001","targetHints":{"allow":["GET"]}}],"collection":[{"href":"https:\/\/www.devinco.com\/sv\/wp-json\/wp\/v2\/pages"}],"about":[{"href":"https:\/\/www.devinco.com\/sv\/wp-json\/wp\/v2\/types\/page"}],"author":[{"embeddable":true,"href":"https:\/\/www.devinco.com\/sv\/wp-json\/wp\/v2\/users\/2"}],"replies":[{"embeddable":true,"href":"https:\/\/www.devinco.com\/sv\/wp-json\/wp\/v2\/comments?post=5001"}],"version-history":[{"count":2,"href":"https:\/\/www.devinco.com\/sv\/wp-json\/wp\/v2\/pages\/5001\/revisions"}],"predecessor-version":[{"id":5003,"href":"https:\/\/www.devinco.com\/sv\/wp-json\/wp\/v2\/pages\/5001\/revisions\/5003"}],"wp:attachment":[{"href":"https:\/\/www.devinco.com\/sv\/wp-json\/wp\/v2\/media?parent=5001"}],"curies":[{"name":"wp","href":"https:\/\/api.w.org\/{rel}","templated":true}]}}