{"id":5269,"date":"2023-09-26T12:59:36","date_gmt":"2023-09-26T10:59:36","guid":{"rendered":"https:\/\/www.devinco.com\/kontakt\/"},"modified":"2025-12-18T15:49:16","modified_gmt":"2025-12-18T13:49:16","slug":"kontakt","status":"publish","type":"page","link":"https:\/\/www.devinco.com\/sv\/kontakt\/","title":{"rendered":"Kontakt"},"content":{"rendered":"\n<div style=\"height:55px\" aria-hidden=\"true\" class=\"wp-block-spacer\"><\/div>\n\n\n\n<div class=\"wp-block-columns alignfull is-layout-flex wp-container-core-columns-is-layout-9d6595d7 wp-block-columns-is-layout-flex\">\n<div class=\"wp-block-column is-vertically-aligned-top has-nv-site-bg-background-color has-background is-layout-flow wp-block-column-is-layout-flow\">\n<div class=\"wp-block-cover aligncenter is-light ticss-ffa6155e\" style=\"min-height:723px;aspect-ratio:unset;\"><span aria-hidden=\"true\" class=\"wp-block-cover__background has-background-dim-10 has-background-dim\" style=\"background-color:#fbfcfc\"><\/span><div class=\"wp-block-cover__inner-container is-layout-constrained wp-block-cover-is-layout-constrained\">\n<div style=\"height:40px\" aria-hidden=\"true\" class=\"wp-block-spacer\"><\/div>\n\n\n\n<p class=\"has-text-align-center has-neve-link-color-color has-text-color has-large-font-size\"><strong>Kontakta oss<\/strong><\/p>\n\n\n\n<h4 class=\"wp-block-heading has-text-align-center has-neve-link-color-color has-text-color\" style=\"font-size:17px\">Vill du veta mer om v\u00e5ra l\u00f6sningar? <br>Vi hj\u00e4lper dig g\u00e4rna med fr\u00e5gor och funderingar. V\u00e5rt team \u00e4r redo att svara.<br>Fyll i formul\u00e4ret s\u00e5 kontaktar vi dig inom kort.<\/h4>\n\n\n<p><script src='https:\/\/online.superoffice.com\/Cust13613\/CS\/scripts\/customer.fcgi?action=form&#038;id=F-BUqzOnTg' defer><\/script><\/p>\n<\/div><\/div>\n<\/div>\n\n\n\n<div class=\"wp-block-column ticss-1cb6d68a is-layout-flow wp-block-column-is-layout-flow\">\n<div class=\"wp-block-cover aligncenter ticss-2ac16ba0\" style=\"min-height:723px;aspect-ratio:unset;\"><img loading=\"lazy\" decoding=\"async\" width=\"600\" height=\"720\" class=\"wp-block-cover__image-background wp-image-4833\" alt=\"\" src=\"https:\/\/www.devinco.com\/wp-content\/uploads\/2023\/06\/newsletterphoto.jpg\" style=\"object-position:50% 9%\" data-object-fit=\"cover\" data-object-position=\"50% 9%\" srcset=\"https:\/\/www.devinco.com\/wp-content\/uploads\/2023\/06\/newsletterphoto.jpg 600w, https:\/\/www.devinco.com\/wp-content\/uploads\/2023\/06\/newsletterphoto-250x300.jpg 250w\" sizes=\"auto, (max-width: 600px) 100vw, 600px\" \/><span aria-hidden=\"true\" class=\"wp-block-cover__background has-nv-dark-bg-background-color has-background-dim-90 has-background-dim\"><\/span><div class=\"wp-block-cover__inner-container is-layout-constrained wp-block-cover-is-layout-constrained\">\n<p class=\"has-text-align-center has-nv-light-bg-color has-text-color has-large-font-size\"><strong>Kundcenter<\/strong><\/p>\n\n\n\n<h4 class=\"wp-block-heading has-text-align-center has-nv-light-bg-color has-text-color\" style=\"font-size:17px\">\u00c4r du redan kund hos Devinco? F\u00f6r efterbest\u00e4llning av utrustning, licenser och andra fr\u00e5gor \u2013 <br>v\u00e4nligen kontakta v\u00e5rt kundcenter.<\/h4>\n\n\n\n<div class=\"wp-block-buttons is-content-justification-center is-layout-flex wp-container-core-buttons-is-layout-16018d1d wp-block-buttons-is-layout-flex\">\n<div class=\"wp-block-button is-style-secondary\"><a class=\"wp-block-button__link has-neve-link-hover-color-color has-text-color has-text-align-center wp-element-button\" href=\"https:\/\/support.devinco.com\/hc\/en-us\/requests\/new\" target=\"_blank\" rel=\"noreferrer noopener\">Kontakta oss<\/a><\/div>\n<\/div>\n<\/div><\/div>\n<\/div>\n<\/div>\n","protected":false},"excerpt":{"rendered":"","protected":false},"author":2,"featured_media":0,"parent":0,"menu_order":0,"comment_status":"closed","ping_status":"closed","template":"","meta":{"content-type":"","neve_meta_sidebar":"default","neve_meta_container":"","neve_meta_enable_content_width":"on","neve_meta_content_width":100,"neve_meta_title_alignment":"","neve_meta_author_avatar":"","neve_post_elements_order":"","neve_meta_disable_header":"off","neve_meta_disable_footer":"off","neve_meta_disable_title":"on","_themeisle_gutenberg_block_has_review":false,"footnotes":""},"class_list":["post-5269","page","type-page","status-publish","hentry"],"yoast_head":"<!-- This site is optimized with the Yoast SEO plugin v27.2 - https:\/\/yoast.com\/product\/yoast-seo-wordpress\/ -->\r\n<title>Kontakt - Devinco AS<\/title>\r\n<meta name=\"description\" content=\"Vill du veta mer om hur v\u00e5ra l\u00f6sningar fungerar? L\u00e4mna din information h\u00e4r s\u00e5 ger vi dig en recension.\" \/>\r\n<meta name=\"robots\" content=\"index, follow, max-snippet:-1, max-image-preview:large, max-video-preview:-1\" \/>\r\n<link rel=\"canonical\" href=\"https:\/\/www.devinco.com\/sv\/kontakt\/\" \/>\r\n<meta property=\"og:locale\" content=\"sv_SE\" \/>\r\n<meta property=\"og:type\" content=\"article\" \/>\r\n<meta property=\"og:title\" content=\"Kontakt - Devinco AS\" \/>\r\n<meta property=\"og:description\" content=\"Vill du veta mer om hur v\u00e5ra l\u00f6sningar fungerar? L\u00e4mna din information h\u00e4r s\u00e5 ger vi dig en recension.\" \/>\r\n<meta property=\"og:url\" content=\"https:\/\/www.devinco.com\/sv\/kontakt\/\" \/>\r\n<meta property=\"og:site_name\" content=\"Devinco AS\" \/>\r\n<meta property=\"article:publisher\" content=\"https:\/\/www.facebook.com\/devinco.no\/\" \/>\r\n<meta property=\"article:modified_time\" content=\"2025-12-18T13:49:16+00:00\" \/>\r\n<meta property=\"og:image\" content=\"https:\/\/www.devinco.com\/wp-content\/uploads\/2023\/06\/newsletterphoto.jpg\" \/>\r\n\t<meta property=\"og:image:width\" content=\"600\" \/>\r\n\t<meta property=\"og:image:height\" content=\"720\" \/>\r\n\t<meta property=\"og:image:type\" content=\"image\/jpeg\" \/>\r\n<meta name=\"twitter:card\" content=\"summary_large_image\" \/>\r\n<meta name=\"twitter:label1\" content=\"Ber\u00e4knad l\u00e4stid\" \/>\n\t<meta name=\"twitter:data1\" content=\"1 minut\" \/>\r\n<script type=\"application\/ld+json\" class=\"yoast-schema-graph\">{\"@context\":\"https:\/\/schema.org\",\"@graph\":[{\"@type\":\"WebPage\",\"@id\":\"https:\/\/www.devinco.com\/sv\/kontakt\/\",\"url\":\"https:\/\/www.devinco.com\/sv\/kontakt\/\",\"name\":\"Kontakt - Devinco AS\",\"isPartOf\":{\"@id\":\"https:\/\/www.devinco.com\/#website\"},\"primaryImageOfPage\":{\"@id\":\"https:\/\/www.devinco.com\/sv\/kontakt\/#primaryimage\"},\"image\":{\"@id\":\"https:\/\/www.devinco.com\/sv\/kontakt\/#primaryimage\"},\"thumbnailUrl\":\"https:\/\/www.devinco.com\/wp-content\/uploads\/2023\/06\/newsletterphoto.jpg\",\"datePublished\":\"2023-09-26T10:59:36+00:00\",\"dateModified\":\"2025-12-18T13:49:16+00:00\",\"description\":\"Vill du veta mer om hur v\u00e5ra l\u00f6sningar fungerar? L\u00e4mna din information h\u00e4r s\u00e5 ger vi dig en recension.\",\"breadcrumb\":{\"@id\":\"https:\/\/www.devinco.com\/sv\/kontakt\/#breadcrumb\"},\"inLanguage\":\"sv-SE\",\"potentialAction\":[{\"@type\":\"ReadAction\",\"target\":[\"https:\/\/www.devinco.com\/sv\/kontakt\/\"]}]},{\"@type\":\"ImageObject\",\"inLanguage\":\"sv-SE\",\"@id\":\"https:\/\/www.devinco.com\/sv\/kontakt\/#primaryimage\",\"url\":\"https:\/\/www.devinco.com\/wp-content\/uploads\/2023\/06\/newsletterphoto.jpg\",\"contentUrl\":\"https:\/\/www.devinco.com\/wp-content\/uploads\/2023\/06\/newsletterphoto.jpg\"},{\"@type\":\"BreadcrumbList\",\"@id\":\"https:\/\/www.devinco.com\/sv\/kontakt\/#breadcrumb\",\"itemListElement\":[{\"@type\":\"ListItem\",\"position\":1,\"name\":\"Home\",\"item\":\"https:\/\/www.devinco.com\/sv\/\"},{\"@type\":\"ListItem\",\"position\":2,\"name\":\"Kontakt\"}]},{\"@type\":\"WebSite\",\"@id\":\"https:\/\/www.devinco.com\/#website\",\"url\":\"https:\/\/www.devinco.com\/\",\"name\":\"Devinco AS\",\"description\":\"Digitale verkt\u00f8y for h\u00e5ndverkbransjen\",\"publisher\":{\"@id\":\"https:\/\/www.devinco.com\/#organization\"},\"potentialAction\":[{\"@type\":\"SearchAction\",\"target\":{\"@type\":\"EntryPoint\",\"urlTemplate\":\"https:\/\/www.devinco.com\/?s={search_term_string}\"},\"query-input\":{\"@type\":\"PropertyValueSpecification\",\"valueRequired\":true,\"valueName\":\"search_term_string\"}}],\"inLanguage\":\"sv-SE\"},{\"@type\":\"Organization\",\"@id\":\"https:\/\/www.devinco.com\/#organization\",\"name\":\"Devinco AS\",\"url\":\"https:\/\/www.devinco.com\/\",\"logo\":{\"@type\":\"ImageObject\",\"inLanguage\":\"sv-SE\",\"@id\":\"https:\/\/www.devinco.com\/#\/schema\/logo\/image\/\",\"url\":\"https:\/\/www.devinco.com\/wp-content\/uploads\/2023\/04\/Devinco_landscape_lgbg_WEB.png\",\"contentUrl\":\"https:\/\/www.devinco.com\/wp-content\/uploads\/2023\/04\/Devinco_landscape_lgbg_WEB.png\",\"width\":781,\"height\":150,\"caption\":\"Devinco AS\"},\"image\":{\"@id\":\"https:\/\/www.devinco.com\/#\/schema\/logo\/image\/\"},\"sameAs\":[\"https:\/\/www.facebook.com\/devinco.no\/\",\"https:\/\/no.linkedin.com\/company\/devinco\"]}]}<\/script>\r\n<!-- \/ Yoast SEO plugin. -->","yoast_head_json":{"title":"Kontakt - Devinco AS","description":"Vill du veta mer om hur v\u00e5ra l\u00f6sningar fungerar? L\u00e4mna din information h\u00e4r s\u00e5 ger vi dig en recension.","robots":{"index":"index","follow":"follow","max-snippet":"max-snippet:-1","max-image-preview":"max-image-preview:large","max-video-preview":"max-video-preview:-1"},"canonical":"https:\/\/www.devinco.com\/sv\/kontakt\/","og_locale":"sv_SE","og_type":"article","og_title":"Kontakt - Devinco AS","og_description":"Vill du veta mer om hur v\u00e5ra l\u00f6sningar fungerar? L\u00e4mna din information h\u00e4r s\u00e5 ger vi dig en recension.","og_url":"https:\/\/www.devinco.com\/sv\/kontakt\/","og_site_name":"Devinco AS","article_publisher":"https:\/\/www.facebook.com\/devinco.no\/","article_modified_time":"2025-12-18T13:49:16+00:00","og_image":[{"width":600,"height":720,"url":"https:\/\/www.devinco.com\/wp-content\/uploads\/2023\/06\/newsletterphoto.jpg","type":"image\/jpeg"}],"twitter_card":"summary_large_image","twitter_misc":{"Ber\u00e4knad l\u00e4stid":"1 minut"},"schema":{"@context":"https:\/\/schema.org","@graph":[{"@type":"WebPage","@id":"https:\/\/www.devinco.com\/sv\/kontakt\/","url":"https:\/\/www.devinco.com\/sv\/kontakt\/","name":"Kontakt - Devinco AS","isPartOf":{"@id":"https:\/\/www.devinco.com\/#website"},"primaryImageOfPage":{"@id":"https:\/\/www.devinco.com\/sv\/kontakt\/#primaryimage"},"image":{"@id":"https:\/\/www.devinco.com\/sv\/kontakt\/#primaryimage"},"thumbnailUrl":"https:\/\/www.devinco.com\/wp-content\/uploads\/2023\/06\/newsletterphoto.jpg","datePublished":"2023-09-26T10:59:36+00:00","dateModified":"2025-12-18T13:49:16+00:00","description":"Vill du veta mer om hur v\u00e5ra l\u00f6sningar fungerar? L\u00e4mna din information h\u00e4r s\u00e5 ger vi dig en recension.","breadcrumb":{"@id":"https:\/\/www.devinco.com\/sv\/kontakt\/#breadcrumb"},"inLanguage":"sv-SE","potentialAction":[{"@type":"ReadAction","target":["https:\/\/www.devinco.com\/sv\/kontakt\/"]}]},{"@type":"ImageObject","inLanguage":"sv-SE","@id":"https:\/\/www.devinco.com\/sv\/kontakt\/#primaryimage","url":"https:\/\/www.devinco.com\/wp-content\/uploads\/2023\/06\/newsletterphoto.jpg","contentUrl":"https:\/\/www.devinco.com\/wp-content\/uploads\/2023\/06\/newsletterphoto.jpg"},{"@type":"BreadcrumbList","@id":"https:\/\/www.devinco.com\/sv\/kontakt\/#breadcrumb","itemListElement":[{"@type":"ListItem","position":1,"name":"Home","item":"https:\/\/www.devinco.com\/sv\/"},{"@type":"ListItem","position":2,"name":"Kontakt"}]},{"@type":"WebSite","@id":"https:\/\/www.devinco.com\/#website","url":"https:\/\/www.devinco.com\/","name":"Devinco AS","description":"Digitale verkt\u00f8y for h\u00e5ndverkbransjen","publisher":{"@id":"https:\/\/www.devinco.com\/#organization"},"potentialAction":[{"@type":"SearchAction","target":{"@type":"EntryPoint","urlTemplate":"https:\/\/www.devinco.com\/?s={search_term_string}"},"query-input":{"@type":"PropertyValueSpecification","valueRequired":true,"valueName":"search_term_string"}}],"inLanguage":"sv-SE"},{"@type":"Organization","@id":"https:\/\/www.devinco.com\/#organization","name":"Devinco AS","url":"https:\/\/www.devinco.com\/","logo":{"@type":"ImageObject","inLanguage":"sv-SE","@id":"https:\/\/www.devinco.com\/#\/schema\/logo\/image\/","url":"https:\/\/www.devinco.com\/wp-content\/uploads\/2023\/04\/Devinco_landscape_lgbg_WEB.png","contentUrl":"https:\/\/www.devinco.com\/wp-content\/uploads\/2023\/04\/Devinco_landscape_lgbg_WEB.png","width":781,"height":150,"caption":"Devinco AS"},"image":{"@id":"https:\/\/www.devinco.com\/#\/schema\/logo\/image\/"},"sameAs":["https:\/\/www.facebook.com\/devinco.no\/","https:\/\/no.linkedin.com\/company\/devinco"]}]}},"_links":{"self":[{"href":"https:\/\/www.devinco.com\/sv\/wp-json\/wp\/v2\/pages\/5269","targetHints":{"allow":["GET"]}}],"collection":[{"href":"https:\/\/www.devinco.com\/sv\/wp-json\/wp\/v2\/pages"}],"about":[{"href":"https:\/\/www.devinco.com\/sv\/wp-json\/wp\/v2\/types\/page"}],"author":[{"embeddable":true,"href":"https:\/\/www.devinco.com\/sv\/wp-json\/wp\/v2\/users\/2"}],"replies":[{"embeddable":true,"href":"https:\/\/www.devinco.com\/sv\/wp-json\/wp\/v2\/comments?post=5269"}],"version-history":[{"count":7,"href":"https:\/\/www.devinco.com\/sv\/wp-json\/wp\/v2\/pages\/5269\/revisions"}],"predecessor-version":[{"id":9588,"href":"https:\/\/www.devinco.com\/sv\/wp-json\/wp\/v2\/pages\/5269\/revisions\/9588"}],"wp:attachment":[{"href":"https:\/\/www.devinco.com\/sv\/wp-json\/wp\/v2\/media?parent=5269"}],"curies":[{"name":"wp","href":"https:\/\/api.w.org\/{rel}","templated":true}]}}