{"id":8113,"date":"2024-05-30T14:47:38","date_gmt":"2024-05-30T12:47:38","guid":{"rendered":"https:\/\/www.devinco.com\/integrasjoner\/visma-eaccounting\/"},"modified":"2025-09-08T14:33:07","modified_gmt":"2025-09-08T12:33:07","slug":"visma-eaccounting","status":"publish","type":"page","link":"https:\/\/www.devinco.com\/sv\/integrationer\/visma-eaccounting\/","title":{"rendered":"Visma eEkonomi"},"content":{"rendered":"\n<div id=\"wp-block-themeisle-blocks-advanced-columns-a2946a77\" class=\"wp-block-themeisle-blocks-advanced-columns alignfull has-2-columns has-desktop-equal-layout has-tablet-equal-layout has-mobile-collapsedRows-layout has-vertical-center ticss-a2946a77\"><div class=\"wp-block-themeisle-blocks-advanced-columns-overlay\"><\/div><div class=\"innerblocks-wrap\">\n<div id=\"wp-block-themeisle-blocks-advanced-column-92b2db05\" class=\"wp-block-themeisle-blocks-advanced-column\">\n<div style=\"height:27px\" aria-hidden=\"true\" class=\"wp-block-spacer\"><\/div>\n\n\n\n<div id=\"wp-block-themeisle-blocks-advanced-heading-4ddad153\" class=\"wp-block-themeisle-blocks-advanced-heading wp-block-themeisle-blocks-advanced-heading-4ddad153\"><strong>INTEGRATIONER<\/strong><\/div>\n\n\n\n<h1 id=\"wp-block-themeisle-blocks-advanced-heading-8f1f2647\" class=\"wp-block-themeisle-blocks-advanced-heading wp-block-themeisle-blocks-advanced-heading-8f1f2647\">Visma eEkonomi<\/h1>\n\n\n\n<p>Devinco har skapat en t\u00e4t och effektiv integration med Visma eAccounting. Systemet \u00e4r anv\u00e4ndarv\u00e4nligt och intuitivt, och v\u00e5r integration t\u00e4cker de viktiga behoven mellan de b\u00e5da l\u00f6sningarna.<\/p>\n\n\n\n<div class=\"wp-block-buttons is-layout-flex wp-block-buttons-is-layout-flex\">\n<div class=\"wp-block-button is-style-primary\"><a class=\"wp-block-button__link has-neve-link-hover-color-background-color has-background wp-element-button\" href=\"https:\/\/www.devinco.com\/sv\/kontakt\/\" target=\"_blank\" rel=\"noreferrer noopener\">KONTAKTA OSS<\/a><\/div>\n<\/div>\n\n\n\n<div style=\"height:27px\" aria-hidden=\"true\" class=\"wp-block-spacer\"><\/div>\n<\/div>\n\n\n\n<div id=\"wp-block-themeisle-blocks-advanced-column-bbddf55b\" class=\"wp-block-themeisle-blocks-advanced-column\"><div class=\"wp-block-image\">\n<figure class=\"aligncenter size-full\"><img loading=\"lazy\" decoding=\"async\" width=\"631\" height=\"500\" src=\"https:\/\/www.devinco.com\/wp-content\/uploads\/2024\/03\/Integration-visual-Visma-eaccounting.png\" alt=\"\" class=\"wp-image-6022\" srcset=\"https:\/\/www.devinco.com\/wp-content\/uploads\/2024\/03\/Integration-visual-Visma-eaccounting.png 631w, https:\/\/www.devinco.com\/wp-content\/uploads\/2024\/03\/Integration-visual-Visma-eaccounting-300x238.png 300w\" sizes=\"auto, (max-width: 631px) 100vw, 631px\" \/><\/figure>\n<\/div><\/div>\n<\/div><\/div>\n\n\n\n<div id=\"wp-block-themeisle-blocks-advanced-columns-3a632c5b\" class=\"wp-block-themeisle-blocks-advanced-columns alignfull has-3-columns has-desktop-equal-layout has-tablet-equal-layout has-mobile-collapsedRows-layout has-vertical-top ticss-c00aadba\"><div class=\"wp-block-themeisle-blocks-advanced-columns-overlay\"><\/div><div class=\"innerblocks-wrap\">\n<div id=\"wp-block-themeisle-blocks-advanced-column-41ba06f1\" class=\"wp-block-themeisle-blocks-advanced-column\"><\/div>\n\n\n\n<div id=\"wp-block-themeisle-blocks-advanced-column-562b5af7\" class=\"wp-block-themeisle-blocks-advanced-column has-light-bg\"><div class=\"wp-block-image\">\n<figure class=\"aligncenter size-medium\"><img loading=\"lazy\" decoding=\"async\" width=\"300\" height=\"42\" src=\"https:\/\/www.devinco.com\/wp-content\/uploads\/2023\/12\/SpeedyCraft_byDevinco_portrait_lgbg_WEB-300x42.png\" alt=\"\" class=\"wp-image-5510\" srcset=\"https:\/\/www.devinco.com\/wp-content\/uploads\/2023\/12\/SpeedyCraft_byDevinco_portrait_lgbg_WEB-300x42.png 300w, https:\/\/www.devinco.com\/wp-content\/uploads\/2023\/12\/SpeedyCraft_byDevinco_portrait_lgbg_WEB-1024x144.png 1024w, https:\/\/www.devinco.com\/wp-content\/uploads\/2023\/12\/SpeedyCraft_byDevinco_portrait_lgbg_WEB-768x108.png 768w, https:\/\/www.devinco.com\/wp-content\/uploads\/2023\/12\/SpeedyCraft_byDevinco_portrait_lgbg_WEB-1536x216.png 1536w, https:\/\/www.devinco.com\/wp-content\/uploads\/2023\/12\/SpeedyCraft_byDevinco_portrait_lgbg_WEB-2048x289.png 2048w\" sizes=\"auto, (max-width: 300px) 100vw, 300px\" \/><\/figure>\n<\/div>\n\n\n<div style=\"height:30px\" aria-hidden=\"true\" class=\"wp-block-spacer\"><\/div>\n\n\n\n<div class=\"wp-block-group\"><div class=\"wp-block-group__inner-container is-layout-constrained wp-block-group-is-layout-constrained\">\n<details class=\"wp-block-details ticss-1ad0e075 is-layout-flow wp-block-details-is-layout-flow\" style=\"border-style:none;border-width:0px;padding-top:0;padding-right:0rem;padding-bottom:0;padding-left:0rem\" open><summary>Basis<br>*Alla integrationer till Devinco inkluderar dessa funktioner.<\/summary>\n<div id=\"wp-block-themeisle-blocks-icon-list-beec98ee\" class=\"wp-block-themeisle-blocks-icon-list\">\n<div id=\"wp-block-themeisle-blocks-icon-list-item-171c91b1\" class=\"wp-block-themeisle-blocks-icon-list-item\"><i class=\"fas fa-check wp-block-themeisle-blocks-icon-list-item-icon-custom\"><\/i><p class=\"wp-block-themeisle-blocks-icon-list-item-content\">Order<\/p><\/div>\n\n\n\n<div id=\"wp-block-themeisle-blocks-icon-list-item-4f1834ba\" class=\"wp-block-themeisle-blocks-icon-list-item\"><i class=\"fas fa-check wp-block-themeisle-blocks-icon-list-item-icon-custom\"><\/i><p class=\"wp-block-themeisle-blocks-icon-list-item-content\">Timmar<\/p><\/div>\n\n\n\n<div id=\"wp-block-themeisle-blocks-icon-list-item-60012680\" class=\"wp-block-themeisle-blocks-icon-list-item\"><i class=\"fas fa-check wp-block-themeisle-blocks-icon-list-item-icon-custom\"><\/i><p class=\"wp-block-themeisle-blocks-icon-list-item-content\">Produkter<\/p><\/div>\n\n\n\n<div id=\"wp-block-themeisle-blocks-icon-list-item-d770360d\" class=\"wp-block-themeisle-blocks-icon-list-item\"><i class=\"fas fa-check wp-block-themeisle-blocks-icon-list-item-icon-custom\"><\/i><p class=\"wp-block-themeisle-blocks-icon-list-item-content\">Checklistor\/bilagor<\/p><\/div>\n\n\n\n<div id=\"wp-block-themeisle-blocks-icon-list-item-d37130a3\" class=\"wp-block-themeisle-blocks-icon-list-item\"><i class=\"fas fa-check wp-block-themeisle-blocks-icon-list-item-icon-custom\"><\/i><p class=\"wp-block-themeisle-blocks-icon-list-item-content\">Kunder<\/p><\/div>\n\n\n\n<div id=\"wp-block-themeisle-blocks-icon-list-item-a6e62ef0\" class=\"wp-block-themeisle-blocks-icon-list-item\"><i class=\"fas fa-check wp-block-themeisle-blocks-icon-list-item-icon-custom\"><\/i><p class=\"wp-block-themeisle-blocks-icon-list-item-content\">Anst\u00e4llda<\/p><\/div>\n<\/div>\n<\/details>\n<\/div><\/div>\n\n\n\n<div style=\"height:30px\" aria-hidden=\"true\" class=\"wp-block-spacer\"><\/div>\n\n\n\n<h6 class=\"wp-block-heading\">Funktioner<\/h6>\n\n\n\n<div id=\"wp-block-themeisle-blocks-icon-list-5e2d3881\" class=\"wp-block-themeisle-blocks-icon-list\">\n<div id=\"wp-block-themeisle-blocks-icon-list-item-6833f24f\" class=\"wp-block-themeisle-blocks-icon-list-item\"><i class=\"fas fa-ban wp-block-themeisle-blocks-icon-list-item-icon-custom\"><\/i><p class=\"wp-block-themeisle-blocks-icon-list-item-content\">Checklistor och bilagor<\/p><\/div>\n\n\n\n<div id=\"wp-block-themeisle-blocks-icon-list-item-3e87d9a9\" class=\"wp-block-themeisle-blocks-icon-list-item\"><i class=\"fas fa-ban wp-block-themeisle-blocks-icon-list-item-icon-custom\"><\/i><p class=\"wp-block-themeisle-blocks-icon-list-item-content\">Lagerhantering<\/p><\/div>\n\n\n\n<div id=\"wp-block-themeisle-blocks-icon-list-item-368e1153\" class=\"wp-block-themeisle-blocks-icon-list-item ticss-8c4c86d3\"><i class=\"fas fa-ban wp-block-themeisle-blocks-icon-list-item-icon-custom\"><\/i><p class=\"wp-block-themeisle-blocks-icon-list-item-content\">Prislistor fr\u00e5n grossister<\/p><\/div>\n\n\n\n<div id=\"wp-block-themeisle-blocks-icon-list-item-03113754\" class=\"wp-block-themeisle-blocks-icon-list-item ticss-454c40c8\"><i class=\"fas fa-ban wp-block-themeisle-blocks-icon-list-item-icon-custom\"><\/i><p class=\"wp-block-themeisle-blocks-icon-list-item-content\">Hantering av objekt<\/p><\/div>\n\n\n\n<div id=\"wp-block-themeisle-blocks-icon-list-item-9e7511c7\" class=\"wp-block-themeisle-blocks-icon-list-item\"><i class=\"fas fa-ban wp-block-themeisle-blocks-icon-list-item-icon-custom\"><\/i><p class=\"wp-block-themeisle-blocks-icon-list-item-content\">M\u00e5tt p\u00e5 orderrader<\/p><\/div>\n\n\n\n<div id=\"wp-block-themeisle-blocks-icon-list-item-5a6389ea\" class=\"wp-block-themeisle-blocks-icon-list-item ticss-8ec07cf7\"><i class=\"fas fa-check wp-block-themeisle-blocks-icon-list-item-icon-custom\"><\/i><p class=\"wp-block-themeisle-blocks-icon-list-item-content\">Order skapas ute p\u00e5 f\u00e4ltet<\/p><\/div>\n<\/div>\n\n\n\n<div style=\"height:60px\" aria-hidden=\"true\" class=\"wp-block-spacer\"><\/div>\n<\/div>\n\n\n\n<div id=\"wp-block-themeisle-blocks-advanced-column-3cac7cbb\" class=\"wp-block-themeisle-blocks-advanced-column\"><\/div>\n<\/div><\/div>\n\n\n\n<div id=\"wp-block-themeisle-blocks-advanced-columns-facddc45\" class=\"wp-block-themeisle-blocks-advanced-columns alignfull has-2-columns has-desktop-equal-layout has-tablet-equal-layout has-mobile-collapsedRows-layout has-vertical-center ticss-a2946a77 has-light-bg\"><div class=\"wp-block-themeisle-blocks-advanced-columns-overlay\"><\/div><div class=\"innerblocks-wrap\">\n<div id=\"wp-block-themeisle-blocks-advanced-column-edc94179\" class=\"wp-block-themeisle-blocks-advanced-column\">\n<div style=\"height:27px\" aria-hidden=\"true\" class=\"wp-block-spacer\"><\/div>\n\n\n\n<h2 class=\"wp-block-heading has-text-color has-link-color wp-elements-d857a8a44c40c5c91a520e2dbb3ddc13\" style=\"color:#213440;font-size:30px\">Vill du integrera ditt system med Devinco?<\/h2>\n\n\n\n<p class=\"has-text-color has-link-color wp-elements-976125e5ffb6ef498c5de952df1b03b0\" style=\"color:#333132\">P\u00e5 Devinco har vi \u00e5tagit oss att f\u00f6rse v\u00e5ra kunder med digitala l\u00f6sningar som &#8221;pratar med varandra&#8221;. Integration \u00e4r inte bara ett enkelt filutbyte, utan automatisk \u00f6verf\u00f6ring av data mellan system. Vi levererar g\u00e4rna den mobila l\u00f6sningen till ditt system s\u00e5 att slutanv\u00e4ndarna kan bli \u00e4nnu effektivare i hanteringen av bokf\u00f6ring, fakturering, l\u00f6ner, tidsregistrering, semester och fr\u00e5nvaro, HR, HSE, avvikelser, orderhantering och till\u00e4ggsbest\u00e4llningar, dokumentation och kvalitetss\u00e4kring.  <\/p>\n\n\n\n<div class=\"wp-block-buttons is-content-justification-left is-layout-flex wp-container-core-buttons-is-layout-fdcfc74e wp-block-buttons-is-layout-flex\">\n<div class=\"wp-block-button is-style-default\"><a class=\"wp-block-button__link has-neve-text-color-color has-neve-link-hover-color-background-color has-text-color has-background has-link-color wp-element-button\" href=\"https:\/\/www.devinco.com\/sv\/kontakt\/\" target=\"_blank\" rel=\"noreferrer noopener\">Kontakt<\/a><\/div>\n<\/div>\n\n\n\n<div style=\"height:27px\" aria-hidden=\"true\" class=\"wp-block-spacer\"><\/div>\n<\/div>\n\n\n\n<div id=\"wp-block-themeisle-blocks-advanced-column-5c3fed7c\" class=\"wp-block-themeisle-blocks-advanced-column\"><div class=\"wp-block-image\">\n<figure class=\"aligncenter size-full\"><img loading=\"lazy\" decoding=\"async\" width=\"1100\" height=\"1080\" src=\"https:\/\/www.devinco.com\/wp-content\/uploads\/2023\/12\/hms_hero-1@1x.png\" alt=\"\" class=\"wp-image-5469\" srcset=\"https:\/\/www.devinco.com\/wp-content\/uploads\/2023\/12\/hms_hero-1@1x.png 1100w, https:\/\/www.devinco.com\/wp-content\/uploads\/2023\/12\/hms_hero-1@1x-300x295.png 300w, https:\/\/www.devinco.com\/wp-content\/uploads\/2023\/12\/hms_hero-1@1x-1024x1005.png 1024w, https:\/\/www.devinco.com\/wp-content\/uploads\/2023\/12\/hms_hero-1@1x-768x754.png 768w\" sizes=\"auto, (max-width: 1100px) 100vw, 1100px\" \/><\/figure>\n<\/div><\/div>\n<\/div><\/div>\n","protected":false},"excerpt":{"rendered":"","protected":false},"author":2,"featured_media":0,"parent":8037,"menu_order":0,"comment_status":"closed","ping_status":"closed","template":"","meta":{"content-type":"","neve_meta_sidebar":"default","neve_meta_container":"default","neve_meta_enable_content_width":"on","neve_meta_content_width":100,"neve_meta_title_alignment":"","neve_meta_author_avatar":"","neve_post_elements_order":"","neve_meta_disable_header":"","neve_meta_disable_footer":"","neve_meta_disable_title":"on","_themeisle_gutenberg_block_has_review":false,"footnotes":""},"class_list":["post-8113","page","type-page","status-publish","hentry"],"yoast_head":"<!-- This site is optimized with the Yoast SEO plugin v27.3 - https:\/\/yoast.com\/product\/yoast-seo-wordpress\/ -->\r\n<title>Visma eEkonomi - Devinco AS<\/title>\r\n<meta name=\"robots\" content=\"index, follow, max-snippet:-1, max-image-preview:large, max-video-preview:-1\" \/>\r\n<link rel=\"canonical\" href=\"https:\/\/www.devinco.com\/sv\/integrationer\/visma-eaccounting\/\" \/>\r\n<meta property=\"og:locale\" content=\"sv_SE\" \/>\r\n<meta property=\"og:type\" content=\"article\" \/>\r\n<meta property=\"og:title\" content=\"Visma eEkonomi - Devinco AS\" \/>\r\n<meta property=\"og:url\" content=\"https:\/\/www.devinco.com\/sv\/integrationer\/visma-eaccounting\/\" \/>\r\n<meta property=\"og:site_name\" content=\"Devinco AS\" \/>\r\n<meta property=\"article:publisher\" content=\"https:\/\/www.facebook.com\/devinco.no\/\" \/>\r\n<meta property=\"article:modified_time\" content=\"2025-09-08T12:33:07+00:00\" \/>\r\n<meta property=\"og:image\" content=\"https:\/\/www.devinco.com\/wp-content\/uploads\/2024\/03\/Integration-visual-Visma-eaccounting.png\" \/>\r\n\t<meta property=\"og:image:width\" content=\"631\" \/>\r\n\t<meta property=\"og:image:height\" content=\"500\" \/>\r\n\t<meta property=\"og:image:type\" content=\"image\/png\" \/>\r\n<meta name=\"twitter:card\" content=\"summary_large_image\" \/>\r\n<meta name=\"twitter:label1\" content=\"Ber\u00e4knad l\u00e4stid\" \/>\n\t<meta name=\"twitter:data1\" content=\"2 minuter\" \/>\r\n<script type=\"application\/ld+json\" class=\"yoast-schema-graph\">{\"@context\":\"https:\\\/\\\/schema.org\",\"@graph\":[{\"@type\":\"WebPage\",\"@id\":\"https:\\\/\\\/www.devinco.com\\\/sv\\\/integrationer\\\/visma-eaccounting\\\/\",\"url\":\"https:\\\/\\\/www.devinco.com\\\/sv\\\/integrationer\\\/visma-eaccounting\\\/\",\"name\":\"Visma eEkonomi - Devinco AS\",\"isPartOf\":{\"@id\":\"https:\\\/\\\/www.devinco.com\\\/#website\"},\"primaryImageOfPage\":{\"@id\":\"https:\\\/\\\/www.devinco.com\\\/sv\\\/integrationer\\\/visma-eaccounting\\\/#primaryimage\"},\"image\":{\"@id\":\"https:\\\/\\\/www.devinco.com\\\/sv\\\/integrationer\\\/visma-eaccounting\\\/#primaryimage\"},\"thumbnailUrl\":\"https:\\\/\\\/www.devinco.com\\\/wp-content\\\/uploads\\\/2024\\\/03\\\/Integration-visual-Visma-eaccounting.png\",\"datePublished\":\"2024-05-30T12:47:38+00:00\",\"dateModified\":\"2025-09-08T12:33:07+00:00\",\"breadcrumb\":{\"@id\":\"https:\\\/\\\/www.devinco.com\\\/sv\\\/integrationer\\\/visma-eaccounting\\\/#breadcrumb\"},\"inLanguage\":\"sv-SE\",\"potentialAction\":[{\"@type\":\"ReadAction\",\"target\":[\"https:\\\/\\\/www.devinco.com\\\/sv\\\/integrationer\\\/visma-eaccounting\\\/\"]}]},{\"@type\":\"ImageObject\",\"inLanguage\":\"sv-SE\",\"@id\":\"https:\\\/\\\/www.devinco.com\\\/sv\\\/integrationer\\\/visma-eaccounting\\\/#primaryimage\",\"url\":\"https:\\\/\\\/www.devinco.com\\\/wp-content\\\/uploads\\\/2024\\\/03\\\/Integration-visual-Visma-eaccounting.png\",\"contentUrl\":\"https:\\\/\\\/www.devinco.com\\\/wp-content\\\/uploads\\\/2024\\\/03\\\/Integration-visual-Visma-eaccounting.png\"},{\"@type\":\"BreadcrumbList\",\"@id\":\"https:\\\/\\\/www.devinco.com\\\/sv\\\/integrationer\\\/visma-eaccounting\\\/#breadcrumb\",\"itemListElement\":[{\"@type\":\"ListItem\",\"position\":1,\"name\":\"Home\",\"item\":\"https:\\\/\\\/www.devinco.com\\\/sv\\\/\"},{\"@type\":\"ListItem\",\"position\":2,\"name\":\"Integrationer\",\"item\":\"https:\\\/\\\/www.devinco.com\\\/sv\\\/integrationer\\\/\"},{\"@type\":\"ListItem\",\"position\":3,\"name\":\"Visma eEkonomi\"}]},{\"@type\":\"WebSite\",\"@id\":\"https:\\\/\\\/www.devinco.com\\\/#website\",\"url\":\"https:\\\/\\\/www.devinco.com\\\/\",\"name\":\"Devinco AS\",\"description\":\"Digitale verkt\u00f8y for h\u00e5ndverkbransjen\",\"publisher\":{\"@id\":\"https:\\\/\\\/www.devinco.com\\\/#organization\"},\"potentialAction\":[{\"@type\":\"SearchAction\",\"target\":{\"@type\":\"EntryPoint\",\"urlTemplate\":\"https:\\\/\\\/www.devinco.com\\\/?s={search_term_string}\"},\"query-input\":{\"@type\":\"PropertyValueSpecification\",\"valueRequired\":true,\"valueName\":\"search_term_string\"}}],\"inLanguage\":\"sv-SE\"},{\"@type\":\"Organization\",\"@id\":\"https:\\\/\\\/www.devinco.com\\\/#organization\",\"name\":\"Devinco AS\",\"url\":\"https:\\\/\\\/www.devinco.com\\\/\",\"logo\":{\"@type\":\"ImageObject\",\"inLanguage\":\"sv-SE\",\"@id\":\"https:\\\/\\\/www.devinco.com\\\/#\\\/schema\\\/logo\\\/image\\\/\",\"url\":\"https:\\\/\\\/www.devinco.com\\\/wp-content\\\/uploads\\\/2023\\\/04\\\/Devinco_landscape_lgbg_WEB.png\",\"contentUrl\":\"https:\\\/\\\/www.devinco.com\\\/wp-content\\\/uploads\\\/2023\\\/04\\\/Devinco_landscape_lgbg_WEB.png\",\"width\":781,\"height\":150,\"caption\":\"Devinco AS\"},\"image\":{\"@id\":\"https:\\\/\\\/www.devinco.com\\\/#\\\/schema\\\/logo\\\/image\\\/\"},\"sameAs\":[\"https:\\\/\\\/www.facebook.com\\\/devinco.no\\\/\",\"https:\\\/\\\/no.linkedin.com\\\/company\\\/devinco\"]}]}<\/script>\r\n<!-- \/ Yoast SEO plugin. -->","yoast_head_json":{"title":"Visma eEkonomi - Devinco AS","robots":{"index":"index","follow":"follow","max-snippet":"max-snippet:-1","max-image-preview":"max-image-preview:large","max-video-preview":"max-video-preview:-1"},"canonical":"https:\/\/www.devinco.com\/sv\/integrationer\/visma-eaccounting\/","og_locale":"sv_SE","og_type":"article","og_title":"Visma eEkonomi - Devinco AS","og_url":"https:\/\/www.devinco.com\/sv\/integrationer\/visma-eaccounting\/","og_site_name":"Devinco AS","article_publisher":"https:\/\/www.facebook.com\/devinco.no\/","article_modified_time":"2025-09-08T12:33:07+00:00","og_image":[{"width":631,"height":500,"url":"https:\/\/www.devinco.com\/wp-content\/uploads\/2024\/03\/Integration-visual-Visma-eaccounting.png","type":"image\/png"}],"twitter_card":"summary_large_image","twitter_misc":{"Ber\u00e4knad l\u00e4stid":"2 minuter"},"schema":{"@context":"https:\/\/schema.org","@graph":[{"@type":"WebPage","@id":"https:\/\/www.devinco.com\/sv\/integrationer\/visma-eaccounting\/","url":"https:\/\/www.devinco.com\/sv\/integrationer\/visma-eaccounting\/","name":"Visma eEkonomi - Devinco AS","isPartOf":{"@id":"https:\/\/www.devinco.com\/#website"},"primaryImageOfPage":{"@id":"https:\/\/www.devinco.com\/sv\/integrationer\/visma-eaccounting\/#primaryimage"},"image":{"@id":"https:\/\/www.devinco.com\/sv\/integrationer\/visma-eaccounting\/#primaryimage"},"thumbnailUrl":"https:\/\/www.devinco.com\/wp-content\/uploads\/2024\/03\/Integration-visual-Visma-eaccounting.png","datePublished":"2024-05-30T12:47:38+00:00","dateModified":"2025-09-08T12:33:07+00:00","breadcrumb":{"@id":"https:\/\/www.devinco.com\/sv\/integrationer\/visma-eaccounting\/#breadcrumb"},"inLanguage":"sv-SE","potentialAction":[{"@type":"ReadAction","target":["https:\/\/www.devinco.com\/sv\/integrationer\/visma-eaccounting\/"]}]},{"@type":"ImageObject","inLanguage":"sv-SE","@id":"https:\/\/www.devinco.com\/sv\/integrationer\/visma-eaccounting\/#primaryimage","url":"https:\/\/www.devinco.com\/wp-content\/uploads\/2024\/03\/Integration-visual-Visma-eaccounting.png","contentUrl":"https:\/\/www.devinco.com\/wp-content\/uploads\/2024\/03\/Integration-visual-Visma-eaccounting.png"},{"@type":"BreadcrumbList","@id":"https:\/\/www.devinco.com\/sv\/integrationer\/visma-eaccounting\/#breadcrumb","itemListElement":[{"@type":"ListItem","position":1,"name":"Home","item":"https:\/\/www.devinco.com\/sv\/"},{"@type":"ListItem","position":2,"name":"Integrationer","item":"https:\/\/www.devinco.com\/sv\/integrationer\/"},{"@type":"ListItem","position":3,"name":"Visma eEkonomi"}]},{"@type":"WebSite","@id":"https:\/\/www.devinco.com\/#website","url":"https:\/\/www.devinco.com\/","name":"Devinco AS","description":"Digitale verkt\u00f8y for h\u00e5ndverkbransjen","publisher":{"@id":"https:\/\/www.devinco.com\/#organization"},"potentialAction":[{"@type":"SearchAction","target":{"@type":"EntryPoint","urlTemplate":"https:\/\/www.devinco.com\/?s={search_term_string}"},"query-input":{"@type":"PropertyValueSpecification","valueRequired":true,"valueName":"search_term_string"}}],"inLanguage":"sv-SE"},{"@type":"Organization","@id":"https:\/\/www.devinco.com\/#organization","name":"Devinco AS","url":"https:\/\/www.devinco.com\/","logo":{"@type":"ImageObject","inLanguage":"sv-SE","@id":"https:\/\/www.devinco.com\/#\/schema\/logo\/image\/","url":"https:\/\/www.devinco.com\/wp-content\/uploads\/2023\/04\/Devinco_landscape_lgbg_WEB.png","contentUrl":"https:\/\/www.devinco.com\/wp-content\/uploads\/2023\/04\/Devinco_landscape_lgbg_WEB.png","width":781,"height":150,"caption":"Devinco AS"},"image":{"@id":"https:\/\/www.devinco.com\/#\/schema\/logo\/image\/"},"sameAs":["https:\/\/www.facebook.com\/devinco.no\/","https:\/\/no.linkedin.com\/company\/devinco"]}]}},"_links":{"self":[{"href":"https:\/\/www.devinco.com\/sv\/wp-json\/wp\/v2\/pages\/8113","targetHints":{"allow":["GET"]}}],"collection":[{"href":"https:\/\/www.devinco.com\/sv\/wp-json\/wp\/v2\/pages"}],"about":[{"href":"https:\/\/www.devinco.com\/sv\/wp-json\/wp\/v2\/types\/page"}],"author":[{"embeddable":true,"href":"https:\/\/www.devinco.com\/sv\/wp-json\/wp\/v2\/users\/2"}],"replies":[{"embeddable":true,"href":"https:\/\/www.devinco.com\/sv\/wp-json\/wp\/v2\/comments?post=8113"}],"version-history":[{"count":3,"href":"https:\/\/www.devinco.com\/sv\/wp-json\/wp\/v2\/pages\/8113\/revisions"}],"predecessor-version":[{"id":9041,"href":"https:\/\/www.devinco.com\/sv\/wp-json\/wp\/v2\/pages\/8113\/revisions\/9041"}],"up":[{"embeddable":true,"href":"https:\/\/www.devinco.com\/sv\/wp-json\/wp\/v2\/pages\/8037"}],"wp:attachment":[{"href":"https:\/\/www.devinco.com\/sv\/wp-json\/wp\/v2\/media?parent=8113"}],"curies":[{"name":"wp","href":"https:\/\/api.w.org\/{rel}","templated":true}]}}