{"id":9315,"date":"2025-10-17T14:29:24","date_gmt":"2025-10-17T12:29:24","guid":{"rendered":"https:\/\/www.devinco.com\/?page_id=9315"},"modified":"2026-03-09T12:11:47","modified_gmt":"2026-03-09T10:11:47","slug":"contracting-works","status":"publish","type":"page","link":"https:\/\/www.devinco.com\/sv\/contracting-works\/","title":{"rendered":"Contracting Works"},"content":{"rendered":"\n<div class=\"wp-block-cover alignfull is-light\"><video class=\"wp-block-cover__video-background intrinsic-ignore\" autoplay muted loop playsinline src=\"https:\/\/www.devinco.com\/wp-content\/uploads\/2025\/10\/CW-banner-video_1.mp4\" data-object-fit=\"cover\"><\/video><span aria-hidden=\"true\" class=\"wp-block-cover__background has-background-dim-10 has-background-dim\" style=\"background-color:#FFF\"><\/span><div class=\"wp-block-cover__inner-container is-layout-flow wp-block-cover-is-layout-flow\">\n<p class=\"has-text-align-center has-large-font-size\"><\/p>\n<\/div><\/div>\n\n\n\n<div style=\"height:35px\" aria-hidden=\"true\" class=\"wp-block-spacer\"><\/div>\n\n\n\n<h1 class=\"wp-block-heading has-large-font-size\">Contracting Works projekt- och arbetsorder styrning<\/h1>\n\n\n\n<hr class=\"wp-block-separator has-text-color has-nv-light-bg-color has-alpha-channel-opacity has-nv-light-bg-background-color has-background\"\/>\n\n\n\n<div id=\"wp-block-themeisle-blocks-advanced-columns-d23041fe\" class=\"wp-block-themeisle-blocks-advanced-columns has-2-columns has-desktop-equal-layout has-tablet-equal-layout has-mobile-collapsedRows-layout has-vertical-center\"><div class=\"wp-block-themeisle-blocks-advanced-columns-overlay\"><\/div><div class=\"innerblocks-wrap\">\n<div id=\"wp-block-themeisle-blocks-advanced-column-c7e63ce8\" class=\"wp-block-themeisle-blocks-advanced-column\">\n<figure class=\"wp-block-image size-full ticss-6685149a\"><img loading=\"lazy\" decoding=\"async\" width=\"1080\" height=\"1080\" src=\"https:\/\/www.devinco.com\/wp-content\/uploads\/2025\/10\/cw-pc-screenshot-web.jpg\" alt=\"\" class=\"wp-image-9336\" srcset=\"https:\/\/www.devinco.com\/wp-content\/uploads\/2025\/10\/cw-pc-screenshot-web.jpg 1080w, https:\/\/www.devinco.com\/wp-content\/uploads\/2025\/10\/cw-pc-screenshot-web-300x300.jpg 300w, https:\/\/www.devinco.com\/wp-content\/uploads\/2025\/10\/cw-pc-screenshot-web-1024x1024.jpg 1024w, https:\/\/www.devinco.com\/wp-content\/uploads\/2025\/10\/cw-pc-screenshot-web-150x150.jpg 150w, https:\/\/www.devinco.com\/wp-content\/uploads\/2025\/10\/cw-pc-screenshot-web-768x768.jpg 768w, https:\/\/www.devinco.com\/wp-content\/uploads\/2025\/10\/cw-pc-screenshot-web-75x75.jpg 75w\" sizes=\"auto, (max-width: 1080px) 100vw, 1080px\" \/><\/figure>\n<\/div>\n\n\n\n<div id=\"wp-block-themeisle-blocks-advanced-column-7cb28954\" class=\"wp-block-themeisle-blocks-advanced-column\">\n<h4 class=\"wp-block-heading has-text-color\" style=\"color:#323232;font-size:17px\">OM PRODUKTEN<\/h4>\n\n\n\n<p style=\"font-size:15px\">Ett komplett, molnbaserat projekthanterings- och arbetsorder system &#8211; skr\u00e4ddarsytt f\u00f6r hantverksbranschen. L\u00f6sningen integreras s\u00f6ml\u00f6st med allt som ditt f\u00f6retag beh\u00f6ver: ERP, tidsregistrering, elektronisk k\u00f6rjournal, dokumenthantering, resursplanering, KMA och mycket mer. Och viktigast av allt: systemet \u00e4r byggt f\u00f6r att integreras med alla leverant\u00f6rer av ERP-l\u00f6sningar &#8211; inte bara ett f\u00e5tal.<\/p>\n\n\n\n<p>Contracting Works g\u00f6r projekt- och arbetsorder hanteringen enklare, snabbare och mer l\u00f6nsam.<\/p>\n\n\n\n<div class=\"wp-block-buttons is-layout-flex wp-block-buttons-is-layout-flex\">\n<div class=\"wp-block-button is-style-secondary\"><a class=\"wp-block-button__link has-neve-text-color-color has-neve-link-hover-color-background-color has-text-color has-background wp-element-button\" href=\"https:\/\/www.contracting.works\/kontakt\/\" style=\"border-radius:0px\" target=\"_blank\" rel=\"noreferrer noopener\">Kontakta oss<\/a><\/div>\n<\/div>\n<\/div>\n<\/div><\/div>\n\n\n\n<div id=\"wp-block-themeisle-blocks-tabs-edb275ff\" class=\"wp-block-themeisle-blocks-tabs is-style-boxed\"><div class=\"wp-block-themeisle-blocks-tabs__content\">\n<div data-title=\"Funktioner\" class=\"wp-block-themeisle-blocks-tabs-item\"><div class=\"wp-block-themeisle-blocks-tabs-item__header\" tabindex=\"0\">Funktioner<\/div><div class=\"wp-block-themeisle-blocks-tabs-item__content\">\n<ul style=\"font-size:15px\" class=\"wp-block-list\">\n<li>\u00d6versikt \u00f6ver projekt, arbetsorder, resurser och ekonomi &#8211; allt p\u00e5 ett st\u00e4lle<\/li>\n\n\n\n<li>Integreras s\u00f6ml\u00f6st med allt som ditt f\u00f6retag beh\u00f6ver<\/li>\n\n\n\n<li>Dokumenthantering<\/li>\n\n\n\n<li>Enkel kommunikation<\/li>\n<\/ul>\n<\/div><\/div>\n\n\n\n<div data-title=\"Integrationer\" class=\"wp-block-themeisle-blocks-tabs-item\"><div class=\"wp-block-themeisle-blocks-tabs-item__header\" tabindex=\"0\">Integrationer<\/div><div class=\"wp-block-themeisle-blocks-tabs-item__content\">\n<div class=\"wp-block-columns is-layout-flex wp-container-core-columns-is-layout-9d6595d7 wp-block-columns-is-layout-flex\">\n<div class=\"wp-block-column is-layout-flow wp-block-column-is-layout-flow\">\n<p>Contracting Works \u00e4r byggt med ett modernt API, tydliga integrations gr\u00e4nssnitt och dokumenterat st\u00f6d f\u00f6r s\u00f6ml\u00f6s integration med alla system ditt f\u00f6retag beh\u00f6ver f\u00f6r att g\u00f6ra er vardag enklare, smartare och mer l\u00f6nsam. <\/p>\n\n\n\n<div class=\"wp-block-columns is-layout-flex wp-container-core-columns-is-layout-9d6595d7 wp-block-columns-is-layout-flex\">\n<div class=\"wp-block-column is-layout-flow wp-block-column-is-layout-flow\">\n<ul class=\"wp-block-list\">\n<li>Alla typer av ERP system<\/li>\n\n\n\n<li>KMA-verktyg <\/li>\n\n\n\n<li>Internkontroll<\/li>\n\n\n\n<li>K\u00f6rjournals l\u00f6sningar<\/li>\n\n\n\n<li>Dokumentations l\u00f6sningar<\/li>\n<\/ul>\n<\/div>\n\n\n\n<div class=\"wp-block-column is-layout-flow wp-block-column-is-layout-flow\">\n<ul class=\"wp-block-list\">\n<li>Ekonomisystem<\/li>\n\n\n\n<li>F\u00e4ltl\u00f6sningar<\/li>\n\n\n\n<li>L\u00f6neprogram<\/li>\n\n\n\n<li>Kalkylprogram<\/li>\n<\/ul>\n<\/div>\n<\/div>\n\n\n\n<p><a href=\"https:\/\/www.devinco.com\/sv\/integrationer\/\">Se alla integrationer<\/a><\/p>\n<\/div>\n<\/div>\n<\/div><\/div>\n\n\n\n<div data-title=\"Sk\u00e4rmbilder\" class=\"wp-block-themeisle-blocks-tabs-item\"><div class=\"wp-block-themeisle-blocks-tabs-item__header\" tabindex=\"0\">Sk\u00e4rmbilder<\/div><div class=\"wp-block-themeisle-blocks-tabs-item__content\">\n<div class=\"wp-block-columns is-layout-flex wp-container-core-columns-is-layout-9d6595d7 wp-block-columns-is-layout-flex\">\n<div class=\"wp-block-column is-layout-flow wp-block-column-is-layout-flow\">\n<figure class=\"wp-block-image size-full\"><img loading=\"lazy\" decoding=\"async\" width=\"1011\" height=\"698\" src=\"https:\/\/www.devinco.com\/wp-content\/uploads\/2025\/10\/Product-illustration_square.png\" alt=\"\" class=\"wp-image-9304\" srcset=\"https:\/\/www.devinco.com\/wp-content\/uploads\/2025\/10\/Product-illustration_square.png 1011w, https:\/\/www.devinco.com\/wp-content\/uploads\/2025\/10\/Product-illustration_square-300x207.png 300w, https:\/\/www.devinco.com\/wp-content\/uploads\/2025\/10\/Product-illustration_square-768x530.png 768w\" sizes=\"auto, (max-width: 1011px) 100vw, 1011px\" \/><\/figure>\n<\/div>\n<\/div>\n<\/div><\/div>\n<\/div><\/div>\n\n\n\n<div style=\"height:70px\" aria-hidden=\"true\" class=\"wp-block-spacer\"><\/div>\n\n\n\n<div class=\"wp-block-columns are-vertically-aligned-center is-layout-flex wp-container-core-columns-is-layout-9d6595d7 wp-block-columns-is-layout-flex\">\n<div class=\"wp-block-column is-vertically-aligned-center is-layout-flow wp-block-column-is-layout-flow\">\n<h2 class=\"wp-block-heading\"><strong>Partner f\u00f6r leverans<\/strong><\/h2>\n\n\n\n<p>Contracting Works-systemet \u00e4r helt integrerat med alla moderna ERP-l\u00f6sningar och samlar funktioner som tidsregistrering, dokumentation, resursplanering, k\u00f6rjournal, internkontroll och KMA i en s\u00f6ml\u00f6s anv\u00e4ndarupplevelse.<\/p>\n\n\n\n<h3 class=\"wp-block-heading\"><strong>F\u00f6rm\u00e5ner f\u00f6r partner<\/strong><\/h3>\n\n\n\n<div id=\"wp-block-themeisle-blocks-icon-list-dc707421\" class=\"wp-block-themeisle-blocks-icon-list\">\n<div id=\"wp-block-themeisle-blocks-icon-list-item-11c30a72\" class=\"wp-block-themeisle-blocks-icon-list-item\"><i class=\"fas fa-check wp-block-themeisle-blocks-icon-list-item-icon\"><\/i><p class=\"wp-block-themeisle-blocks-icon-list-item-content\">Snabb uppstart &#8211; h\u00f6gt kundv\u00e4rde fr\u00e5n dag ett<\/p><\/div>\n\n\n\n<div id=\"wp-block-themeisle-blocks-icon-list-item-9501b19f\" class=\"wp-block-themeisle-blocks-icon-list-item\"><i class=\"fas fa-check wp-block-themeisle-blocks-icon-list-item-icon\"><\/i><p class=\"wp-block-themeisle-blocks-icon-list-item-content\">Skalbar l\u00f6sning anpassad till olika branscher och storlekar<\/p><\/div>\n\n\n\n<div id=\"wp-block-themeisle-blocks-icon-list-item-50d57c20\" class=\"wp-block-themeisle-blocks-icon-list-item\"><i class=\"fas fa-check wp-block-themeisle-blocks-icon-list-item-icon\"><\/i><p class=\"wp-block-themeisle-blocks-icon-list-item-content\">N\u00e4ra samarbete och dedikerad partnersupport<\/p><\/div>\n\n\n\n<div id=\"wp-block-themeisle-blocks-icon-list-item-ca11e39f\" class=\"wp-block-themeisle-blocks-icon-list-item\"><i class=\"fas fa-check wp-block-themeisle-blocks-icon-list-item-icon\"><\/i><p class=\"wp-block-themeisle-blocks-icon-list-item-content\">Utvecklad med st\u00f6d fr\u00e5n Devinco, Visma och Uni Micro<\/p><\/div>\n<\/div>\n\n\n\n<p>Vill du bli leverant\u00f6rspartner? Ta reda p\u00e5 mer <a href=\"https:\/\/www.contracting.works\/partnere\/\" target=\"_blank\" rel=\"noreferrer noopener\">h\u00e4r.<\/a> <\/p>\n\n\n\n<div style=\"height:20px\" aria-hidden=\"true\" class=\"wp-block-spacer\"><\/div>\n<\/div>\n\n\n\n<div class=\"wp-block-column is-vertically-aligned-center is-layout-flow wp-block-column-is-layout-flow\"><div class=\"wp-block-image\">\n<figure class=\"aligncenter size-full\"><img loading=\"lazy\" decoding=\"async\" width=\"600\" height=\"720\" src=\"https:\/\/www.devinco.com\/wp-content\/uploads\/2025\/10\/Contracting-Works-bilder-til-nettsiden.jpg\" alt=\"\" class=\"wp-image-9308\" srcset=\"https:\/\/www.devinco.com\/wp-content\/uploads\/2025\/10\/Contracting-Works-bilder-til-nettsiden.jpg 600w, https:\/\/www.devinco.com\/wp-content\/uploads\/2025\/10\/Contracting-Works-bilder-til-nettsiden-250x300.jpg 250w\" sizes=\"auto, (max-width: 600px) 100vw, 600px\" \/><\/figure>\n<\/div><\/div>\n<\/div>\n\n\n\n<hr class=\"wp-block-separator has-text-color has-nv-site-bg-color has-alpha-channel-opacity has-nv-site-bg-background-color has-background\"\/>\n\n\n\n<div id=\"wp-block-themeisle-blocks-advanced-columns-a2946a77\" class=\"wp-block-themeisle-blocks-advanced-columns alignfull has-1-columns has-desktop-twoOne-layout has-tablet-equal-layout has-mobile-collapsedRows-layout has-vertical-center ticss-a2946a77 has-light-bg\"><div class=\"wp-block-themeisle-blocks-advanced-columns-overlay\"><\/div><div class=\"innerblocks-wrap\">\n<div id=\"wp-block-themeisle-blocks-advanced-column-92b2db05\" class=\"wp-block-themeisle-blocks-advanced-column\">\n<h2 class=\"wp-block-heading has-text-align-center has-x-large-font-size\" style=\"text-transform:none\">Vill du veta mer om Contracting Works?<\/h2>\n\n\n\n<p class=\"has-text-align-center has-text-color\" style=\"color:#4d4d4d;font-size:15px\">B\u00f6rja din arbetsdag p\u00e5 ett effektivt s\u00e4tt med v\u00e5rt mobila projekt- och arbetsorder system.<\/p>\n\n\n\n<div class=\"wp-block-buttons is-content-justification-center is-layout-flex wp-container-core-buttons-is-layout-16018d1d wp-block-buttons-is-layout-flex\">\n<div class=\"wp-block-button is-style-secondary\"><a class=\"wp-block-button__link has-neve-text-color-color has-neve-link-hover-color-background-color has-text-color has-background wp-element-button\" href=\"https:\/\/www.contracting.works\/kontakt\/\" style=\"border-radius:0px\" target=\"_blank\" rel=\"noreferrer noopener\">Kontakta oss<\/a><\/div>\n<\/div>\n\n\n\n<div style=\"height:60px\" aria-hidden=\"true\" class=\"wp-block-spacer\"><\/div>\n<\/div>\n<\/div><\/div>\n","protected":false},"excerpt":{"rendered":"<p>Contracting Works projekt- och arbetsorder styrning Partner f\u00f6r leverans Contracting Works-systemet \u00e4r helt integrerat med alla moderna ERP-l\u00f6sningar och samlar funktioner som tidsregistrering, dokumentation, resursplanering, k\u00f6rjournal, internkontroll och KMA i en s\u00f6ml\u00f6s anv\u00e4ndarupplevelse. F\u00f6rm\u00e5ner f\u00f6r partner Vill du bli leverant\u00f6rspartner? Ta reda p\u00e5 mer h\u00e4r.<\/p>\n","protected":false},"author":2,"featured_media":0,"parent":0,"menu_order":0,"comment_status":"closed","ping_status":"closed","template":"","meta":{"content-type":"","neve_meta_sidebar":"default","neve_meta_container":"","neve_meta_enable_content_width":"on","neve_meta_content_width":100,"neve_meta_title_alignment":"","neve_meta_author_avatar":"","neve_post_elements_order":"","neve_meta_disable_header":"","neve_meta_disable_footer":"","neve_meta_disable_title":"on","_themeisle_gutenberg_block_has_review":false,"footnotes":""},"class_list":["post-9315","page","type-page","status-publish","hentry"],"yoast_head":"<!-- This site is optimized with the Yoast SEO plugin v27.4 - https:\/\/yoast.com\/product\/yoast-seo-wordpress\/ -->\r\n<title>Contracting Works %sep%% Mobilt best\u00e4llningssystem med m\u00e5nga integrationer<\/title>\r\n<meta name=\"description\" content=\"SpeedyCraft mobila ordersystem synkroniserar timmar, kostnader, checklistor och material mellan hantverkare och kontor. S\u00f6ml\u00f6s integration med ViaTracks loggbok och KS\/HMS.\" \/>\r\n<meta name=\"robots\" content=\"index, follow, max-snippet:-1, max-image-preview:large, max-video-preview:-1\" \/>\r\n<link rel=\"canonical\" href=\"https:\/\/www.devinco.com\/sv\/contracting-works\/\" \/>\r\n<meta property=\"og:locale\" content=\"sv_SE\" \/>\r\n<meta property=\"og:type\" content=\"article\" \/>\r\n<meta property=\"og:title\" content=\"Contracting Works %sep%% Mobilt best\u00e4llningssystem med m\u00e5nga integrationer\" \/>\r\n<meta property=\"og:description\" content=\"SpeedyCraft mobila ordersystem synkroniserar timmar, kostnader, checklistor och material mellan hantverkare och kontor. S\u00f6ml\u00f6s integration med ViaTracks loggbok och KS\/HMS.\" \/>\r\n<meta property=\"og:url\" content=\"https:\/\/www.devinco.com\/sv\/contracting-works\/\" \/>\r\n<meta property=\"og:site_name\" content=\"Devinco AS\" \/>\r\n<meta property=\"article:publisher\" content=\"https:\/\/www.facebook.com\/devinco.no\/\" \/>\r\n<meta property=\"article:modified_time\" content=\"2026-03-09T10:11:47+00:00\" \/>\r\n<meta property=\"og:image\" content=\"https:\/\/www.devinco.com\/wp-content\/uploads\/2025\/10\/cw-pc-screenshot-web.jpg\" \/>\r\n\t<meta property=\"og:image:width\" content=\"1080\" \/>\r\n\t<meta property=\"og:image:height\" content=\"1080\" \/>\r\n\t<meta property=\"og:image:type\" content=\"image\/jpeg\" \/>\r\n<meta name=\"twitter:card\" content=\"summary_large_image\" \/>\r\n<meta name=\"twitter:label1\" content=\"Ber\u00e4knad l\u00e4stid\" \/>\n\t<meta name=\"twitter:data1\" content=\"2 minuter\" \/>\r\n<script type=\"application\/ld+json\" class=\"yoast-schema-graph\">{\"@context\":\"https:\\\/\\\/schema.org\",\"@graph\":[{\"@type\":\"WebPage\",\"@id\":\"https:\\\/\\\/www.devinco.com\\\/sv\\\/contracting-works\\\/\",\"url\":\"https:\\\/\\\/www.devinco.com\\\/sv\\\/contracting-works\\\/\",\"name\":\"Contracting Works %sep%% Mobilt best\u00e4llningssystem med m\u00e5nga integrationer\",\"isPartOf\":{\"@id\":\"https:\\\/\\\/www.devinco.com\\\/#website\"},\"primaryImageOfPage\":{\"@id\":\"https:\\\/\\\/www.devinco.com\\\/sv\\\/contracting-works\\\/#primaryimage\"},\"image\":{\"@id\":\"https:\\\/\\\/www.devinco.com\\\/sv\\\/contracting-works\\\/#primaryimage\"},\"thumbnailUrl\":\"https:\\\/\\\/www.devinco.com\\\/wp-content\\\/uploads\\\/2025\\\/10\\\/cw-pc-screenshot-web.jpg\",\"datePublished\":\"2025-10-17T12:29:24+00:00\",\"dateModified\":\"2026-03-09T10:11:47+00:00\",\"description\":\"SpeedyCraft mobila ordersystem synkroniserar timmar, kostnader, checklistor och material mellan hantverkare och kontor. S\u00f6ml\u00f6s integration med ViaTracks loggbok och KS\\\/HMS.\",\"breadcrumb\":{\"@id\":\"https:\\\/\\\/www.devinco.com\\\/sv\\\/contracting-works\\\/#breadcrumb\"},\"inLanguage\":\"sv-SE\",\"potentialAction\":[{\"@type\":\"ReadAction\",\"target\":[\"https:\\\/\\\/www.devinco.com\\\/sv\\\/contracting-works\\\/\"]}]},{\"@type\":\"ImageObject\",\"inLanguage\":\"sv-SE\",\"@id\":\"https:\\\/\\\/www.devinco.com\\\/sv\\\/contracting-works\\\/#primaryimage\",\"url\":\"https:\\\/\\\/www.devinco.com\\\/wp-content\\\/uploads\\\/2025\\\/10\\\/cw-pc-screenshot-web.jpg\",\"contentUrl\":\"https:\\\/\\\/www.devinco.com\\\/wp-content\\\/uploads\\\/2025\\\/10\\\/cw-pc-screenshot-web.jpg\"},{\"@type\":\"BreadcrumbList\",\"@id\":\"https:\\\/\\\/www.devinco.com\\\/sv\\\/contracting-works\\\/#breadcrumb\",\"itemListElement\":[{\"@type\":\"ListItem\",\"position\":1,\"name\":\"Home\",\"item\":\"https:\\\/\\\/www.devinco.com\\\/sv\\\/\"},{\"@type\":\"ListItem\",\"position\":2,\"name\":\"Contracting Works\"}]},{\"@type\":\"WebSite\",\"@id\":\"https:\\\/\\\/www.devinco.com\\\/#website\",\"url\":\"https:\\\/\\\/www.devinco.com\\\/\",\"name\":\"Devinco AS\",\"description\":\"Digitale verkt\u00f8y for h\u00e5ndverkbransjen\",\"publisher\":{\"@id\":\"https:\\\/\\\/www.devinco.com\\\/#organization\"},\"potentialAction\":[{\"@type\":\"SearchAction\",\"target\":{\"@type\":\"EntryPoint\",\"urlTemplate\":\"https:\\\/\\\/www.devinco.com\\\/?s={search_term_string}\"},\"query-input\":{\"@type\":\"PropertyValueSpecification\",\"valueRequired\":true,\"valueName\":\"search_term_string\"}}],\"inLanguage\":\"sv-SE\"},{\"@type\":\"Organization\",\"@id\":\"https:\\\/\\\/www.devinco.com\\\/#organization\",\"name\":\"Devinco AS\",\"url\":\"https:\\\/\\\/www.devinco.com\\\/\",\"logo\":{\"@type\":\"ImageObject\",\"inLanguage\":\"sv-SE\",\"@id\":\"https:\\\/\\\/www.devinco.com\\\/#\\\/schema\\\/logo\\\/image\\\/\",\"url\":\"https:\\\/\\\/www.devinco.com\\\/wp-content\\\/uploads\\\/2023\\\/04\\\/Devinco_landscape_lgbg_WEB.png\",\"contentUrl\":\"https:\\\/\\\/www.devinco.com\\\/wp-content\\\/uploads\\\/2023\\\/04\\\/Devinco_landscape_lgbg_WEB.png\",\"width\":781,\"height\":150,\"caption\":\"Devinco AS\"},\"image\":{\"@id\":\"https:\\\/\\\/www.devinco.com\\\/#\\\/schema\\\/logo\\\/image\\\/\"},\"sameAs\":[\"https:\\\/\\\/www.facebook.com\\\/devinco.no\\\/\",\"https:\\\/\\\/no.linkedin.com\\\/company\\\/devinco\"]}]}<\/script>\r\n<!-- \/ Yoast SEO plugin. -->","yoast_head_json":{"title":"Contracting Works %sep%% Mobilt best\u00e4llningssystem med m\u00e5nga integrationer","description":"SpeedyCraft mobila ordersystem synkroniserar timmar, kostnader, checklistor och material mellan hantverkare och kontor. S\u00f6ml\u00f6s integration med ViaTracks loggbok och KS\/HMS.","robots":{"index":"index","follow":"follow","max-snippet":"max-snippet:-1","max-image-preview":"max-image-preview:large","max-video-preview":"max-video-preview:-1"},"canonical":"https:\/\/www.devinco.com\/sv\/contracting-works\/","og_locale":"sv_SE","og_type":"article","og_title":"Contracting Works %sep%% Mobilt best\u00e4llningssystem med m\u00e5nga integrationer","og_description":"SpeedyCraft mobila ordersystem synkroniserar timmar, kostnader, checklistor och material mellan hantverkare och kontor. S\u00f6ml\u00f6s integration med ViaTracks loggbok och KS\/HMS.","og_url":"https:\/\/www.devinco.com\/sv\/contracting-works\/","og_site_name":"Devinco AS","article_publisher":"https:\/\/www.facebook.com\/devinco.no\/","article_modified_time":"2026-03-09T10:11:47+00:00","og_image":[{"width":1080,"height":1080,"url":"https:\/\/www.devinco.com\/wp-content\/uploads\/2025\/10\/cw-pc-screenshot-web.jpg","type":"image\/jpeg"}],"twitter_card":"summary_large_image","twitter_misc":{"Ber\u00e4knad l\u00e4stid":"2 minuter"},"schema":{"@context":"https:\/\/schema.org","@graph":[{"@type":"WebPage","@id":"https:\/\/www.devinco.com\/sv\/contracting-works\/","url":"https:\/\/www.devinco.com\/sv\/contracting-works\/","name":"Contracting Works %sep%% Mobilt best\u00e4llningssystem med m\u00e5nga integrationer","isPartOf":{"@id":"https:\/\/www.devinco.com\/#website"},"primaryImageOfPage":{"@id":"https:\/\/www.devinco.com\/sv\/contracting-works\/#primaryimage"},"image":{"@id":"https:\/\/www.devinco.com\/sv\/contracting-works\/#primaryimage"},"thumbnailUrl":"https:\/\/www.devinco.com\/wp-content\/uploads\/2025\/10\/cw-pc-screenshot-web.jpg","datePublished":"2025-10-17T12:29:24+00:00","dateModified":"2026-03-09T10:11:47+00:00","description":"SpeedyCraft mobila ordersystem synkroniserar timmar, kostnader, checklistor och material mellan hantverkare och kontor. S\u00f6ml\u00f6s integration med ViaTracks loggbok och KS\/HMS.","breadcrumb":{"@id":"https:\/\/www.devinco.com\/sv\/contracting-works\/#breadcrumb"},"inLanguage":"sv-SE","potentialAction":[{"@type":"ReadAction","target":["https:\/\/www.devinco.com\/sv\/contracting-works\/"]}]},{"@type":"ImageObject","inLanguage":"sv-SE","@id":"https:\/\/www.devinco.com\/sv\/contracting-works\/#primaryimage","url":"https:\/\/www.devinco.com\/wp-content\/uploads\/2025\/10\/cw-pc-screenshot-web.jpg","contentUrl":"https:\/\/www.devinco.com\/wp-content\/uploads\/2025\/10\/cw-pc-screenshot-web.jpg"},{"@type":"BreadcrumbList","@id":"https:\/\/www.devinco.com\/sv\/contracting-works\/#breadcrumb","itemListElement":[{"@type":"ListItem","position":1,"name":"Home","item":"https:\/\/www.devinco.com\/sv\/"},{"@type":"ListItem","position":2,"name":"Contracting Works"}]},{"@type":"WebSite","@id":"https:\/\/www.devinco.com\/#website","url":"https:\/\/www.devinco.com\/","name":"Devinco AS","description":"Digitale verkt\u00f8y for h\u00e5ndverkbransjen","publisher":{"@id":"https:\/\/www.devinco.com\/#organization"},"potentialAction":[{"@type":"SearchAction","target":{"@type":"EntryPoint","urlTemplate":"https:\/\/www.devinco.com\/?s={search_term_string}"},"query-input":{"@type":"PropertyValueSpecification","valueRequired":true,"valueName":"search_term_string"}}],"inLanguage":"sv-SE"},{"@type":"Organization","@id":"https:\/\/www.devinco.com\/#organization","name":"Devinco AS","url":"https:\/\/www.devinco.com\/","logo":{"@type":"ImageObject","inLanguage":"sv-SE","@id":"https:\/\/www.devinco.com\/#\/schema\/logo\/image\/","url":"https:\/\/www.devinco.com\/wp-content\/uploads\/2023\/04\/Devinco_landscape_lgbg_WEB.png","contentUrl":"https:\/\/www.devinco.com\/wp-content\/uploads\/2023\/04\/Devinco_landscape_lgbg_WEB.png","width":781,"height":150,"caption":"Devinco AS"},"image":{"@id":"https:\/\/www.devinco.com\/#\/schema\/logo\/image\/"},"sameAs":["https:\/\/www.facebook.com\/devinco.no\/","https:\/\/no.linkedin.com\/company\/devinco"]}]}},"_links":{"self":[{"href":"https:\/\/www.devinco.com\/sv\/wp-json\/wp\/v2\/pages\/9315","targetHints":{"allow":["GET"]}}],"collection":[{"href":"https:\/\/www.devinco.com\/sv\/wp-json\/wp\/v2\/pages"}],"about":[{"href":"https:\/\/www.devinco.com\/sv\/wp-json\/wp\/v2\/types\/page"}],"author":[{"embeddable":true,"href":"https:\/\/www.devinco.com\/sv\/wp-json\/wp\/v2\/users\/2"}],"replies":[{"embeddable":true,"href":"https:\/\/www.devinco.com\/sv\/wp-json\/wp\/v2\/comments?post=9315"}],"version-history":[{"count":6,"href":"https:\/\/www.devinco.com\/sv\/wp-json\/wp\/v2\/pages\/9315\/revisions"}],"predecessor-version":[{"id":9690,"href":"https:\/\/www.devinco.com\/sv\/wp-json\/wp\/v2\/pages\/9315\/revisions\/9690"}],"wp:attachment":[{"href":"https:\/\/www.devinco.com\/sv\/wp-json\/wp\/v2\/media?parent=9315"}],"curies":[{"name":"wp","href":"https:\/\/api.w.org\/{rel}","templated":true}]}}